{"id":93072,"date":"2024-12-15T08:23:43","date_gmt":"2024-12-15T08:23:43","guid":{"rendered":"https:\/\/www.otiumhome.fi\/?p=93072"},"modified":"2025-06-06T15:31:55","modified_gmt":"2025-06-06T15:31:55","slug":"konsolipoyta-valkoinen-100x35x75-cm-karkaistu-lasi","status":"publish","type":"product","link":"https:\/\/www.otiumhome.fi\/index.php\/tuote\/konsolipoyta-valkoinen-100x35x75-cm-karkaistu-lasi\/","title":{"rendered":"Konsolip\u00f6yt\u00e4 valkoinen 100x35x75 cm karkaistu lasi"},"content":{"rendered":"<p>T\u00e4m\u00e4 konsolip\u00f6yt\u00e4 on t\u00e4ydellinen lis\u00e4 tuomaan yksinkertaista, mutta tyylik\u00e4st\u00e4 tuntua asuintilaasi.<\/p>\n<\/p>\n<p>T\u00e4m\u00e4 sivup\u00f6yt\u00e4 on valmistettu karkaistusta lasista ja jauhemaalatusta ter\u00e4ksest\u00e4, tehden siit\u00e4 erityisen tukevan ja vakaan. P\u00e4\u00e4typ\u00f6yt\u00e4 on helppo puhdistaa kostealla liinalla. Lis\u00e4ksi hylly tarjoaa lis\u00e4\u00e4 s\u00e4ilytystilaa t\u00e4rkeiden esineidesi s\u00e4ilytykseen.<\/p>\n<ul>\n<li>V\u00e4ri: valkoinen ja musta<\/li>\n<li>Materiaali: karkaistu lasi, jauhemaalattu ter\u00e4s<\/li>\n<li>Mitat: 100 x 35 x 75 cm (P x L x K)<\/li>\n<li>Lasin paksuus: 5 mm<\/li>\n<li>Marmorikuvio<\/li>\n<li>Asennus vaaditaan: kyll\u00e4<\/li>\n<li><strong>VAROITUS:<\/strong> Kaatumisen est\u00e4miseksi t\u00e4t\u00e4 tuotetta on k\u00e4ytett\u00e4v\u00e4 mukana toimitetun sein\u00e4kiinnityslaitteen kanssa<\/li>\n<li>Legal Documents:\n<p><span>Lis\u00e4tietoja huonekalujesi kaatumisen est\u00e4misest\u00e4 voit l\u00f6yt\u00e4\u00e4 <span style=\"text-decoration: underline\"><strong><a title=\"https:\/\/bit.ly\/3bVwkQp\" href=\"https:\/\/bit.ly\/3bVwkQp\" target=\"_blank\">t\u00e4\u00e4lt\u00e4<\/a><\/strong><\/span><\/span><\/p>\n<\/li>\n<\/ul>\n","protected":false},"excerpt":{"rendered":"<ul>\n<li>V\u00e4ri: valkoinen ja musta<\/li>\n<li>Materiaali: karkaistu lasi, jauhemaalattu ter\u00e4s<\/li>\n<li>Mitat: 100 x 35 x 75 cm (P x L x K)<\/li>\n<li>Lasin paksuus: 5 mm<\/li>\n<li>Marmorikuvio<\/li>\n<li>Asennus vaaditaan: kyll\u00e4<\/li>\n<li><strong>VAROITUS:<\/strong> Kaatumisen est\u00e4miseksi t\u00e4t\u00e4 tuotetta on k\u00e4ytett\u00e4v\u00e4 mukana toimitetun sein\u00e4kiinnityslaitteen kanssa<\/li>\n<li>Legal Documents:\n<p><span>Lis\u00e4tietoja huonekalujesi kaatumisen est\u00e4misest\u00e4 voit l\u00f6yt\u00e4\u00e4 <span style=\"text-decoration: underline\"><strong><a title=\"https:\/\/bit.ly\/3bVwkQp\" href=\"https:\/\/bit.ly\/3bVwkQp\" target=\"_blank\">t\u00e4\u00e4lt\u00e4<\/a><\/strong><\/span><\/span><\/p>\n<\/li>\n<\/ul>\n","protected":false},"featured_media":10000093072,"comment_status":"closed","ping_status":"closed","template":"","meta":[],"product_brand":[],"product_cat":[8534,84,8533],"product_tag":[],"class_list":{"0":"post-93072","1":"product","2":"type-product","3":"status-publish","4":"has-post-thumbnail","6":"product_cat-apupoydat","7":"product_cat-huonekalut","8":"product_cat-sivupoydat","10":"first","11":"instock","12":"taxable","13":"shipping-taxable","14":"purchasable","15":"product-type-simple"},"_links":{"self":[{"href":"https:\/\/www.otiumhome.fi\/index.php\/wp-json\/wp\/v2\/product\/93072","targetHints":{"allow":["GET"]}}],"collection":[{"href":"https:\/\/www.otiumhome.fi\/index.php\/wp-json\/wp\/v2\/product"}],"about":[{"href":"https:\/\/www.otiumhome.fi\/index.php\/wp-json\/wp\/v2\/types\/product"}],"replies":[{"embeddable":true,"href":"https:\/\/www.otiumhome.fi\/index.php\/wp-json\/wp\/v2\/comments?post=93072"}],"wp:featuredmedia":[{"embeddable":true,"href":"https:\/\/www.otiumhome.fi\/index.php\/wp-json\/"}],"wp:attachment":[{"href":"https:\/\/www.otiumhome.fi\/index.php\/wp-json\/wp\/v2\/media?parent=93072"}],"wp:term":[{"taxonomy":"product_brand","embeddable":true,"href":"https:\/\/www.otiumhome.fi\/index.php\/wp-json\/wp\/v2\/product_brand?post=93072"},{"taxonomy":"product_cat","embeddable":true,"href":"https:\/\/www.otiumhome.fi\/index.php\/wp-json\/wp\/v2\/product_cat?post=93072"},{"taxonomy":"product_tag","embeddable":true,"href":"https:\/\/www.otiumhome.fi\/index.php\/wp-json\/wp\/v2\/product_tag?post=93072"}],"curies":[{"name":"wp","href":"https:\/\/api.w.org\/{rel}","templated":true}]}}