{"id":93015,"date":"2024-12-15T08:23:41","date_gmt":"2024-12-15T08:23:41","guid":{"rendered":"https:\/\/www.otiumhome.fi\/?p=93015"},"modified":"2025-06-06T15:33:27","modified_gmt":"2025-06-06T15:33:27","slug":"sarjapoyta-3-kpl-kiintea-kierratetty-puu","status":"publish","type":"product","link":"https:\/\/www.otiumhome.fi\/index.php\/tuote\/sarjapoyta-3-kpl-kiintea-kierratetty-puu\/","title":{"rendered":"Sarjap\u00f6yt\u00e4 3 kpl kiinte\u00e4 kierr\u00e4tetty puu"},"content":{"rendered":"<p>T\u00e4m\u00e4 vintagetyylinen 3-osainen sarjap\u00f6yt\u00e4 on tehty vankasta kierr\u00e4tyspuusta ja se on ajaton lis\u00e4 kotiisi. N\u00e4it\u00e4 puup\u00f6yti\u00e4 voidaan k\u00e4ytt\u00e4\u00e4 kahvip\u00f6ytin\u00e4, sohvap\u00f6ytin\u00e4, olohuoneen p\u00f6ytin\u00e4, sivup\u00f6ytin\u00e4, y\u00f6p\u00f6ytin\u00e4, puhelinp\u00f6ytin\u00e4 jne. Vahvan ter\u00e4srungon ansiosta n\u00e4m\u00e4 p\u00f6yd\u00e4t ovat eritt\u00e4in vakaita ja kest\u00e4vi\u00e4. Koska p\u00f6yd\u00e4t voidaan koota kasaan, ne s\u00e4\u00e4st\u00e4v\u00e4t paljon tilaa s\u00e4ilytett\u00e4ess\u00e4.<\/p>\n<\/p>\n<p>N\u00e4m\u00e4 p\u00f6yd\u00e4t on tehty kierr\u00e4tyspuusta, joten jokainen huonekalu on ainutlaatuinen ja ne eroavat hieman toisistaan. Kierr\u00e4tyspuusta tehdyiss\u00e4 huonekaluissa on useiden eri puiden ominaisuuksia, kuten tiikin, intian ruusupuun, akaasian, mangopuun, intianmerantipuun jne. Kierr\u00e4tyspuu on vahvaa, vankkaa, kest\u00e4v\u00e4\u00e4 ja kaunista. Erilaiset puun kuviot ja vanhat kuluneisuuden merkit antavat jokaiselle huonekalulle oman historian ja ainutlaatuisen ulkon\u00e4\u00f6n.<\/p>\n<\/p>\n<p>T\u00e4m\u00e4 p\u00f6yt\u00e4sarja on t\u00e4ysin k\u00e4sintehty, ja tekij\u00e4n ammattitaito antaa oman lis\u00e4ns\u00e4 mahtavalle retrotyylille. Jokainen ty\u00f6skentelyvaihe on tehty eritt\u00e4in huolella, oli kyseess\u00e4 sitten puulajien yhdistely, kiillotus, maalaus tai vahaus.<\/p>\n<\/p>\n<p>T\u00e4rke\u00e4 huomio: V\u00e4rit saattavat vaihdella kappaleittain, jokainen p\u00f6yt\u00e4 on ainutlaatuinen. Toimitus on satunnainen.<\/p>\n<ul>\n<li>V\u00e4ri: moniv\u00e4rinen<\/li>\n<li>Materiaali: kierr\u00e4tetty puu + ter\u00e4srunko<\/li>\n<li>Suuren p\u00f6yd\u00e4n mitat: 60 x 42 x 48 cm (P x L x K)<\/li>\n<li>Keskikokoisen p\u00f6yd\u00e4n mitat: 50 x 42 x 38 cm (P x L x K)<\/li>\n<li>Pienen p\u00f6yd\u00e4n mitat: 40 x 42 x 28 cm (P x L x K)<\/li>\n<li>T\u00e4ysin k\u00e4sintehty<\/li>\n<li>Hiottu, osittain maalattu ja vahattu<\/li>\n<li>Toimitukseen sis\u00e4ltyy 3 sarjap\u00f6yt\u00e4\u00e4<\/li>\n<\/ul>\n","protected":false},"excerpt":{"rendered":"<ul>\n<li>V\u00e4ri: moniv\u00e4rinen<\/li>\n<li>Materiaali: kierr\u00e4tetty puu + ter\u00e4srunko<\/li>\n<li>Suuren p\u00f6yd\u00e4n mitat: 60 x 42 x 48 cm (P x L x K)<\/li>\n<li>Keskikokoisen p\u00f6yd\u00e4n mitat: 50 x 42 x 38 cm (P x L x K)<\/li>\n<li>Pienen p\u00f6yd\u00e4n mitat: 40 x 42 x 28 cm (P x L x K)<\/li>\n<li>T\u00e4ysin k\u00e4sintehty<\/li>\n<li>Hiottu, osittain maalattu ja vahattu<\/li>\n<li>Toimitukseen sis\u00e4ltyy 3 sarjap\u00f6yt\u00e4\u00e4<\/li>\n<\/ul>\n","protected":false},"featured_media":10000093015,"comment_status":"closed","ping_status":"closed","template":"","meta":[],"product_brand":[],"product_cat":[8534,84,8533],"product_tag":[],"class_list":{"0":"post-93015","1":"product","2":"type-product","3":"status-publish","4":"has-post-thumbnail","6":"product_cat-apupoydat","7":"product_cat-huonekalut","8":"product_cat-sivupoydat","10":"first","11":"instock","12":"taxable","13":"shipping-taxable","14":"purchasable","15":"product-type-simple"},"_links":{"self":[{"href":"https:\/\/www.otiumhome.fi\/index.php\/wp-json\/wp\/v2\/product\/93015","targetHints":{"allow":["GET"]}}],"collection":[{"href":"https:\/\/www.otiumhome.fi\/index.php\/wp-json\/wp\/v2\/product"}],"about":[{"href":"https:\/\/www.otiumhome.fi\/index.php\/wp-json\/wp\/v2\/types\/product"}],"replies":[{"embeddable":true,"href":"https:\/\/www.otiumhome.fi\/index.php\/wp-json\/wp\/v2\/comments?post=93015"}],"wp:featuredmedia":[{"embeddable":true,"href":"https:\/\/www.otiumhome.fi\/index.php\/wp-json\/"}],"wp:attachment":[{"href":"https:\/\/www.otiumhome.fi\/index.php\/wp-json\/wp\/v2\/media?parent=93015"}],"wp:term":[{"taxonomy":"product_brand","embeddable":true,"href":"https:\/\/www.otiumhome.fi\/index.php\/wp-json\/wp\/v2\/product_brand?post=93015"},{"taxonomy":"product_cat","embeddable":true,"href":"https:\/\/www.otiumhome.fi\/index.php\/wp-json\/wp\/v2\/product_cat?post=93015"},{"taxonomy":"product_tag","embeddable":true,"href":"https:\/\/www.otiumhome.fi\/index.php\/wp-json\/wp\/v2\/product_tag?post=93015"}],"curies":[{"name":"wp","href":"https:\/\/api.w.org\/{rel}","templated":true}]}}