{"id":93013,"date":"2024-12-15T08:23:41","date_gmt":"2024-12-15T08:23:41","guid":{"rendered":"https:\/\/www.otiumhome.fi\/?p=93013"},"modified":"2025-06-06T15:31:46","modified_gmt":"2025-06-06T15:31:46","slug":"konsolikaappi-monivarinen-90x35x75-cm-massiivipuu-kierratetty","status":"publish","type":"product","link":"https:\/\/www.otiumhome.fi\/index.php\/tuote\/konsolikaappi-monivarinen-90x35x75-cm-massiivipuu-kierratetty\/","title":{"rendered":"konsolikaappi moniv\u00e4rinen 90x35x75 cm massiivipuu kierr\u00e4tetty"},"content":{"rendered":"<p>T\u00e4m\u00e4 puinen konsolikaappi on t\u00e4ydellinen lis\u00e4 makuhuoneeseen, olohuoneeseen tai toimistoon, luoden kest\u00e4v\u00e4n vaikutelman!<\/p>\n<\/p>\n<ul>\n<li>Vankka ja vakaa materiaali: Kiinte\u00e4 kierr\u00e4tyspuu koostuu uudelleen k\u00e4ytetyist\u00e4 puulajeista, kuten teak-, mango-, m\u00e4nty- ja py\u00f6kkipuusta. N\u00e4m\u00e4 materiaalit kierr\u00e4tet\u00e4\u00e4n vanhoista rakennuksista, kuten tehtaista, vajaista ja veneist\u00e4. Kulumisen merkit ja n\u00e4kyv\u00e4 syyrakenne antavat jokaiselle kappaleelle oman historiansa ja ainutlaatuisen ilmeen.<\/li>\n<li>Runsaasti s\u00e4ilytystilaa: Sivukaapissa on 2 ovea, jotka tarjoavat riitt\u00e4v\u00e4sti s\u00e4ilytystilaa, jotta voit pit\u00e4\u00e4 erilaiset p\u00e4ivitt\u00e4iset tavarat j\u00e4rjestyksess\u00e4 ja helposti ulottuvilla.<\/li>\n<li>Esittelytoiminto: T\u00e4m\u00e4n eteisen kaapin p\u00f6yt\u00e4levy on t\u00e4ydellinen koristeidesi, kuten valokuvakehysten ja ruukkukasvien esille asettamiseen.<\/li>\n<li>K\u00e4yt\u00e4nn\u00f6lliset ovet: Pid\u00e4 t\u00e4rke\u00e4t tavarasi p\u00f6lytt\u00f6min\u00e4 piilottamalla ne ovien taakse.<\/li>\n<li>Metallijalat: T\u00e4m\u00e4n sivup\u00f6yd\u00e4n metallijalat takaavat tukevuuden ja vakauden.<\/li>\n<\/ul>\n<p>Varoitus:<\/p>\n<ul>\n<li>Kaatumisen est\u00e4miseksi t\u00e4t\u00e4 tuotetta on k\u00e4ytett\u00e4v\u00e4 mukana toimitetun sein\u00e4kiinnityslaitteen kanssa.<\/li>\n<\/ul>\n<p>Hyv\u00e4 tiet\u00e4\u00e4:<\/p>\n<ul>\n<li>Jokainen kappale on ainutlaatuisen eroavilla v\u00e4reill\u00e4 ja puunsyill\u00e4. Toimitus on sattumanvarainen, t\u00e4m\u00e4 takaa tuotteesi erityisyyden ja ainutlaatuisuuden.<\/li>\n<\/ul>\n<ul>\n<li>V\u00e4ri: moniv\u00e4rinen <\/li>\n<li>Materiaali: kierr\u00e4tetty puu, rauta<\/li>\n<li>Mitat: 90 x 35 x 75 cm (P x L x K)<\/li>\n<li>Asennus vaaditaan: Kyll\u00e4<\/li>\n<\/ul>\n","protected":false},"excerpt":{"rendered":"<ul>\n<li>V\u00e4ri: moniv\u00e4rinen <\/li>\n<li>Materiaali: kierr\u00e4tetty puu, rauta<\/li>\n<li>Mitat: 90 x 35 x 75 cm (P x L x K)<\/li>\n<li>Asennus vaaditaan: Kyll\u00e4<\/li>\n<\/ul>\n","protected":false},"featured_media":10000093013,"comment_status":"closed","ping_status":"closed","template":"","meta":[],"product_brand":[],"product_cat":[8534,84,8533],"product_tag":[],"class_list":{"0":"post-93013","1":"product","2":"type-product","3":"status-publish","4":"has-post-thumbnail","6":"product_cat-apupoydat","7":"product_cat-huonekalut","8":"product_cat-sivupoydat","10":"first","11":"instock","12":"taxable","13":"shipping-taxable","14":"purchasable","15":"product-type-simple"},"_links":{"self":[{"href":"https:\/\/www.otiumhome.fi\/index.php\/wp-json\/wp\/v2\/product\/93013","targetHints":{"allow":["GET"]}}],"collection":[{"href":"https:\/\/www.otiumhome.fi\/index.php\/wp-json\/wp\/v2\/product"}],"about":[{"href":"https:\/\/www.otiumhome.fi\/index.php\/wp-json\/wp\/v2\/types\/product"}],"replies":[{"embeddable":true,"href":"https:\/\/www.otiumhome.fi\/index.php\/wp-json\/wp\/v2\/comments?post=93013"}],"wp:featuredmedia":[{"embeddable":true,"href":"https:\/\/www.otiumhome.fi\/index.php\/wp-json\/"}],"wp:attachment":[{"href":"https:\/\/www.otiumhome.fi\/index.php\/wp-json\/wp\/v2\/media?parent=93013"}],"wp:term":[{"taxonomy":"product_brand","embeddable":true,"href":"https:\/\/www.otiumhome.fi\/index.php\/wp-json\/wp\/v2\/product_brand?post=93013"},{"taxonomy":"product_cat","embeddable":true,"href":"https:\/\/www.otiumhome.fi\/index.php\/wp-json\/wp\/v2\/product_cat?post=93013"},{"taxonomy":"product_tag","embeddable":true,"href":"https:\/\/www.otiumhome.fi\/index.php\/wp-json\/wp\/v2\/product_tag?post=93013"}],"curies":[{"name":"wp","href":"https:\/\/api.w.org\/{rel}","templated":true}]}}