{"id":92963,"date":"2024-12-15T08:23:38","date_gmt":"2024-12-15T08:23:38","guid":{"rendered":"https:\/\/www.otiumhome.fi\/?p=92963"},"modified":"2025-06-06T15:33:27","modified_gmt":"2025-06-06T15:33:27","slug":"sivupoyta-3-vetolaatikolla-kierratetty-tiikki","status":"publish","type":"product","link":"https:\/\/www.otiumhome.fi\/index.php\/tuote\/sivupoyta-3-vetolaatikolla-kierratetty-tiikki\/","title":{"rendered":"Sivup\u00f6yt\u00e4 3 vetolaatikolla Kierr\u00e4tetty tiikki"},"content":{"rendered":"<p>T\u00e4m\u00e4 kierr\u00e4tetyst\u00e4 tiikist\u00e4 valmistettu sivup\u00f6yt\u00e4 on ajaton lis\u00e4 kotiisi. Sen kiinte\u00e4 puinen p\u00f6yt\u00e4levy tarjoaa runsaasti laskutilaa koriste-esineille, valokuvakehyksille tai kukkaruukuille. Pientavarat kuten avaimet, muistivihot, kyn\u00e4t ja muut pikkutavarat voit sen sijaan s\u00e4ilytt\u00e4\u00e4 kolmessa tilavassa vetolaatikossa. Sit\u00e4 voidaan k\u00e4ytt\u00e4\u00e4 my\u00f6s sivukaappina, senkkin\u00e4 jne.<\/p>\n<\/p>\n<p>T\u00e4m\u00e4 eksoottinen sivup\u00f6yt\u00e4 on valmistettu kierr\u00e4tetyst\u00e4 puusta, mik\u00e4 tarkoittaa, ett\u00e4 jokainen huonekalu on ainutlaatuinen ja toisistaan eroava. Kierr\u00e4tetty puu on kiinte\u00e4\u00e4, vankkaa, kest\u00e4v\u00e4\u00e4 ja kaunista. P\u00f6yt\u00e4 on osittain k\u00e4sintehty, joten k\u00e4sity\u00f6taito korostaa sen ainutlaatuista vintagetyyli\u00e4. Jokainen ty\u00f6vaihe on tehty erityisen huolellisesti, oli se sitten palojen yhdisteleminen, kiillotus tai maalaus.<\/p>\n<\/p>\n<p>T\u00e4m\u00e4 vintagep\u00f6yt\u00e4 on upea lis\u00e4 kotiisi!<\/p>\n<\/p>\n<p>T\u00e4rke\u00e4 huomio: V\u00e4rit saattavat vaihdella kappaleittain, jokainen p\u00f6yt\u00e4 on ainutlaatuinen. Toimitus on satunnainen.<\/p>\n<ul>\n<li>Materiaali: kierr\u00e4tetty tiikki + maalattu rauta<\/li>\n<li>Koko: 87 x 31 x 75 cm (P x L x K)<\/li>\n<li>V\u00e4ri: monis\u00e4vyinen tiikkinen p\u00f6yt\u00e4levy ja mustat jalat<\/li>\n<li>3 vetolaatikkoa<\/li>\n<li>K\u00e4sintehty<\/li>\n<li>Hiottu ja osittain maalattu<\/li>\n<\/ul>\n","protected":false},"excerpt":{"rendered":"<ul>\n<li>Materiaali: kierr\u00e4tetty tiikki + maalattu rauta<\/li>\n<li>Koko: 87 x 31 x 75 cm (P x L x K)<\/li>\n<li>V\u00e4ri: monis\u00e4vyinen tiikkinen p\u00f6yt\u00e4levy ja mustat jalat<\/li>\n<li>3 vetolaatikkoa<\/li>\n<li>K\u00e4sintehty<\/li>\n<li>Hiottu ja osittain maalattu<\/li>\n<\/ul>\n","protected":false},"featured_media":10000092963,"comment_status":"closed","ping_status":"closed","template":"","meta":[],"product_brand":[],"product_cat":[8534,84,8533],"product_tag":[],"class_list":{"0":"post-92963","1":"product","2":"type-product","3":"status-publish","4":"has-post-thumbnail","6":"product_cat-apupoydat","7":"product_cat-huonekalut","8":"product_cat-sivupoydat","10":"first","11":"instock","12":"taxable","13":"shipping-taxable","14":"purchasable","15":"product-type-simple"},"_links":{"self":[{"href":"https:\/\/www.otiumhome.fi\/index.php\/wp-json\/wp\/v2\/product\/92963","targetHints":{"allow":["GET"]}}],"collection":[{"href":"https:\/\/www.otiumhome.fi\/index.php\/wp-json\/wp\/v2\/product"}],"about":[{"href":"https:\/\/www.otiumhome.fi\/index.php\/wp-json\/wp\/v2\/types\/product"}],"replies":[{"embeddable":true,"href":"https:\/\/www.otiumhome.fi\/index.php\/wp-json\/wp\/v2\/comments?post=92963"}],"wp:featuredmedia":[{"embeddable":true,"href":"https:\/\/www.otiumhome.fi\/index.php\/wp-json\/"}],"wp:attachment":[{"href":"https:\/\/www.otiumhome.fi\/index.php\/wp-json\/wp\/v2\/media?parent=92963"}],"wp:term":[{"taxonomy":"product_brand","embeddable":true,"href":"https:\/\/www.otiumhome.fi\/index.php\/wp-json\/wp\/v2\/product_brand?post=92963"},{"taxonomy":"product_cat","embeddable":true,"href":"https:\/\/www.otiumhome.fi\/index.php\/wp-json\/wp\/v2\/product_cat?post=92963"},{"taxonomy":"product_tag","embeddable":true,"href":"https:\/\/www.otiumhome.fi\/index.php\/wp-json\/wp\/v2\/product_tag?post=92963"}],"curies":[{"name":"wp","href":"https:\/\/api.w.org\/{rel}","templated":true}]}}