{"id":92959,"date":"2024-12-15T08:23:38","date_gmt":"2024-12-15T08:23:38","guid":{"rendered":"https:\/\/www.otiumhome.fi\/?p=92959"},"modified":"2025-06-06T15:33:27","modified_gmt":"2025-06-06T15:33:27","slug":"poyta-kierratetty-tiikki-ja-mustat-rautajalat","status":"publish","type":"product","link":"https:\/\/www.otiumhome.fi\/index.php\/tuote\/poyta-kierratetty-tiikki-ja-mustat-rautajalat\/","title":{"rendered":"P\u00f6yt\u00e4 Kierr\u00e4tetty tiikki ja mustat rautajalat"},"content":{"rendered":"<p>T\u00e4m\u00e4 kierr\u00e4tetyst\u00e4 tiikist\u00e4 valmistettu p\u00f6yt\u00e4 on ajaton lis\u00e4 kotiisi. Sen kiinte\u00e4 puinen p\u00f6yt\u00e4levy tarjoaa vakaan ja turvallisen pinnan, jonka p\u00e4\u00e4lle voit asettaa juomia, maljakoita, hedelm\u00e4kulhoja tai koristeita. Sit\u00e4 voidaan k\u00e4ytt\u00e4\u00e4 my\u00f6s sivup\u00f6yt\u00e4n\u00e4.<\/p>\n<\/p>\n<p>T\u00e4m\u00e4 eksoottinen p\u00f6yt\u00e4 on valmistettu kierr\u00e4tetyst\u00e4 puusta, mik\u00e4 tarkoittaa, ett\u00e4 jokainen huonekalu on ainutlaatuinen ja toisistaan eroava. Kierr\u00e4tetty puu on kiinte\u00e4\u00e4, vankkaa, kest\u00e4v\u00e4\u00e4 ja kaunista. P\u00f6yt\u00e4 on osittain k\u00e4sintehty, joten k\u00e4sity\u00f6taito korostaa sen ainutlaatuista vintagetyyli\u00e4. Jokainen ty\u00f6vaihe on tehty erityisen huolellisesti, oli se sitten palojen yhdisteleminen, kiillotus tai maalaus.<\/p>\n<\/p>\n<p>Rentoudu ja nauti perheesi ja yst\u00e4viesi viihdytt\u00e4misest\u00e4 t\u00e4m\u00e4n ainutlaatuisen ja omaper\u00e4isen p\u00f6yd\u00e4n \u00e4\u00e4rell\u00e4!<\/p>\n<\/p>\n<p> T\u00e4rke\u00e4 huomio: V\u00e4rit saattavat vaihdella kappaleittain, jokainen p\u00f6yt\u00e4 on ainutlaatuinen. Toimitus on satunnainen.<\/p>\n<ul>\n<li>Materiaali: kierr\u00e4tetty tiikki + maalattu rauta<\/li>\n<li>Koko: 119 x 58 x 76 cm (P x L x K)<\/li>\n<li>V\u00e4ri: monis\u00e4vyinen tiikkinen p\u00f6yt\u00e4levy ja mustat jalat<\/li>\n<li>K\u00e4sintehty<\/li>\n<li>Hiottu ja osittain maalattu<\/li>\n<\/ul>\n","protected":false},"excerpt":{"rendered":"<ul>\n<li>Materiaali: kierr\u00e4tetty tiikki + maalattu rauta<\/li>\n<li>Koko: 119 x 58 x 76 cm (P x L x K)<\/li>\n<li>V\u00e4ri: monis\u00e4vyinen tiikkinen p\u00f6yt\u00e4levy ja mustat jalat<\/li>\n<li>K\u00e4sintehty<\/li>\n<li>Hiottu ja osittain maalattu<\/li>\n<\/ul>\n","protected":false},"featured_media":10000092959,"comment_status":"closed","ping_status":"closed","template":"","meta":[],"product_brand":[],"product_cat":[8534,84,8533],"product_tag":[],"class_list":{"0":"post-92959","1":"product","2":"type-product","3":"status-publish","4":"has-post-thumbnail","6":"product_cat-apupoydat","7":"product_cat-huonekalut","8":"product_cat-sivupoydat","10":"first","11":"instock","12":"taxable","13":"shipping-taxable","14":"purchasable","15":"product-type-simple"},"_links":{"self":[{"href":"https:\/\/www.otiumhome.fi\/index.php\/wp-json\/wp\/v2\/product\/92959","targetHints":{"allow":["GET"]}}],"collection":[{"href":"https:\/\/www.otiumhome.fi\/index.php\/wp-json\/wp\/v2\/product"}],"about":[{"href":"https:\/\/www.otiumhome.fi\/index.php\/wp-json\/wp\/v2\/types\/product"}],"replies":[{"embeddable":true,"href":"https:\/\/www.otiumhome.fi\/index.php\/wp-json\/wp\/v2\/comments?post=92959"}],"wp:featuredmedia":[{"embeddable":true,"href":"https:\/\/www.otiumhome.fi\/index.php\/wp-json\/"}],"wp:attachment":[{"href":"https:\/\/www.otiumhome.fi\/index.php\/wp-json\/wp\/v2\/media?parent=92959"}],"wp:term":[{"taxonomy":"product_brand","embeddable":true,"href":"https:\/\/www.otiumhome.fi\/index.php\/wp-json\/wp\/v2\/product_brand?post=92959"},{"taxonomy":"product_cat","embeddable":true,"href":"https:\/\/www.otiumhome.fi\/index.php\/wp-json\/wp\/v2\/product_cat?post=92959"},{"taxonomy":"product_tag","embeddable":true,"href":"https:\/\/www.otiumhome.fi\/index.php\/wp-json\/wp\/v2\/product_tag?post=92959"}],"curies":[{"name":"wp","href":"https:\/\/api.w.org\/{rel}","templated":true}]}}