{"id":92944,"date":"2024-12-15T08:23:38","date_gmt":"2024-12-15T08:23:38","guid":{"rendered":"https:\/\/www.otiumhome.fi\/?p=92944"},"modified":"2025-06-06T15:31:51","modified_gmt":"2025-06-06T15:31:51","slug":"2-kerroksinen-sivupoyta-lapinakyva-ja-musta-38cm-karkaistu-lasi","status":"publish","type":"product","link":"https:\/\/www.otiumhome.fi\/index.php\/tuote\/2-kerroksinen-sivupoyta-lapinakyva-ja-musta-38cm-karkaistu-lasi\/","title":{"rendered":"2-kerroksinen sivup\u00f6yt\u00e4 l\u00e4pin\u00e4kyv\u00e4 ja musta 38cm karkaistu lasi"},"content":{"rendered":"<p>T\u00e4m\u00e4 tyylik\u00e4s 2-tasoinen sivup\u00f6yt\u00e4 lis\u00e4\u00e4 modernia ulkon\u00e4k\u00f6\u00e4 ja kohentaa elintilojesi sisustusta.<\/p>\n<\/p>\n<p>Koristep\u00f6yt\u00e4 on valmistettu karkeaksi hiotusta karkaistusta lasista ja ruostumatonta ter\u00e4st\u00e4 olevista putkista, jotka tekev\u00e4t siit\u00e4 vakaan ja kest\u00e4v\u00e4n. Lujalle p\u00f6yt\u00e4levylle voidaan asettaa juotavia ja muita esineit\u00e4. P\u00f6yd\u00e4ss\u00e4 on lis\u00e4tilaa p\u00f6yt\u00e4levyn ja hyllyn v\u00e4liss\u00e4, jossa voit s\u00e4ilytt\u00e4\u00e4 t\u00e4rkeit\u00e4 esineit\u00e4. P\u00f6yt\u00e4\u00e4 voidaan k\u00e4ytt\u00e4\u00e4 p\u00e4\u00e4typ\u00f6yt\u00e4n\u00e4, puhelinp\u00f6yt\u00e4n\u00e4, sohvap\u00f6yt\u00e4n\u00e4, jne.<\/p>\n<ul>\n<li>V\u00e4ri: l\u00e4pin\u00e4kyv\u00e4 ja musta<\/li>\n<li>Materiaali: karkeaksi jauhettu karkaistu lasi, ruostumaton ter\u00e4s<\/li>\n<li>Mitat: 38 x 50 cm (Halkaisija x K)<\/li>\n<li>P\u00f6yt\u00e4levyn paksuus: 4 mm<\/li>\n<li>Py\u00f6re\u00e4 muotoilu<\/li>\n<li>Asennus vaaditaan: kyll\u00e4<\/li>\n<li><strong>VAROITUS:<\/strong> Kaatumisen est\u00e4miseksi on t\u00e4t\u00e4 tuotetta k\u00e4ytett\u00e4v\u00e4 mukana toimitetun sein\u00e4kiinnityslaitteen kanssa.<\/li>\n<li>Legal Documents:\n<p><span>Lis\u00e4tietoja huonekalujesi kaatumisen est\u00e4misest\u00e4 voit l\u00f6yt\u00e4\u00e4 <span style=\"text-decoration: underline\"><strong><a title=\"https:\/\/bit.ly\/3bVwkQp\" href=\"https:\/\/bit.ly\/3bVwkQp\" target=\"_blank\">t\u00e4\u00e4lt\u00e4<\/a><\/strong><\/span><\/span><\/p>\n<\/li>\n<\/ul>\n","protected":false},"excerpt":{"rendered":"<ul>\n<li>V\u00e4ri: l\u00e4pin\u00e4kyv\u00e4 ja musta<\/li>\n<li>Materiaali: karkeaksi jauhettu karkaistu lasi, ruostumaton ter\u00e4s<\/li>\n<li>Mitat: 38 x 50 cm (Halkaisija x K)<\/li>\n<li>P\u00f6yt\u00e4levyn paksuus: 4 mm<\/li>\n<li>Py\u00f6re\u00e4 muotoilu<\/li>\n<li>Asennus vaaditaan: kyll\u00e4<\/li>\n<li><strong>VAROITUS:<\/strong> Kaatumisen est\u00e4miseksi on t\u00e4t\u00e4 tuotetta k\u00e4ytett\u00e4v\u00e4 mukana toimitetun sein\u00e4kiinnityslaitteen kanssa.<\/li>\n<li>Legal Documents:\n<p><span>Lis\u00e4tietoja huonekalujesi kaatumisen est\u00e4misest\u00e4 voit l\u00f6yt\u00e4\u00e4 <span style=\"text-decoration: underline\"><strong><a title=\"https:\/\/bit.ly\/3bVwkQp\" href=\"https:\/\/bit.ly\/3bVwkQp\" target=\"_blank\">t\u00e4\u00e4lt\u00e4<\/a><\/strong><\/span><\/span><\/p>\n<\/li>\n<\/ul>\n","protected":false},"featured_media":10000092944,"comment_status":"closed","ping_status":"closed","template":"","meta":[],"product_brand":[],"product_cat":[8534,84,8533],"product_tag":[],"class_list":{"0":"post-92944","1":"product","2":"type-product","3":"status-publish","4":"has-post-thumbnail","6":"product_cat-apupoydat","7":"product_cat-huonekalut","8":"product_cat-sivupoydat","10":"first","11":"instock","12":"taxable","13":"shipping-taxable","14":"purchasable","15":"product-type-simple"},"_links":{"self":[{"href":"https:\/\/www.otiumhome.fi\/index.php\/wp-json\/wp\/v2\/product\/92944","targetHints":{"allow":["GET"]}}],"collection":[{"href":"https:\/\/www.otiumhome.fi\/index.php\/wp-json\/wp\/v2\/product"}],"about":[{"href":"https:\/\/www.otiumhome.fi\/index.php\/wp-json\/wp\/v2\/types\/product"}],"replies":[{"embeddable":true,"href":"https:\/\/www.otiumhome.fi\/index.php\/wp-json\/wp\/v2\/comments?post=92944"}],"wp:featuredmedia":[{"embeddable":true,"href":"https:\/\/www.otiumhome.fi\/index.php\/wp-json\/"}],"wp:attachment":[{"href":"https:\/\/www.otiumhome.fi\/index.php\/wp-json\/wp\/v2\/media?parent=92944"}],"wp:term":[{"taxonomy":"product_brand","embeddable":true,"href":"https:\/\/www.otiumhome.fi\/index.php\/wp-json\/wp\/v2\/product_brand?post=92944"},{"taxonomy":"product_cat","embeddable":true,"href":"https:\/\/www.otiumhome.fi\/index.php\/wp-json\/wp\/v2\/product_cat?post=92944"},{"taxonomy":"product_tag","embeddable":true,"href":"https:\/\/www.otiumhome.fi\/index.php\/wp-json\/wp\/v2\/product_tag?post=92944"}],"curies":[{"name":"wp","href":"https:\/\/api.w.org\/{rel}","templated":true}]}}