{"id":92943,"date":"2024-12-15T08:23:38","date_gmt":"2024-12-15T08:23:38","guid":{"rendered":"https:\/\/www.otiumhome.fi\/?p=92943"},"modified":"2025-06-06T15:31:55","modified_gmt":"2025-06-06T15:31:55","slug":"tarjotinpoyta-valkoinen","status":"publish","type":"product","link":"https:\/\/www.otiumhome.fi\/index.php\/tuote\/tarjotinpoyta-valkoinen\/","title":{"rendered":"Tarjotinp\u00f6yt\u00e4 Valkoinen"},"content":{"rendered":"<p>T\u00e4t\u00e4 tarjotinp\u00f6yt\u00e4\u00e4 voidaan k\u00e4ytt\u00e4\u00e4 s\u00e4ilytystilana kukkaruukuille tai muille koristeille. Se on upea lis\u00e4 eteiseen, verstaalle, puutarhaan tai terassille.<\/p>\n<\/p>\n<p>T\u00e4m\u00e4 kauniisti muotoiltu tarjotin voidaan irrottaa ja sen jalat voidaan taittaa kasaan s\u00e4ilytyst\u00e4 varten silloin kun p\u00f6yt\u00e4\u00e4 ei k\u00e4ytet\u00e4, jonka ansiosta s\u00e4\u00e4st\u00e4t runsaasti tilaa.<\/p>\n<\/p>\n<p>T\u00e4m\u00e4 tarjotinp\u00f6yt\u00e4 on valmistettu korkealaatuisesta MDF-levyst\u00e4 sek\u00e4 m\u00e4ntypuusta ja viimeistelty valkoisella maalilla ollakseen entist\u00e4 kest\u00e4v\u00e4mpi ja voidakseen tarjota pitk\u00e4n k\u00e4ytt\u00f6i\u00e4n.<\/p>\n<\/p>\n<ul>\n<li>V\u00e4ri: valkoinen<\/li>\n<li>Materiaali: MDF + m\u00e4nty<\/li>\n<li>Tarjottimen koko: 57 x 37 x 11 cm (P x L x K)<\/li>\n<li>P\u00f6yd\u00e4n korkeus: 72,5 cm<\/li>\n<li> <\/li>\n<\/ul>\n","protected":false},"excerpt":{"rendered":"<ul>\n<li>V\u00e4ri: valkoinen<\/li>\n<li>Materiaali: MDF + m\u00e4nty<\/li>\n<li>Tarjottimen koko: 57 x 37 x 11 cm (P x L x K)<\/li>\n<li>P\u00f6yd\u00e4n korkeus: 72,5 cm<\/li>\n<li> <\/li>\n<\/ul>\n","protected":false},"featured_media":10000092943,"comment_status":"closed","ping_status":"closed","template":"","meta":[],"product_brand":[],"product_cat":[8534,84,8533],"product_tag":[],"class_list":{"0":"post-92943","1":"product","2":"type-product","3":"status-publish","4":"has-post-thumbnail","6":"product_cat-apupoydat","7":"product_cat-huonekalut","8":"product_cat-sivupoydat","10":"first","11":"instock","12":"taxable","13":"shipping-taxable","14":"purchasable","15":"product-type-simple"},"_links":{"self":[{"href":"https:\/\/www.otiumhome.fi\/index.php\/wp-json\/wp\/v2\/product\/92943","targetHints":{"allow":["GET"]}}],"collection":[{"href":"https:\/\/www.otiumhome.fi\/index.php\/wp-json\/wp\/v2\/product"}],"about":[{"href":"https:\/\/www.otiumhome.fi\/index.php\/wp-json\/wp\/v2\/types\/product"}],"replies":[{"embeddable":true,"href":"https:\/\/www.otiumhome.fi\/index.php\/wp-json\/wp\/v2\/comments?post=92943"}],"wp:featuredmedia":[{"embeddable":true,"href":"https:\/\/www.otiumhome.fi\/index.php\/wp-json\/"}],"wp:attachment":[{"href":"https:\/\/www.otiumhome.fi\/index.php\/wp-json\/wp\/v2\/media?parent=92943"}],"wp:term":[{"taxonomy":"product_brand","embeddable":true,"href":"https:\/\/www.otiumhome.fi\/index.php\/wp-json\/wp\/v2\/product_brand?post=92943"},{"taxonomy":"product_cat","embeddable":true,"href":"https:\/\/www.otiumhome.fi\/index.php\/wp-json\/wp\/v2\/product_cat?post=92943"},{"taxonomy":"product_tag","embeddable":true,"href":"https:\/\/www.otiumhome.fi\/index.php\/wp-json\/wp\/v2\/product_tag?post=92943"}],"curies":[{"name":"wp","href":"https:\/\/api.w.org\/{rel}","templated":true}]}}