{"id":92920,"date":"2024-12-15T08:23:37","date_gmt":"2024-12-15T08:23:37","guid":{"rendered":"https:\/\/www.otiumhome.fi\/?p=92920"},"modified":"2025-06-06T15:31:50","modified_gmt":"2025-06-06T15:31:50","slug":"sivupoydat-2-kpl-315x245x645-cm-karkea-mangopuu","status":"publish","type":"product","link":"https:\/\/www.otiumhome.fi\/index.php\/tuote\/sivupoydat-2-kpl-315x245x645-cm-karkea-mangopuu\/","title":{"rendered":"Sivup\u00f6yd\u00e4t 2 kpl 31,5&#215;24,5&#215;64,5 cm karkea mangopuu"},"content":{"rendered":"<p>T\u00e4m\u00e4 karkeaa mangopuuta oleva sivup\u00f6yt\u00e4 on samalla tyylik\u00e4s sek\u00e4 k\u00e4yt\u00e4nn\u00f6llinen.<\/p>\n<\/p>\n<p>P\u00e4\u00e4typ\u00f6yt\u00e4 on valmistettu karkeasta mangopuusta. Se on trooppinen lehtipuu, jolla on kyky\u00e4 kantaa painoa ja se kest\u00e4\u00e4 ajan patinaa. Laadukas k\u00e4sity\u00f6taito ja kauniit puun kuviot tekev\u00e4t jokaisesta p\u00f6yd\u00e4st\u00e4 hieman toisista eroavan. P\u00f6yd\u00e4n jauhemaalatut rautajalat tuovat lis\u00e4ns\u00e4 p\u00f6yd\u00e4n tukevuuteen.<\/p>\n<\/p>\n<p>T\u00e4rke\u00e4 huomio: V\u00e4rit ja puunsyyt vaihtelevat kappaleittain, mik\u00e4 tekee jokaisesta huonekalusta ainutlaatuisen. Toimitus on sattumanvarainen, t\u00e4m\u00e4 takaa tuotteesi ainutlaatuisuuden.<\/p>\n<ul>\n<li>Materiaali: karkea mangopuu luonnollisella viimeistelyll\u00e4, jauhemaalattu rauta<\/li>\n<li>Mitat: 31,5 x 24,5 x 64,5 cm (P x L x K)<\/li>\n<li>Asennus vaaditaan: kyll\u00e4<\/li>\n<li><strong>Toimitus sis\u00e4lt\u00e4\u00e4:<\/strong><\/li>\n<li>2 x sivup\u00f6yt\u00e4<\/li>\n<\/ul>\n","protected":false},"excerpt":{"rendered":"<ul>\n<li>Materiaali: karkea mangopuu luonnollisella viimeistelyll\u00e4, jauhemaalattu rauta<\/li>\n<li>Mitat: 31,5 x 24,5 x 64,5 cm (P x L x K)<\/li>\n<li>Asennus vaaditaan: kyll\u00e4<\/li>\n<li><strong>Toimitus sis\u00e4lt\u00e4\u00e4:<\/strong><\/li>\n<li>2 x sivup\u00f6yt\u00e4<\/li>\n<\/ul>\n","protected":false},"featured_media":10000092920,"comment_status":"closed","ping_status":"closed","template":"","meta":[],"product_brand":[],"product_cat":[8534,84,8533],"product_tag":[],"class_list":{"0":"post-92920","1":"product","2":"type-product","3":"status-publish","4":"has-post-thumbnail","6":"product_cat-apupoydat","7":"product_cat-huonekalut","8":"product_cat-sivupoydat","10":"first","11":"outofstock","12":"taxable","13":"shipping-taxable","14":"purchasable","15":"product-type-simple"},"_links":{"self":[{"href":"https:\/\/www.otiumhome.fi\/index.php\/wp-json\/wp\/v2\/product\/92920","targetHints":{"allow":["GET"]}}],"collection":[{"href":"https:\/\/www.otiumhome.fi\/index.php\/wp-json\/wp\/v2\/product"}],"about":[{"href":"https:\/\/www.otiumhome.fi\/index.php\/wp-json\/wp\/v2\/types\/product"}],"replies":[{"embeddable":true,"href":"https:\/\/www.otiumhome.fi\/index.php\/wp-json\/wp\/v2\/comments?post=92920"}],"wp:featuredmedia":[{"embeddable":true,"href":"https:\/\/www.otiumhome.fi\/index.php\/wp-json\/"}],"wp:attachment":[{"href":"https:\/\/www.otiumhome.fi\/index.php\/wp-json\/wp\/v2\/media?parent=92920"}],"wp:term":[{"taxonomy":"product_brand","embeddable":true,"href":"https:\/\/www.otiumhome.fi\/index.php\/wp-json\/wp\/v2\/product_brand?post=92920"},{"taxonomy":"product_cat","embeddable":true,"href":"https:\/\/www.otiumhome.fi\/index.php\/wp-json\/wp\/v2\/product_cat?post=92920"},{"taxonomy":"product_tag","embeddable":true,"href":"https:\/\/www.otiumhome.fi\/index.php\/wp-json\/wp\/v2\/product_tag?post=92920"}],"curies":[{"name":"wp","href":"https:\/\/api.w.org\/{rel}","templated":true}]}}