{"id":92916,"date":"2024-12-15T08:23:36","date_gmt":"2024-12-15T08:23:36","guid":{"rendered":"https:\/\/www.otiumhome.fi\/?p=92916"},"modified":"2025-06-06T15:33:40","modified_gmt":"2025-06-06T15:33:40","slug":"sivupoyta-korkeakiilto-valkoinen-50x46x35-cm-tekninen-puu","status":"publish","type":"product","link":"https:\/\/www.otiumhome.fi\/index.php\/tuote\/sivupoyta-korkeakiilto-valkoinen-50x46x35-cm-tekninen-puu\/","title":{"rendered":"Sivup\u00f6yt\u00e4 korkeakiilto valkoinen 50x46x35 cm tekninen puu"},"content":{"rendered":"<p>Anna olohuoneellesi ainutlaatuinen teollistyylinen muodonmuutos t\u00e4ll\u00e4 tyylikk\u00e4\u00e4ll\u00e4 sivup\u00f6yd\u00e4ll\u00e4!<\/p>\n<\/p>\n<ul>\n<li>Tukeva materiaali: Tekninen puu on poikkeuksellisen laadukasta ja sile\u00e4pintaista. Se on my\u00f6s luja, vakaa ja kosteudelle vastustuskykyinen.<\/li>\n<li>Runsaasti s\u00e4ilytystilaa: Sohvap\u00f6yd\u00e4ss\u00e4 on yksi tilava laatikko, mik\u00e4 mahdollistaa runsaan ja j\u00e4rjestelm\u00e4llisen s\u00e4ilytystilan jokap\u00e4iv\u00e4isille tarvikkeillesi.<\/li>\n<li>K\u00e4yt\u00e4nn\u00f6llinen p\u00f6yt\u00e4levy: P\u00f6yt\u00e4levy tarjoaa turvallisen pinnan v\u00e4lipalojen, juomien, maljakoiden, hedelm\u00e4kulhojen tai muiden koristeiden sijoittamiseen.<\/li>\n<li>Metallijalat: Metallijalat lis\u00e4\u00e4v\u00e4t rauhallista tyyli\u00e4 sisustukseesi ja takaavat samalla vakauden.<\/li>\n<\/ul>\n<p>Huomioi:<\/p>\n<ul>\n<li>Jokaisen tuotteen mukana on laatikossa kokoonpano-ohje helppoa asennusta varten.<\/li>\n<\/ul>\n<ul>\n<li>V\u00e4ri: korkeakiilto valkoinen<\/li>\n<li>Materiaali: tekninen puu, metalli<\/li>\n<li>Mitat: 50 x 46 x 35 cm (P x L x K)<\/li>\n<\/ul>\n","protected":false},"excerpt":{"rendered":"<ul>\n<li>V\u00e4ri: korkeakiilto valkoinen<\/li>\n<li>Materiaali: tekninen puu, metalli<\/li>\n<li>Mitat: 50 x 46 x 35 cm (P x L x K)<\/li>\n<\/ul>\n","protected":false},"featured_media":10000092916,"comment_status":"closed","ping_status":"closed","template":"","meta":[],"product_brand":[],"product_cat":[8534,84,8533],"product_tag":[],"class_list":{"0":"post-92916","1":"product","2":"type-product","3":"status-publish","4":"has-post-thumbnail","6":"product_cat-apupoydat","7":"product_cat-huonekalut","8":"product_cat-sivupoydat","10":"first","11":"instock","12":"taxable","13":"shipping-taxable","14":"purchasable","15":"product-type-simple"},"_links":{"self":[{"href":"https:\/\/www.otiumhome.fi\/index.php\/wp-json\/wp\/v2\/product\/92916","targetHints":{"allow":["GET"]}}],"collection":[{"href":"https:\/\/www.otiumhome.fi\/index.php\/wp-json\/wp\/v2\/product"}],"about":[{"href":"https:\/\/www.otiumhome.fi\/index.php\/wp-json\/wp\/v2\/types\/product"}],"replies":[{"embeddable":true,"href":"https:\/\/www.otiumhome.fi\/index.php\/wp-json\/wp\/v2\/comments?post=92916"}],"wp:featuredmedia":[{"embeddable":true,"href":"https:\/\/www.otiumhome.fi\/index.php\/wp-json\/"}],"wp:attachment":[{"href":"https:\/\/www.otiumhome.fi\/index.php\/wp-json\/wp\/v2\/media?parent=92916"}],"wp:term":[{"taxonomy":"product_brand","embeddable":true,"href":"https:\/\/www.otiumhome.fi\/index.php\/wp-json\/wp\/v2\/product_brand?post=92916"},{"taxonomy":"product_cat","embeddable":true,"href":"https:\/\/www.otiumhome.fi\/index.php\/wp-json\/wp\/v2\/product_cat?post=92916"},{"taxonomy":"product_tag","embeddable":true,"href":"https:\/\/www.otiumhome.fi\/index.php\/wp-json\/wp\/v2\/product_tag?post=92916"}],"curies":[{"name":"wp","href":"https:\/\/api.w.org\/{rel}","templated":true}]}}