{"id":92912,"date":"2024-12-15T08:23:36","date_gmt":"2024-12-15T08:23:36","guid":{"rendered":"https:\/\/www.otiumhome.fi\/?p=92912"},"modified":"2024-12-17T16:35:44","modified_gmt":"2024-12-17T16:35:44","slug":"konsolipoyta-floro-harmaa-895x365x73-cm-taysi-manty","status":"publish","type":"product","link":"https:\/\/www.otiumhome.fi\/index.php\/tuote\/konsolipoyta-floro-harmaa-895x365x73-cm-taysi-manty\/","title":{"rendered":"Konsolip\u00f6yt\u00e4 FLORO harmaa 89,5&#215;36,5&#215;73 cm t\u00e4ysi m\u00e4nty"},"content":{"rendered":"<p>T\u00e4m\u00e4 klassinen konsolip\u00f6yt\u00e4 on tarkoitettu k\u00e4yt\u00e4nn\u00f6lliseksi ja koristeelliseksi lis\u00e4ksi kotisi sisustukseen.<\/p>\n<\/p>\n<ul>\n<li>T\u00e4ysi m\u00e4nty: T\u00e4ysi m\u00e4nty on kaunis luonnonmateriaali. M\u00e4nnyll\u00e4 on suorat puunsyyt ja sen oksanpaikat antavat materiaalille sen ominaisen rustiikkisen ilmeen. T\u00e4ydest\u00e4 m\u00e4nnyst\u00e4 valmistettu p\u00f6yt\u00e4 on tukeva ja vakaa.<\/li>\n<li>Runsaasti s\u00e4ilytystilaa: T\u00e4ss\u00e4 k\u00e4yt\u00e4nn\u00f6llisess\u00e4 eteisp\u00f6yd\u00e4ss\u00e4 on kaksi laatikkoa, jotka tarjoavat runsaasti tilaa kirjojen, s\u00e4ilytyslaatikoiden, koristeiden ja vastaavien s\u00e4ilytt\u00e4miseen.<\/li>\n<li>Esittelymahdollisuus: Voit asettaa sivup\u00f6yd\u00e4lle my\u00f6s suosikkikuvasi, koristeesi tai kukkasi tuomaan kauneutta ymp\u00e4rist\u00f6\u00f6si.<\/li>\n<li>Puiset jalat: Puiset jalat antavat t\u00e4lle tuotteelle luonnollisen ja miellytt\u00e4v\u00e4n ulkon\u00e4\u00f6n ja takaavat samalla sen vakauden. Se sulautuu helposti mihin tahansa sisustukseen.<\/li>\n<\/ul>\n<p>Varoitus:<\/p>\n<ul>\n<li>Kaatumisen est\u00e4miseksi t\u00e4t\u00e4 tuotetta on k\u00e4ytett\u00e4v\u00e4 sein\u00e4kiinnityslaitteen kanssa (ei sis\u00e4lly toimitukseen).<\/li>\n<\/ul>\n<ul>\n<li>V\u00e4ri: Harmaa<\/li>\n<li>Materiaali: T\u00e4ysi m\u00e4nty, tekninen puu<\/li>\n<li>Mitat: 89,5 x 36,5 x 73 cm (L x S x K)<\/li>\n<li>Laatikon mitat: 39 x 16,5 cm (L x K)<\/li>\n<li>Mallisto: FLORO<\/li>\n<li>Asennus vaaditaan: Kyll\u00e4<\/li>\n<li class=\"legalDocument\">Legal Documents:\n<p><span>Lis\u00e4tietoja huonekalujesi kaatumisen est\u00e4misest\u00e4 voit l\u00f6yt\u00e4\u00e4 <span style=\"text-decoration: underline\"><strong><a title=\"https:\/\/bit.ly\/3bVwkQp\" href=\"https:\/\/bit.ly\/3bVwkQp\" target=\"_blank\">t\u00e4\u00e4lt\u00e4<\/a><\/strong><\/span><\/span><\/p>\n<\/li>\n<\/ul>\n","protected":false},"excerpt":{"rendered":"<ul>\n<li>V\u00e4ri: Harmaa<\/li>\n<li>Materiaali: T\u00e4ysi m\u00e4nty, tekninen puu<\/li>\n<li>Mitat: 89,5 x 36,5 x 73 cm (L x S x K)<\/li>\n<li>Laatikon mitat: 39 x 16,5 cm (L x K)<\/li>\n<li>Mallisto: FLORO<\/li>\n<li>Asennus vaaditaan: Kyll\u00e4<\/li>\n<li>Legal Documents:\n<p><span>Lis\u00e4tietoja huonekalujesi kaatumisen est\u00e4misest\u00e4 voit l\u00f6yt\u00e4\u00e4 <span style=\"text-decoration: underline\"><strong><a title=\"https:\/\/bit.ly\/3bVwkQp\" href=\"https:\/\/bit.ly\/3bVwkQp\" target=\"_blank\">t\u00e4\u00e4lt\u00e4<\/a><\/strong><\/span><\/span><\/p>\n<\/li>\n<\/ul>\n","protected":false},"featured_media":10000092912,"comment_status":"closed","ping_status":"closed","template":"","meta":[],"product_brand":[],"product_cat":[8534,84,8533],"product_tag":[],"class_list":{"0":"post-92912","1":"product","2":"type-product","3":"status-publish","4":"has-post-thumbnail","6":"product_cat-apupoydat","7":"product_cat-huonekalut","8":"product_cat-sivupoydat","10":"first","11":"outofstock","12":"taxable","13":"shipping-taxable","14":"purchasable","15":"product-type-simple"},"_links":{"self":[{"href":"https:\/\/www.otiumhome.fi\/index.php\/wp-json\/wp\/v2\/product\/92912","targetHints":{"allow":["GET"]}}],"collection":[{"href":"https:\/\/www.otiumhome.fi\/index.php\/wp-json\/wp\/v2\/product"}],"about":[{"href":"https:\/\/www.otiumhome.fi\/index.php\/wp-json\/wp\/v2\/types\/product"}],"replies":[{"embeddable":true,"href":"https:\/\/www.otiumhome.fi\/index.php\/wp-json\/wp\/v2\/comments?post=92912"}],"wp:featuredmedia":[{"embeddable":true,"href":"https:\/\/www.otiumhome.fi\/index.php\/wp-json\/"}],"wp:attachment":[{"href":"https:\/\/www.otiumhome.fi\/index.php\/wp-json\/wp\/v2\/media?parent=92912"}],"wp:term":[{"taxonomy":"product_brand","embeddable":true,"href":"https:\/\/www.otiumhome.fi\/index.php\/wp-json\/wp\/v2\/product_brand?post=92912"},{"taxonomy":"product_cat","embeddable":true,"href":"https:\/\/www.otiumhome.fi\/index.php\/wp-json\/wp\/v2\/product_cat?post=92912"},{"taxonomy":"product_tag","embeddable":true,"href":"https:\/\/www.otiumhome.fi\/index.php\/wp-json\/wp\/v2\/product_tag?post=92912"}],"curies":[{"name":"wp","href":"https:\/\/api.w.org\/{rel}","templated":true}]}}