{"id":92888,"date":"2024-12-15T08:23:35","date_gmt":"2024-12-15T08:23:35","guid":{"rendered":"https:\/\/www.otiumhome.fi\/?p=92888"},"modified":"2025-06-06T15:33:39","modified_gmt":"2025-06-06T15:33:39","slug":"sarjapoydat-3-kpl-taysi-mangopuu-ja-rauta","status":"publish","type":"product","link":"https:\/\/www.otiumhome.fi\/index.php\/tuote\/sarjapoydat-3-kpl-taysi-mangopuu-ja-rauta\/","title":{"rendered":"Sarjap\u00f6yd\u00e4t 3 kpl t\u00e4ysi mangopuu ja rauta"},"content":{"rendered":"<p>N\u00e4m\u00e4 kolme sarjap\u00f6yt\u00e4\u00e4 ovat t\u00e4ydellinen vaihtoehto pieniin asuntoihin tai mihin tahansa paikkaan, jossa tilaa on rajoitetusti.<\/p>\n<\/p>\n<ul>\n<li> Kest\u00e4v\u00e4 materiaali: T\u00e4ysi mangopuu on luja trooppinen lehtipuu, josta valmistetaan tukevia kalusteita. Kauniit puunsyyt tekev\u00e4t jokaisesta kalusteesta hieman erilaisen kuin seuraavasta. <\/li>\n<li>P\u00e4\u00e4llekk\u00e4inen muotoilu: Sarjap\u00f6yd\u00e4t ovat eri kokoisia, jotta ne t\u00e4ytt\u00e4v\u00e4t erilaiset tarpeesi. Pienempi p\u00f6yt\u00e4 liukuu suuremman p\u00f6yd\u00e4n alle, jos tarvitset lis\u00e4\u00e4 tilaa. Voit j\u00e4rjest\u00e4\u00e4 ne my\u00f6s erikseen maksimaalisen p\u00f6yt\u00e4tilan saamiseksi. <\/li>\n<li>Monipuolinen toimivuus: Sarjasivup\u00f6yd\u00e4t ovat monipuoliset! Mit\u00e4 tahansa niist\u00e4 voidaan k\u00e4ytt\u00e4\u00e4 makuuhuoneessa y\u00f6p\u00f6yt\u00e4n\u00e4 ja olohuoneessa ja toimistossa sivu- tai sohvap\u00f6yt\u00e4n\u00e4. <\/li>\n<li>Tukeva p\u00f6yt\u00e4levy: Sarjap\u00f6ytien tukeva p\u00f6yt\u00e4levy on ihanteellinen paikka asettaa juomasi tai muut k\u00e4den ulottuvilla tarvittavat tarvikkeet. <\/li>\n<\/ul>\n<p>Hyv\u00e4 tiet\u00e4\u00e4:<\/p>\n<ul>\n<li>Jokainen kappale on ainutlaatuisen eroavilla v\u00e4reill\u00e4 ja puunsyill\u00e4. Toimitus on sattumanvarainen, t\u00e4m\u00e4 takaa tuotteesi erityisyyden ja ainutlaatuisuuden.<\/li>\n<\/ul>\n<ul>\n<li>Materiaali: T\u00e4ysi mangopuu luonnollisella viimeistelyll\u00e4, musta jauhemaalattu rauta <\/li>\n<li>Suuren p\u00f6yd\u00e4n mitat: 45 x 45 x 50 cm (P x L x K)<\/li>\n<li>Keskikokoisen p\u00f6yd\u00e4n mitat: 38 x 38 x 45 cm (P x L x K)<\/li>\n<li>Pienen p\u00f6yd\u00e4n mitat: 31 x 31 x 40 cm (P x L x K) <\/li>\n<li>Asennus vaaditaan: Kyll\u00e4<\/li>\n<li><strong>Toimitus sis\u00e4lt\u00e4\u00e4:<\/strong><\/li>\n<li>1 x suuri p\u00f6yt\u00e4 <\/li>\n<li>1 x keskisuuri p\u00f6yt\u00e4 <\/li>\n<li>1 x pieni p\u00f6yt\u00e4<\/li>\n<\/ul>\n","protected":false},"excerpt":{"rendered":"<ul>\n<li>Materiaali: T\u00e4ysi mangopuu luonnollisella viimeistelyll\u00e4, musta jauhemaalattu rauta <\/li>\n<li>Suuren p\u00f6yd\u00e4n mitat: 45 x 45 x 50 cm (P x L x K)<\/li>\n<li>Keskikokoisen p\u00f6yd\u00e4n mitat: 38 x 38 x 45 cm (P x L x K)<\/li>\n<li>Pienen p\u00f6yd\u00e4n mitat: 31 x 31 x 40 cm (P x L x K) <\/li>\n<li>Asennus vaaditaan: Kyll\u00e4<\/li>\n<li><strong>Toimitus sis\u00e4lt\u00e4\u00e4:<\/strong><\/li>\n<li>1 x suuri p\u00f6yt\u00e4 <\/li>\n<li>1 x keskisuuri p\u00f6yt\u00e4 <\/li>\n<li>1 x pieni p\u00f6yt\u00e4<\/li>\n<\/ul>\n","protected":false},"featured_media":10000092888,"comment_status":"closed","ping_status":"closed","template":"","meta":[],"product_brand":[],"product_cat":[8534,84,8533],"product_tag":[],"class_list":{"0":"post-92888","1":"product","2":"type-product","3":"status-publish","4":"has-post-thumbnail","6":"product_cat-apupoydat","7":"product_cat-huonekalut","8":"product_cat-sivupoydat","10":"first","11":"instock","12":"taxable","13":"shipping-taxable","14":"purchasable","15":"product-type-simple"},"_links":{"self":[{"href":"https:\/\/www.otiumhome.fi\/index.php\/wp-json\/wp\/v2\/product\/92888","targetHints":{"allow":["GET"]}}],"collection":[{"href":"https:\/\/www.otiumhome.fi\/index.php\/wp-json\/wp\/v2\/product"}],"about":[{"href":"https:\/\/www.otiumhome.fi\/index.php\/wp-json\/wp\/v2\/types\/product"}],"replies":[{"embeddable":true,"href":"https:\/\/www.otiumhome.fi\/index.php\/wp-json\/wp\/v2\/comments?post=92888"}],"wp:featuredmedia":[{"embeddable":true,"href":"https:\/\/www.otiumhome.fi\/index.php\/wp-json\/"}],"wp:attachment":[{"href":"https:\/\/www.otiumhome.fi\/index.php\/wp-json\/wp\/v2\/media?parent=92888"}],"wp:term":[{"taxonomy":"product_brand","embeddable":true,"href":"https:\/\/www.otiumhome.fi\/index.php\/wp-json\/wp\/v2\/product_brand?post=92888"},{"taxonomy":"product_cat","embeddable":true,"href":"https:\/\/www.otiumhome.fi\/index.php\/wp-json\/wp\/v2\/product_cat?post=92888"},{"taxonomy":"product_tag","embeddable":true,"href":"https:\/\/www.otiumhome.fi\/index.php\/wp-json\/wp\/v2\/product_tag?post=92888"}],"curies":[{"name":"wp","href":"https:\/\/api.w.org\/{rel}","templated":true}]}}