{"id":92887,"date":"2024-12-15T08:23:35","date_gmt":"2024-12-15T08:23:35","guid":{"rendered":"https:\/\/www.otiumhome.fi\/?p=92887"},"modified":"2025-06-06T15:31:48","modified_gmt":"2025-06-06T15:31:48","slug":"paatypoyta-40x40x52-cm-taysi-akaasiapuu","status":"publish","type":"product","link":"https:\/\/www.otiumhome.fi\/index.php\/tuote\/paatypoyta-40x40x52-cm-taysi-akaasiapuu\/","title":{"rendered":"P\u00e4\u00e4typ\u00f6yt\u00e4 40x40x52 cm t\u00e4ysi akaasiapuu"},"content":{"rendered":"<p>T\u00e4m\u00e4 antiikkityylinen puinen p\u00e4\u00e4typ\u00f6yt\u00e4 on ainutlaatuinen lis\u00e4 huoneeseesi.<\/p>\n<\/p>\n<p>T\u00e4ydest\u00e4 akaasiapuuta valmistettu p\u00f6yt\u00e4levy ja rautakehys tekev\u00e4t siit\u00e4 vakaan ja turvallisen paikan juomille, hedelm\u00e4koreille, koriste-esineille, jne. Vintagetyylist\u00e4 p\u00e4\u00e4typ\u00f6yt\u00e4\u00e4 voidaan k\u00e4ytt\u00e4\u00e4 my\u00f6s sivup\u00f6yt\u00e4n\u00e4, sohvap\u00f6yt\u00e4n\u00e4, olohuoneen p\u00f6yt\u00e4n\u00e4, kahvip\u00f6yt\u00e4n\u00e4 tai jopa jakkarana. P\u00f6yt\u00e4 on valmistettu t\u00e4ydest\u00e4 akaasiapuusta, tihe\u00e4syisest\u00e4 trooppisesta lehtipuusta. T\u00e4m\u00e4 kauniisti suunniteltu sivup\u00f6yt\u00e4 on vakaa, kest\u00e4v\u00e4 ja huomiota her\u00e4tt\u00e4v\u00e4. Erinomainen k\u00e4sity\u00f6taito ja kauniit puukuviot tekev\u00e4t jokaisesta huonekalusta hieman erilaisen kuin muista.<\/p>\n<\/p>\n<p>T\u00e4rke\u00e4 huomio: V\u00e4rit ja puunsyyt vaihtelevat kappaleittain, mik\u00e4 tekee jokaisesta huonekalusta ainutlaatuisen. Toimitus on sattumanvarainen, t\u00e4m\u00e4 takaa tuotteesi ainutlaatuisuuden.<\/p>\n<ul>\n<li>Materiaali: t\u00e4ysi akaasiapuu luonnollisella viimeistelyll\u00e4, jauhemaalattu rauta<\/li>\n<li>Mitat: 40 x 40 x 52 cm (L x S x K)<\/li>\n<li>Kokoonpano vaaditaan: Ei<\/li>\n<\/ul>\n","protected":false},"excerpt":{"rendered":"<ul>\n<li>Materiaali: t\u00e4ysi akaasiapuu luonnollisella viimeistelyll\u00e4, jauhemaalattu rauta<\/li>\n<li>Mitat: 40 x 40 x 52 cm (L x S x K)<\/li>\n<li>Kokoonpano vaaditaan: Ei<\/li>\n<\/ul>\n","protected":false},"featured_media":10000092887,"comment_status":"closed","ping_status":"closed","template":"","meta":[],"product_brand":[],"product_cat":[8534,84,8533],"product_tag":[],"class_list":{"0":"post-92887","1":"product","2":"type-product","3":"status-publish","4":"has-post-thumbnail","6":"product_cat-apupoydat","7":"product_cat-huonekalut","8":"product_cat-sivupoydat","10":"first","11":"instock","12":"taxable","13":"shipping-taxable","14":"purchasable","15":"product-type-simple"},"_links":{"self":[{"href":"https:\/\/www.otiumhome.fi\/index.php\/wp-json\/wp\/v2\/product\/92887","targetHints":{"allow":["GET"]}}],"collection":[{"href":"https:\/\/www.otiumhome.fi\/index.php\/wp-json\/wp\/v2\/product"}],"about":[{"href":"https:\/\/www.otiumhome.fi\/index.php\/wp-json\/wp\/v2\/types\/product"}],"replies":[{"embeddable":true,"href":"https:\/\/www.otiumhome.fi\/index.php\/wp-json\/wp\/v2\/comments?post=92887"}],"wp:featuredmedia":[{"embeddable":true,"href":"https:\/\/www.otiumhome.fi\/index.php\/wp-json\/"}],"wp:attachment":[{"href":"https:\/\/www.otiumhome.fi\/index.php\/wp-json\/wp\/v2\/media?parent=92887"}],"wp:term":[{"taxonomy":"product_brand","embeddable":true,"href":"https:\/\/www.otiumhome.fi\/index.php\/wp-json\/wp\/v2\/product_brand?post=92887"},{"taxonomy":"product_cat","embeddable":true,"href":"https:\/\/www.otiumhome.fi\/index.php\/wp-json\/wp\/v2\/product_cat?post=92887"},{"taxonomy":"product_tag","embeddable":true,"href":"https:\/\/www.otiumhome.fi\/index.php\/wp-json\/wp\/v2\/product_tag?post=92887"}],"curies":[{"name":"wp","href":"https:\/\/api.w.org\/{rel}","templated":true}]}}