{"id":92875,"date":"2024-12-15T08:23:35","date_gmt":"2024-12-15T08:23:35","guid":{"rendered":"https:\/\/www.otiumhome.fi\/?p=92875"},"modified":"2025-06-06T15:31:46","modified_gmt":"2025-06-06T15:31:46","slug":"konsolipoyta-120x30x75-cm-kierratetty-tayspuu","status":"publish","type":"product","link":"https:\/\/www.otiumhome.fi\/index.php\/tuote\/konsolipoyta-120x30x75-cm-kierratetty-tayspuu\/","title":{"rendered":"Konsolip\u00f6yt\u00e4 120x30x75 cm kierr\u00e4tetty t\u00e4yspuu"},"content":{"rendered":"<p>Tyylik\u00e4s, puusta valmistettu konsolip\u00f6yt\u00e4 antaa teollista vieh\u00e4tysvoimaa kotisi sisustukseen!<\/p>\n<\/p>\n<p>Eteisen p\u00f6yt\u00e4 on k\u00e4sintehty kierr\u00e4tetyst\u00e4 t\u00e4yspuusta. Se sis\u00e4lt\u00e4\u00e4 sekoituksen eri puulajeja, kuten tiikki\u00e4, mangopuuta, m\u00e4nty\u00e4, py\u00f6kki\u00e4, jne. N\u00e4m\u00e4 puut on ker\u00e4tty vanhoista rakennuksista, tehtaista, vajoista ja veneist\u00e4. T\u00e4m\u00e4 tapa on erinomainen ymp\u00e4rist\u00f6yst\u00e4v\u00e4llinen vaihtoehto huonekalujen valmistamiseen. Jokainen kappale on k\u00e4sintehty ja v\u00e4rit vaihtelevat sinisen, vihre\u00e4n, kerman ja joskus oranssin, punaisen ja pinkin v\u00e4lill\u00e4. Jokainen tuote on siis ainutlaatuinen! T\u00e4m\u00e4n kaiken lis\u00e4ksi jauhemaalatut rautajalat lis\u00e4\u00e4v\u00e4t sen vakautta, sek\u00e4 teollista charmia.<\/p>\n<\/p>\n<p>T\u00e4rke\u00e4 huomio: V\u00e4rit vaihtelevat kappaleittain, jokainen sivup\u00f6yt\u00e4 on siis ainutlaatuinen. Toimitus on satunnainen.<\/p>\n<ul>\n<li>V\u00e4ri: ruskea<\/li>\n<li>Materiaali: t\u00e4ysi kierr\u00e4tetty puu + jauhemaalattu rauta<\/li>\n<li>Mitat: 120 x 30 x 75 cm (P x L x K)<\/li>\n<li>Asennus vaaditaan: kyll\u00e4<\/li>\n<li>VAROITUS! Kaatumisen est\u00e4miseksi t\u00e4t\u00e4 tuotetta on k\u00e4ytett\u00e4v\u00e4 mukana toimitetun sein\u00e4kiinnityslaitteen kanssa.<\/li>\n<\/ul>\n","protected":false},"excerpt":{"rendered":"<ul>\n<li>V\u00e4ri: ruskea<\/li>\n<li>Materiaali: t\u00e4ysi kierr\u00e4tetty puu + jauhemaalattu rauta<\/li>\n<li>Mitat: 120 x 30 x 75 cm (P x L x K)<\/li>\n<li>Asennus vaaditaan: kyll\u00e4<\/li>\n<li>VAROITUS! Kaatumisen est\u00e4miseksi t\u00e4t\u00e4 tuotetta on k\u00e4ytett\u00e4v\u00e4 mukana toimitetun sein\u00e4kiinnityslaitteen kanssa.<\/li>\n<\/ul>\n","protected":false},"featured_media":10000092875,"comment_status":"closed","ping_status":"closed","template":"","meta":[],"product_brand":[],"product_cat":[8534,84,8533],"product_tag":[],"class_list":{"0":"post-92875","1":"product","2":"type-product","3":"status-publish","4":"has-post-thumbnail","6":"product_cat-apupoydat","7":"product_cat-huonekalut","8":"product_cat-sivupoydat","10":"first","11":"instock","12":"taxable","13":"shipping-taxable","14":"purchasable","15":"product-type-simple"},"_links":{"self":[{"href":"https:\/\/www.otiumhome.fi\/index.php\/wp-json\/wp\/v2\/product\/92875","targetHints":{"allow":["GET"]}}],"collection":[{"href":"https:\/\/www.otiumhome.fi\/index.php\/wp-json\/wp\/v2\/product"}],"about":[{"href":"https:\/\/www.otiumhome.fi\/index.php\/wp-json\/wp\/v2\/types\/product"}],"replies":[{"embeddable":true,"href":"https:\/\/www.otiumhome.fi\/index.php\/wp-json\/wp\/v2\/comments?post=92875"}],"wp:featuredmedia":[{"embeddable":true,"href":"https:\/\/www.otiumhome.fi\/index.php\/wp-json\/"}],"wp:attachment":[{"href":"https:\/\/www.otiumhome.fi\/index.php\/wp-json\/wp\/v2\/media?parent=92875"}],"wp:term":[{"taxonomy":"product_brand","embeddable":true,"href":"https:\/\/www.otiumhome.fi\/index.php\/wp-json\/wp\/v2\/product_brand?post=92875"},{"taxonomy":"product_cat","embeddable":true,"href":"https:\/\/www.otiumhome.fi\/index.php\/wp-json\/wp\/v2\/product_cat?post=92875"},{"taxonomy":"product_tag","embeddable":true,"href":"https:\/\/www.otiumhome.fi\/index.php\/wp-json\/wp\/v2\/product_tag?post=92875"}],"curies":[{"name":"wp","href":"https:\/\/api.w.org\/{rel}","templated":true}]}}