{"id":92873,"date":"2024-12-15T08:23:35","date_gmt":"2024-12-15T08:23:35","guid":{"rendered":"https:\/\/www.otiumhome.fi\/?p=92873"},"modified":"2025-06-06T15:33:38","modified_gmt":"2025-06-06T15:33:38","slug":"konsolipoyta-90x30x75-cm-taysi-karkea-mangopuu-ja-rauta","status":"publish","type":"product","link":"https:\/\/www.otiumhome.fi\/index.php\/tuote\/konsolipoyta-90x30x75-cm-taysi-karkea-mangopuu-ja-rauta\/","title":{"rendered":"Konsolip\u00f6yt\u00e4 90x30x75 cm t\u00e4ysi karkea mangopuu ja rauta"},"content":{"rendered":"<p>T\u00e4m\u00e4 puinen sivup\u00f6yt\u00e4 on k\u00e4yt\u00e4nn\u00f6llinen ja koristeellinen lis\u00e4 sisustukseesi.<\/p>\n<\/p>\n<ul>\n<li> Kest\u00e4v\u00e4 materiaali: T\u00e4ysi mangopuu on luja trooppinen lehtipuu, josta valmistetaan tukevia kalusteita. Kauniit puunsyyt tekev\u00e4t jokaisesta kalusteesta hieman erilaisen kuin seuraavasta. T\u00e4ydest\u00e4 mangopuusta valmistettu sohvap\u00f6yt\u00e4 on tukeva ja vakaa. <\/li>\n<li>Rautajalat: Rautajalat lis\u00e4\u00e4v\u00e4t sisustukseesi rauhallista tyyli\u00e4, samalla ne takaavat samalla vakauden. <\/li>\n<li>Runsaasti s\u00e4ilytystilaa: Eteisen konsolip\u00f6yd\u00e4n alahylly tarjoaa runsaasti tilaa p\u00e4ivitt\u00e4istavaroiden hyv\u00e4ss\u00e4 j\u00e4rjestyksess\u00e4 ja helposti ulottuvilla pit\u00e4miseen.<\/li>\n<li>Vakaa ja tukeva yl\u00e4taso: Eteisen p\u00f6yd\u00e4n yl\u00e4taso on t\u00e4ydellinen koristeiden, valokuvien ja ruukkukasvien esille laittoon. <\/li>\n<\/ul>\n<p>Hyv\u00e4 tiet\u00e4\u00e4:<\/p>\n<ul>\n<li>Jokainen kappale on ainutlaatuisen eroavilla v\u00e4reill\u00e4 ja puunsyill\u00e4. Toimitus on sattumanvarainen, t\u00e4m\u00e4 takaa tuotteesi erityisyyden ja ainutlaatuisuuden.<\/li>\n<\/ul>\n<ul>\n<li>Materiaali: T\u00e4ysi karkea mangopuu, rauta <\/li>\n<li>Mitat: 90 x 30 x 75 cm (P x L x K) <\/li>\n<li>Asennus vaaditaan: Kyll\u00e4<\/li>\n<\/ul>\n","protected":false},"excerpt":{"rendered":"<ul>\n<li>Materiaali: T\u00e4ysi karkea mangopuu, rauta <\/li>\n<li>Mitat: 90 x 30 x 75 cm (P x L x K) <\/li>\n<li>Asennus vaaditaan: Kyll\u00e4<\/li>\n<\/ul>\n","protected":false},"featured_media":10000092873,"comment_status":"closed","ping_status":"closed","template":"","meta":[],"product_brand":[],"product_cat":[8534,84,8533],"product_tag":[],"class_list":{"0":"post-92873","1":"product","2":"type-product","3":"status-publish","4":"has-post-thumbnail","6":"product_cat-apupoydat","7":"product_cat-huonekalut","8":"product_cat-sivupoydat","10":"first","11":"instock","12":"taxable","13":"shipping-taxable","14":"purchasable","15":"product-type-simple"},"_links":{"self":[{"href":"https:\/\/www.otiumhome.fi\/index.php\/wp-json\/wp\/v2\/product\/92873","targetHints":{"allow":["GET"]}}],"collection":[{"href":"https:\/\/www.otiumhome.fi\/index.php\/wp-json\/wp\/v2\/product"}],"about":[{"href":"https:\/\/www.otiumhome.fi\/index.php\/wp-json\/wp\/v2\/types\/product"}],"replies":[{"embeddable":true,"href":"https:\/\/www.otiumhome.fi\/index.php\/wp-json\/wp\/v2\/comments?post=92873"}],"wp:featuredmedia":[{"embeddable":true,"href":"https:\/\/www.otiumhome.fi\/index.php\/wp-json\/"}],"wp:attachment":[{"href":"https:\/\/www.otiumhome.fi\/index.php\/wp-json\/wp\/v2\/media?parent=92873"}],"wp:term":[{"taxonomy":"product_brand","embeddable":true,"href":"https:\/\/www.otiumhome.fi\/index.php\/wp-json\/wp\/v2\/product_brand?post=92873"},{"taxonomy":"product_cat","embeddable":true,"href":"https:\/\/www.otiumhome.fi\/index.php\/wp-json\/wp\/v2\/product_cat?post=92873"},{"taxonomy":"product_tag","embeddable":true,"href":"https:\/\/www.otiumhome.fi\/index.php\/wp-json\/wp\/v2\/product_tag?post=92873"}],"curies":[{"name":"wp","href":"https:\/\/api.w.org\/{rel}","templated":true}]}}