{"id":92837,"date":"2024-12-15T08:23:33","date_gmt":"2024-12-15T08:23:33","guid":{"rendered":"https:\/\/www.otiumhome.fi\/?p=92837"},"modified":"2025-06-06T16:35:48","modified_gmt":"2025-06-06T16:35:48","slug":"sivupoyta-harmaa-sonoma-33x33x345-cm-tekninen-puu","status":"publish","type":"product","link":"https:\/\/www.otiumhome.fi\/index.php\/tuote\/sivupoyta-harmaa-sonoma-33x33x345-cm-tekninen-puu\/","title":{"rendered":"Sivup\u00f6yt\u00e4 harmaa Sonoma 33x33x34,5 cm tekninen puu"},"content":{"rendered":"<p>T\u00e4m\u00e4 sivup\u00f6yt\u00e4 huokuu rustiikkista vieh\u00e4tysvoimaa ja siit\u00e4 tulee erinomainen lis\u00e4 olohuoneesi sisustukseen.<\/p>\n<\/p>\n<ul>\n<li>Ensiluokkainen materiaali: Tekninen puu on poikkeuksellisen laadukasta ja sile\u00e4pintaista. Se on my\u00f6s luja, vakaa ja kosteudelle vastustuskykyinen.<\/li>\n<li>S\u00e4ilytystoiminto: Avoimilla osastoilla varustettu p\u00e4\u00e4typ\u00f6yt\u00e4 tarjoaa reilusti s\u00e4ilytystilaa lehdillesi, kirjoillesi, kaukos\u00e4\u00e4timillesi ja muille pikkutavaroille niiden hyv\u00e4ss\u00e4 j\u00e4rjestyksess\u00e4 ja k\u00e4den ulottuvilla pit\u00e4miseksi.<\/li>\n<li>Lis\u00e4toiminto: T\u00e4t\u00e4 s\u00e4ilytyskaappia voidaan k\u00e4ytt\u00e4\u00e4 joustavasti kulmakaappina pieniss\u00e4 kulmissa, mik\u00e4 luo lis\u00e4\u00e4 s\u00e4ilytystilaa ja erityisen paikan suosikkitavaroillesi.<\/li>\n<\/ul>\n<ul>\n<li>V\u00e4ri: harmaa Sonoma-tammi<\/li>\n<li>Materiaali: tekninen puu<\/li>\n<li>Mitat: 33 x 33 x 34,5 cm (L x S x K)<\/li>\n<li>Kokoonpano vaaditaan: kyll\u00e4<\/li>\n<\/ul>\n","protected":false},"excerpt":{"rendered":"<ul>\n<li>V\u00e4ri: harmaa Sonoma-tammi<\/li>\n<li>Materiaali: tekninen puu<\/li>\n<li>Mitat: 33 x 33 x 34,5 cm (L x S x K)<\/li>\n<li>Kokoonpano vaaditaan: kyll\u00e4<\/li>\n<\/ul>\n","protected":false},"featured_media":10000092837,"comment_status":"closed","ping_status":"closed","template":"","meta":[],"product_brand":[],"product_cat":[84,8635],"product_tag":[],"class_list":{"0":"post-92837","1":"product","2":"type-product","3":"status-publish","4":"has-post-thumbnail","6":"product_cat-huonekalut","7":"product_cat-sailytys-lukkokaapit","9":"first","10":"instock","11":"taxable","12":"shipping-taxable","13":"purchasable","14":"product-type-simple"},"_links":{"self":[{"href":"https:\/\/www.otiumhome.fi\/index.php\/wp-json\/wp\/v2\/product\/92837","targetHints":{"allow":["GET"]}}],"collection":[{"href":"https:\/\/www.otiumhome.fi\/index.php\/wp-json\/wp\/v2\/product"}],"about":[{"href":"https:\/\/www.otiumhome.fi\/index.php\/wp-json\/wp\/v2\/types\/product"}],"replies":[{"embeddable":true,"href":"https:\/\/www.otiumhome.fi\/index.php\/wp-json\/wp\/v2\/comments?post=92837"}],"wp:featuredmedia":[{"embeddable":true,"href":"https:\/\/www.otiumhome.fi\/index.php\/wp-json\/"}],"wp:attachment":[{"href":"https:\/\/www.otiumhome.fi\/index.php\/wp-json\/wp\/v2\/media?parent=92837"}],"wp:term":[{"taxonomy":"product_brand","embeddable":true,"href":"https:\/\/www.otiumhome.fi\/index.php\/wp-json\/wp\/v2\/product_brand?post=92837"},{"taxonomy":"product_cat","embeddable":true,"href":"https:\/\/www.otiumhome.fi\/index.php\/wp-json\/wp\/v2\/product_cat?post=92837"},{"taxonomy":"product_tag","embeddable":true,"href":"https:\/\/www.otiumhome.fi\/index.php\/wp-json\/wp\/v2\/product_tag?post=92837"}],"curies":[{"name":"wp","href":"https:\/\/api.w.org\/{rel}","templated":true}]}}