{"id":92824,"date":"2024-12-15T08:23:32","date_gmt":"2024-12-15T08:23:32","guid":{"rendered":"https:\/\/www.otiumhome.fi\/?p=92824"},"modified":"2025-06-06T15:33:38","modified_gmt":"2025-06-06T15:33:38","slug":"sarjapoydat-3-kpl-kierratetty-tayspuu","status":"publish","type":"product","link":"https:\/\/www.otiumhome.fi\/index.php\/tuote\/sarjapoydat-3-kpl-kierratetty-tayspuu\/","title":{"rendered":"Sarjap\u00f6yd\u00e4t 3 kpl kierr\u00e4tetty t\u00e4yspuu"},"content":{"rendered":"<p>N\u00e4m\u00e4 sarjap\u00f6yd\u00e4t yhdist\u00e4v\u00e4t klassisen muotoilun k\u00e4yt\u00e4nn\u00f6lliseen ja yksinkertaiseen ilmeeseen, mik\u00e4 tekee niist\u00e4 arvokkaan ja tyylikk\u00e4\u00e4n lis\u00e4yksen asuintilaasi.<\/p>\n<\/p>\n<ul>\n<li>Kest\u00e4v\u00e4 materiaali: Kierr\u00e4tetty t\u00e4yspuu koostuu uusiok\u00e4ytetyst\u00e4 puusta, kuten tiikki-, mango-, m\u00e4nty- ja py\u00f6kkipuusta. N\u00e4m\u00e4 materiaalit on ker\u00e4tty vanhoista rakennuksista, tehtaista, vajoista ja veneist\u00e4. Jokainen kappale on k\u00e4sintehty, joten v\u00e4rit vaihtelevat kappaleesta toiseen.<\/li>\n<li>Sis\u00e4kk\u00e4inen muotoilu: Eri kokojensa ansiosta n\u00e4m\u00e4 sohvap\u00f6yd\u00e4t eiv\u00e4t ainoastaan kohtaa monia tarpeitasi, mutta tarjoavat my\u00f6s lis\u00e4\u00e4 tilaa ja helpon s\u00e4ilytystavan, sill\u00e4 pienemm\u00e4t p\u00f6yd\u00e4t voidaan piilottaa suurempien alle.<\/li>\n<li>Tukeva p\u00f6yt\u00e4levy: Sivup\u00f6yd\u00e4n tukeva p\u00f6yt\u00e4levy on ihanteellinen paikka asettaa juomasi tai muut k\u00e4den ulottuvilla tarvittavat tarvikkeet.<\/li>\n<li>Monipuolinen toimivuus: N\u00e4m\u00e4 sarjasivup\u00f6yd\u00e4t ovat monipuoliset! Mit\u00e4 tahansa niist\u00e4 voidaan k\u00e4ytt\u00e4\u00e4 makuuhuoneessa y\u00f6p\u00f6yt\u00e4n\u00e4 ja olohuoneessa ja toimistossa sivu- tai sohvap\u00f6yt\u00e4n\u00e4.<\/li>\n<\/ul>\n<p>Hyv\u00e4 tiet\u00e4\u00e4:<\/p>\n<ul>\n<li>Jokainen kappale on ainutlaatuisen eroavilla v\u00e4reill\u00e4 ja puunsyill\u00e4. Toimitus on sattumanvarainen, t\u00e4m\u00e4 takaa tuotteesi erityisyyden ja ainutlaatuisuuden.<\/li>\n<\/ul>\n<ul>\n<li>Materiaali: t\u00e4ysi kierr\u00e4tetty puu eri v\u00e4rej\u00e4 sis\u00e4lt\u00e4v\u00e4ll\u00e4 viimeistelyll\u00e4, jauhemaalattu rauta<\/li>\n<li>Mitat (L): 55 x 46 cm (Halkaisija x K)<\/li>\n<li>Mitat (M): 50 x 41 cm (Halkaisija x K)<\/li>\n<li>Mitat (S): 42 x 35 cm (Halkaisija x K)<\/li>\n<li>Asennus vaaditaan: Kyll\u00e4<\/li>\n<li><strong>Toimitus sis\u00e4lt\u00e4\u00e4:<\/strong><\/li>\n<li>3 x p\u00f6yt\u00e4<\/li>\n<\/ul>\n","protected":false},"excerpt":{"rendered":"<ul>\n<li>Materiaali: t\u00e4ysi kierr\u00e4tetty puu eri v\u00e4rej\u00e4 sis\u00e4lt\u00e4v\u00e4ll\u00e4 viimeistelyll\u00e4, jauhemaalattu rauta<\/li>\n<li>Mitat (L): 55 x 46 cm (Halkaisija x K)<\/li>\n<li>Mitat (M): 50 x 41 cm (Halkaisija x K)<\/li>\n<li>Mitat (S): 42 x 35 cm (Halkaisija x K)<\/li>\n<li>Asennus vaaditaan: Kyll\u00e4<\/li>\n<li><strong>Toimitus sis\u00e4lt\u00e4\u00e4:<\/strong><\/li>\n<li>3 x p\u00f6yt\u00e4<\/li>\n<\/ul>\n","protected":false},"featured_media":10000092824,"comment_status":"closed","ping_status":"closed","template":"","meta":[],"product_brand":[],"product_cat":[8534,84,8533],"product_tag":[],"class_list":{"0":"post-92824","1":"product","2":"type-product","3":"status-publish","4":"has-post-thumbnail","6":"product_cat-apupoydat","7":"product_cat-huonekalut","8":"product_cat-sivupoydat","10":"first","11":"instock","12":"taxable","13":"shipping-taxable","14":"purchasable","15":"product-type-simple"},"_links":{"self":[{"href":"https:\/\/www.otiumhome.fi\/index.php\/wp-json\/wp\/v2\/product\/92824","targetHints":{"allow":["GET"]}}],"collection":[{"href":"https:\/\/www.otiumhome.fi\/index.php\/wp-json\/wp\/v2\/product"}],"about":[{"href":"https:\/\/www.otiumhome.fi\/index.php\/wp-json\/wp\/v2\/types\/product"}],"replies":[{"embeddable":true,"href":"https:\/\/www.otiumhome.fi\/index.php\/wp-json\/wp\/v2\/comments?post=92824"}],"wp:featuredmedia":[{"embeddable":true,"href":"https:\/\/www.otiumhome.fi\/index.php\/wp-json\/"}],"wp:attachment":[{"href":"https:\/\/www.otiumhome.fi\/index.php\/wp-json\/wp\/v2\/media?parent=92824"}],"wp:term":[{"taxonomy":"product_brand","embeddable":true,"href":"https:\/\/www.otiumhome.fi\/index.php\/wp-json\/wp\/v2\/product_brand?post=92824"},{"taxonomy":"product_cat","embeddable":true,"href":"https:\/\/www.otiumhome.fi\/index.php\/wp-json\/wp\/v2\/product_cat?post=92824"},{"taxonomy":"product_tag","embeddable":true,"href":"https:\/\/www.otiumhome.fi\/index.php\/wp-json\/wp\/v2\/product_tag?post=92824"}],"curies":[{"name":"wp","href":"https:\/\/api.w.org\/{rel}","templated":true}]}}