{"id":92823,"date":"2024-12-15T08:23:32","date_gmt":"2024-12-15T08:23:32","guid":{"rendered":"https:\/\/www.otiumhome.fi\/?p=92823"},"modified":"2025-06-06T15:31:44","modified_gmt":"2025-06-06T15:31:44","slug":"konsolipoyta-110x35x75-cm-kierratetty-tayspuu","status":"publish","type":"product","link":"https:\/\/www.otiumhome.fi\/index.php\/tuote\/konsolipoyta-110x35x75-cm-kierratetty-tayspuu\/","title":{"rendered":"Konsolip\u00f6yt\u00e4 110x35x75 cm kierr\u00e4tetty t\u00e4yspuu"},"content":{"rendered":"<p>Jos haluat lis\u00e4t\u00e4 yksinkertaista maalaistunnelmaa sisustukseesi, t\u00e4m\u00e4 puinen konsolip\u00f6yt\u00e4 on t\u00e4ydellinen ratkaisu!<\/p>\n<\/p>\n<p>T\u00e4m\u00e4 sivup\u00f6yt\u00e4 on valmistettu kierr\u00e4tetyst\u00e4 t\u00e4yspuusta, joka on per\u00e4isin vanhojen purettujen rakennusten palkeista, lattiasta ja tukipalkeista. Se voi siten koostua monesta eri puulajista ja sis\u00e4lt\u00e4\u00e4 piirteit\u00e4 niist\u00e4, kuten m\u00e4nnyst\u00e4, tiikist\u00e4, tammesta, mangopuusta, akaasiapuusta, jne. Kierr\u00e4tetty puu on jo ik\u00e4\u00e4ntynytt\u00e4, kulunutta ja kuivaa, joten se ei kutistu eik\u00e4 taivu. Jauhemaalatut rautajalat tuovat lis\u00e4ns\u00e4 p\u00f6yd\u00e4n lujuuteen ja vakauteen. Yksi s\u00e4ilytyshylly tuo lis\u00e4\u00e4 tilaa esineidesi s\u00e4ilytt\u00e4miseen.<\/p>\n<\/p>\n<p>T\u00e4rke\u00e4 huomio: V\u00e4rit vaihtelevat kappaleittain, joka tekee jokaisesta puisesta eteisen p\u00f6yd\u00e4st\u00e4 ainutlaatuisen.<\/p>\n<ul>\n<li>Materiaali: kierr\u00e4tetyn puun v\u00e4rinen t\u00e4ysi kierr\u00e4tyspuu, rauta mustalla jauhemaalilla<\/li>\n<li>Mitat: 110 x 35 x 75 cm (L x S x K)<\/li>\n<li>Asennus vaaditaan: kyll\u00e4<\/li>\n<li><strong>VAROITUS:<\/strong> Kaatumisen est\u00e4miseksi t\u00e4t\u00e4 tuotetta on k\u00e4ytett\u00e4v\u00e4 mukana toimitetun sein\u00e4kiinnityslaitteen kanssa<\/li>\n<li>Legal Documents:\n<p><span>Lis\u00e4tietoja huonekalujesi kaatumisen est\u00e4misest\u00e4 voit l\u00f6yt\u00e4\u00e4 <span style=\"text-decoration: underline\"><strong><a title=\"https:\/\/bit.ly\/3bVwkQp\" href=\"https:\/\/bit.ly\/3bVwkQp\" target=\"_blank\">t\u00e4\u00e4lt\u00e4<\/a><\/strong><\/span><\/span><\/p>\n<\/li>\n<\/ul>\n","protected":false},"excerpt":{"rendered":"<ul>\n<li>Materiaali: kierr\u00e4tetyn puun v\u00e4rinen t\u00e4ysi kierr\u00e4tyspuu, rauta mustalla jauhemaalilla<\/li>\n<li>Mitat: 110 x 35 x 75 cm (L x S x K)<\/li>\n<li>Asennus vaaditaan: kyll\u00e4<\/li>\n<li><strong>VAROITUS:<\/strong> Kaatumisen est\u00e4miseksi t\u00e4t\u00e4 tuotetta on k\u00e4ytett\u00e4v\u00e4 mukana toimitetun sein\u00e4kiinnityslaitteen kanssa<\/li>\n<li>Legal Documents:\n<p><span>Lis\u00e4tietoja huonekalujesi kaatumisen est\u00e4misest\u00e4 voit l\u00f6yt\u00e4\u00e4 <span style=\"text-decoration: underline\"><strong><a title=\"https:\/\/bit.ly\/3bVwkQp\" href=\"https:\/\/bit.ly\/3bVwkQp\" target=\"_blank\">t\u00e4\u00e4lt\u00e4<\/a><\/strong><\/span><\/span><\/p>\n<\/li>\n<\/ul>\n","protected":false},"featured_media":10000092823,"comment_status":"closed","ping_status":"closed","template":"","meta":[],"product_brand":[],"product_cat":[8534,84,8533],"product_tag":[],"class_list":{"0":"post-92823","1":"product","2":"type-product","3":"status-publish","4":"has-post-thumbnail","6":"product_cat-apupoydat","7":"product_cat-huonekalut","8":"product_cat-sivupoydat","10":"first","11":"instock","12":"taxable","13":"shipping-taxable","14":"purchasable","15":"product-type-simple"},"_links":{"self":[{"href":"https:\/\/www.otiumhome.fi\/index.php\/wp-json\/wp\/v2\/product\/92823","targetHints":{"allow":["GET"]}}],"collection":[{"href":"https:\/\/www.otiumhome.fi\/index.php\/wp-json\/wp\/v2\/product"}],"about":[{"href":"https:\/\/www.otiumhome.fi\/index.php\/wp-json\/wp\/v2\/types\/product"}],"replies":[{"embeddable":true,"href":"https:\/\/www.otiumhome.fi\/index.php\/wp-json\/wp\/v2\/comments?post=92823"}],"wp:featuredmedia":[{"embeddable":true,"href":"https:\/\/www.otiumhome.fi\/index.php\/wp-json\/"}],"wp:attachment":[{"href":"https:\/\/www.otiumhome.fi\/index.php\/wp-json\/wp\/v2\/media?parent=92823"}],"wp:term":[{"taxonomy":"product_brand","embeddable":true,"href":"https:\/\/www.otiumhome.fi\/index.php\/wp-json\/wp\/v2\/product_brand?post=92823"},{"taxonomy":"product_cat","embeddable":true,"href":"https:\/\/www.otiumhome.fi\/index.php\/wp-json\/wp\/v2\/product_cat?post=92823"},{"taxonomy":"product_tag","embeddable":true,"href":"https:\/\/www.otiumhome.fi\/index.php\/wp-json\/wp\/v2\/product_tag?post=92823"}],"curies":[{"name":"wp","href":"https:\/\/api.w.org\/{rel}","templated":true}]}}