{"id":92807,"date":"2024-12-15T08:23:32","date_gmt":"2024-12-15T08:23:32","guid":{"rendered":"https:\/\/www.otiumhome.fi\/?p=92807"},"modified":"2025-06-06T15:31:44","modified_gmt":"2025-06-06T15:31:44","slug":"sivupoyta-40x40x35-cm-taysi-mangopuu","status":"publish","type":"product","link":"https:\/\/www.otiumhome.fi\/index.php\/tuote\/sivupoyta-40x40x35-cm-taysi-mangopuu\/","title":{"rendered":"Sivup\u00f6yt\u00e4 40x40x35 cm t\u00e4ysi mangopuu"},"content":{"rendered":"<p>T\u00e4m\u00e4 t\u00e4ytt\u00e4 karkeaa mangopuuta oleva sivup\u00f6yt\u00e4 on samalla tyylik\u00e4s sek\u00e4 k\u00e4yt\u00e4nn\u00f6llinen.<\/p>\n<\/p>\n<p>T\u00e4ysi mangopuu on trooppinen lehtipuu, jolla on kyky\u00e4 kantaa painoa ja siet\u00e4\u00e4 ajan patinaa. Laadukas k\u00e4sity\u00f6taito ja kauniit puun kuviot tekev\u00e4t jokaisesta sohvap\u00f6yd\u00e4st\u00e4 hieman toisista eroavan. Jauhemaalatut rautajalat tuovat lis\u00e4ns\u00e4\u00e4 sen lujuuteen ja vakauteen. Yksi s\u00e4ilytyshylly tarjoaa lis\u00e4\u00e4 tilaa esineidesi s\u00e4ilytt\u00e4miseen.<\/p>\n<\/p>\n<p>T\u00e4rke\u00e4 huomio: V\u00e4rit ja pintakuviot saattavat vaihdella kappaleesta toiseen, tehden jokaisesta puup\u00f6yd\u00e4st\u00e4 ainutlaatuisen ja hieman erilaisen kuin muut. Toimitus on satunnainen, t\u00e4m\u00e4 takaa tuotteesi ainutlaatuisuuden ja yksil\u00f6llisyyden.<\/p>\n<ul>\n<li>Materiaali: t\u00e4ysi karkea mangopuu luonnollisella viimeistelyll\u00e4, rauta mustalla jauhemaalilla<\/li>\n<li>Mitat: 40 x 40 x 35 cm (P x L x K)<\/li>\n<li>Asennus vaaditaan: kyll\u00e4<\/li>\n<\/ul>\n","protected":false},"excerpt":{"rendered":"<ul>\n<li>Materiaali: t\u00e4ysi karkea mangopuu luonnollisella viimeistelyll\u00e4, rauta mustalla jauhemaalilla<\/li>\n<li>Mitat: 40 x 40 x 35 cm (P x L x K)<\/li>\n<li>Asennus vaaditaan: kyll\u00e4<\/li>\n<\/ul>\n","protected":false},"featured_media":10000092807,"comment_status":"closed","ping_status":"closed","template":"","meta":[],"product_brand":[],"product_cat":[8534,84,8533],"product_tag":[],"class_list":{"0":"post-92807","1":"product","2":"type-product","3":"status-publish","4":"has-post-thumbnail","6":"product_cat-apupoydat","7":"product_cat-huonekalut","8":"product_cat-sivupoydat","10":"first","11":"instock","12":"taxable","13":"shipping-taxable","14":"purchasable","15":"product-type-simple"},"_links":{"self":[{"href":"https:\/\/www.otiumhome.fi\/index.php\/wp-json\/wp\/v2\/product\/92807","targetHints":{"allow":["GET"]}}],"collection":[{"href":"https:\/\/www.otiumhome.fi\/index.php\/wp-json\/wp\/v2\/product"}],"about":[{"href":"https:\/\/www.otiumhome.fi\/index.php\/wp-json\/wp\/v2\/types\/product"}],"replies":[{"embeddable":true,"href":"https:\/\/www.otiumhome.fi\/index.php\/wp-json\/wp\/v2\/comments?post=92807"}],"wp:featuredmedia":[{"embeddable":true,"href":"https:\/\/www.otiumhome.fi\/index.php\/wp-json\/"}],"wp:attachment":[{"href":"https:\/\/www.otiumhome.fi\/index.php\/wp-json\/wp\/v2\/media?parent=92807"}],"wp:term":[{"taxonomy":"product_brand","embeddable":true,"href":"https:\/\/www.otiumhome.fi\/index.php\/wp-json\/wp\/v2\/product_brand?post=92807"},{"taxonomy":"product_cat","embeddable":true,"href":"https:\/\/www.otiumhome.fi\/index.php\/wp-json\/wp\/v2\/product_cat?post=92807"},{"taxonomy":"product_tag","embeddable":true,"href":"https:\/\/www.otiumhome.fi\/index.php\/wp-json\/wp\/v2\/product_tag?post=92807"}],"curies":[{"name":"wp","href":"https:\/\/api.w.org\/{rel}","templated":true}]}}