{"id":92806,"date":"2024-12-15T08:23:32","date_gmt":"2024-12-15T08:23:32","guid":{"rendered":"https:\/\/www.otiumhome.fi\/?p=92806"},"modified":"2025-06-06T15:33:34","modified_gmt":"2025-06-06T15:33:34","slug":"konsolipoyta-savutammi-102x29x75-cm-tekninen-puu","status":"publish","type":"product","link":"https:\/\/www.otiumhome.fi\/index.php\/tuote\/konsolipoyta-savutammi-102x29x75-cm-tekninen-puu\/","title":{"rendered":"Konsolip\u00f6yt\u00e4 savutammi 102x29x75 cm tekninen puu"},"content":{"rendered":"<p>Lis\u00e4\u00e4 ripaus eleganssia eteiseesi, olohuoneeseesi tai k\u00e4yt\u00e4v\u00e4\u00e4si t\u00e4ll\u00e4 tyylikk\u00e4\u00e4ll\u00e4 konsolip\u00f6yd\u00e4ll\u00e4.<\/p>\n<\/p>\n<ul>\n<li>Kest\u00e4v\u00e4 materiaali: Tekninen puu on poikkeuksellisen laadukasta ja sile\u00e4pintaista, se on my\u00f6s luja, vakaa ja kosteudelle vastustuskykyinen. Teknisest\u00e4 puusta valmistettu sohvap\u00f6yt\u00e4 on helppo puhdistaa.<\/li>\n<li>Runsaasti s\u00e4ilytystilaa: Eteisen p\u00f6yt\u00e4 tarjoaa runsaasti s\u00e4ilytystilaa lehdille, kirjoille, koriste-esineille ja muille p\u00e4ivitt\u00e4istavaroille niiden j\u00e4rjestyksess\u00e4 ja k\u00e4den ulottuvilla pit\u00e4miseen.<\/li>\n<li>S\u00e4\u00e4dett\u00e4v\u00e4t jalat: Kuusi muovipehmustettua ja s\u00e4\u00e4dett\u00e4v\u00e4\u00e4 jalkaa pit\u00e4v\u00e4t tulostinp\u00f6yd\u00e4n tasapainossa ep\u00e4tasaisella alustalla ja lis\u00e4\u00e4v\u00e4t vakautta.<\/li>\n<li>Metallirunko: Metallirunko lis\u00e4\u00e4 sisustukseesi teollista tyyli\u00e4 ja takaa samalla kest\u00e4vyyden sek\u00e4 vakauden.<\/li>\n<\/ul>\n<p>Varoitus:<\/p>\n<ul>\n<li>Kaatumisen est\u00e4miseksi on t\u00e4t\u00e4 tuotetta k\u00e4ytett\u00e4v\u00e4 mukana toimitettavan sein\u00e4kiinnityslaitteen kanssa.<\/li>\n<\/ul>\n<ul>\n<li>V\u00e4ri: savutammi<\/li>\n<li>Materiaali: Tekninen puu, metalli<\/li>\n<li>Mitat: 102 x 29 x 75 cm (P x L x K)<\/li>\n<li>Asennus vaaditaan: Kyll\u00e4<\/li>\n<li>Legal Documents:\n<p><span>Lis\u00e4tietoja huonekalujesi kaatumisen est\u00e4misest\u00e4 voit l\u00f6yt\u00e4\u00e4 <span style=\"text-decoration: underline\"><strong><a title=\"https:\/\/bit.ly\/3bVwkQp\" href=\"https:\/\/bit.ly\/3bVwkQp\" target=\"_blank\">t\u00e4\u00e4lt\u00e4<\/a><\/strong><\/span><\/span><\/p>\n<\/li>\n<\/ul>\n","protected":false},"excerpt":{"rendered":"<ul>\n<li>V\u00e4ri: savutammi<\/li>\n<li>Materiaali: Tekninen puu, metalli<\/li>\n<li>Mitat: 102 x 29 x 75 cm (P x L x K)<\/li>\n<li>Asennus vaaditaan: Kyll\u00e4<\/li>\n<li>Legal Documents:\n<p><span>Lis\u00e4tietoja huonekalujesi kaatumisen est\u00e4misest\u00e4 voit l\u00f6yt\u00e4\u00e4 <span style=\"text-decoration: underline\"><strong><a title=\"https:\/\/bit.ly\/3bVwkQp\" href=\"https:\/\/bit.ly\/3bVwkQp\" target=\"_blank\">t\u00e4\u00e4lt\u00e4<\/a><\/strong><\/span><\/span><\/p>\n<\/li>\n<\/ul>\n","protected":false},"featured_media":10000092806,"comment_status":"closed","ping_status":"closed","template":"","meta":[],"product_brand":[],"product_cat":[8534,84,8533],"product_tag":[],"class_list":{"0":"post-92806","1":"product","2":"type-product","3":"status-publish","4":"has-post-thumbnail","6":"product_cat-apupoydat","7":"product_cat-huonekalut","8":"product_cat-sivupoydat","10":"first","11":"instock","12":"taxable","13":"shipping-taxable","14":"purchasable","15":"product-type-simple"},"_links":{"self":[{"href":"https:\/\/www.otiumhome.fi\/index.php\/wp-json\/wp\/v2\/product\/92806","targetHints":{"allow":["GET"]}}],"collection":[{"href":"https:\/\/www.otiumhome.fi\/index.php\/wp-json\/wp\/v2\/product"}],"about":[{"href":"https:\/\/www.otiumhome.fi\/index.php\/wp-json\/wp\/v2\/types\/product"}],"replies":[{"embeddable":true,"href":"https:\/\/www.otiumhome.fi\/index.php\/wp-json\/wp\/v2\/comments?post=92806"}],"wp:featuredmedia":[{"embeddable":true,"href":"https:\/\/www.otiumhome.fi\/index.php\/wp-json\/"}],"wp:attachment":[{"href":"https:\/\/www.otiumhome.fi\/index.php\/wp-json\/wp\/v2\/media?parent=92806"}],"wp:term":[{"taxonomy":"product_brand","embeddable":true,"href":"https:\/\/www.otiumhome.fi\/index.php\/wp-json\/wp\/v2\/product_brand?post=92806"},{"taxonomy":"product_cat","embeddable":true,"href":"https:\/\/www.otiumhome.fi\/index.php\/wp-json\/wp\/v2\/product_cat?post=92806"},{"taxonomy":"product_tag","embeddable":true,"href":"https:\/\/www.otiumhome.fi\/index.php\/wp-json\/wp\/v2\/product_tag?post=92806"}],"curies":[{"name":"wp","href":"https:\/\/api.w.org\/{rel}","templated":true}]}}