{"id":92799,"date":"2024-12-15T08:23:31","date_gmt":"2024-12-15T08:23:31","guid":{"rendered":"https:\/\/www.otiumhome.fi\/?p=92799"},"modified":"2024-12-17T09:35:00","modified_gmt":"2024-12-17T09:35:00","slug":"sarjapoydat-3-kpl-musta-polyrottinki","status":"publish","type":"product","link":"https:\/\/www.otiumhome.fi\/index.php\/tuote\/sarjapoydat-3-kpl-musta-polyrottinki\/","title":{"rendered":"Sarjap\u00f6yd\u00e4t 3 kpl musta polyrottinki"},"content":{"rendered":"<p>N\u00e4m\u00e4 erikokoiset sarjap\u00f6yd\u00e4t ovat samalla yksinkertaiset ja toimivat, tehden niist\u00e4 mink\u00e4 tahansa tilan keskipisteen.<\/p>\n<\/p>\n<ul>\n<li>Kest\u00e4v\u00e4 materiaali: PE-rottinki, joka tunnetaan my\u00f6s nimell\u00e4 polyrottinki, on s\u00e4\u00e4nkest\u00e4v\u00e4 ja helppo puhdistaa. Se pysyy pitk\u00e4\u00e4n kauniina ulkotiloissa. Se on muita materiaaleja ergonomisempi ja se tarjoaa erinomaisen laadun, mukavuuden ja esteettisen tyylin.<\/li>\n<li>Tukeva runko: N\u00e4iden sis\u00e4kk\u00e4isten sohvap\u00f6ytien jauhemaalattu ter\u00e4srunko takaa tukevuuden ja vakauden.<\/li>\n<li>Sis\u00e4kk\u00e4inen muotoilu: Eri kokojensa ansiosta n\u00e4m\u00e4 sivup\u00f6yd\u00e4t eiv\u00e4t ainoastaan kohtaa monia tarpeitasi, mutta tarjoavat my\u00f6s lis\u00e4\u00e4 tilaa ja helpon s\u00e4ilytystavan, sill\u00e4 pienemm\u00e4t p\u00f6yd\u00e4t voidaan piilottaa suurempien alle.<\/li>\n<li>Tukeva p\u00f6yt\u00e4levy: Sivup\u00f6yt\u00e4sarjan tukeva p\u00f6yt\u00e4levy on ihanteellinen paikka asettaa juomasi tai muut k\u00e4den ulottuvilla tarvittavat tarvikkeet.<\/li>\n<\/ul>\n<p>Hyv\u00e4 tiet\u00e4\u00e4:<\/p>\n<ul>\n<li>Jotta kokoaminen olisi mahdollisimman helppoa, jokainen tuote toimitetaan ohjekirjan kanssa.<\/li>\n<\/ul>\n<p>Huomioi:<\/p>\n<ul>\n<li>Jotta ulkokalusteesi pysyisiv\u00e4t kauniina, suosittelemme peitt\u00e4m\u00e4\u00e4n ne vedenpit\u00e4v\u00e4ll\u00e4 suojalla.<\/li>\n<\/ul>\n<ul>\n<li>V\u00e4ri: Musta<\/li>\n<li>Materiaali: PE-rottinki, jauhemaalattu ter\u00e4s<\/li>\n<li>Suuren p\u00f6yd\u00e4n mitat: 60 x 54 x 60 cm (P x L x K)<\/li>\n<li>Keskikokoisen p\u00f6yd\u00e4n mitat: 50 x 47 x 50 cm (P x L x K)<\/li>\n<li>Pienen p\u00f6yd\u00e4n mitat: 40 x 40 x 40 cm (P x L x K)<\/li>\n<li>Sopii sek\u00e4 sis\u00e4- ett\u00e4 ulkok\u00e4ytt\u00f6\u00f6n<\/li>\n<li><strong>Toimitus sis\u00e4lt\u00e4\u00e4:<\/strong><\/li>\n<li>1 x suuri p\u00f6yt\u00e4<\/li>\n<li>1 x keskisuuri p\u00f6yt\u00e4<\/li>\n<li>1 x pieni p\u00f6yt\u00e4<\/li>\n<\/ul>\n","protected":false},"excerpt":{"rendered":"<ul>\n<li>V\u00e4ri: Musta<\/li>\n<li>Materiaali: PE-rottinki, jauhemaalattu ter\u00e4s<\/li>\n<li>Suuren p\u00f6yd\u00e4n mitat: 60 x 54 x 60 cm (P x L x K)<\/li>\n<li>Keskikokoisen p\u00f6yd\u00e4n mitat: 50 x 47 x 50 cm (P x L x K)<\/li>\n<li>Pienen p\u00f6yd\u00e4n mitat: 40 x 40 x 40 cm (P x L x K)<\/li>\n<li>Sopii sek\u00e4 sis\u00e4- ett\u00e4 ulkok\u00e4ytt\u00f6\u00f6n<\/li>\n<li><strong>Toimitus sis\u00e4lt\u00e4\u00e4:<\/strong><\/li>\n<li>1 x suuri p\u00f6yt\u00e4<\/li>\n<li>1 x keskisuuri p\u00f6yt\u00e4<\/li>\n<li>1 x pieni p\u00f6yt\u00e4<\/li>\n<\/ul>\n","protected":false},"featured_media":10000092799,"comment_status":"closed","ping_status":"closed","template":"","meta":[],"product_brand":[],"product_cat":[8534,84,8533],"product_tag":[],"class_list":{"0":"post-92799","1":"product","2":"type-product","3":"status-publish","4":"has-post-thumbnail","6":"product_cat-apupoydat","7":"product_cat-huonekalut","8":"product_cat-sivupoydat","10":"first","11":"outofstock","12":"taxable","13":"shipping-taxable","14":"purchasable","15":"product-type-simple"},"_links":{"self":[{"href":"https:\/\/www.otiumhome.fi\/index.php\/wp-json\/wp\/v2\/product\/92799","targetHints":{"allow":["GET"]}}],"collection":[{"href":"https:\/\/www.otiumhome.fi\/index.php\/wp-json\/wp\/v2\/product"}],"about":[{"href":"https:\/\/www.otiumhome.fi\/index.php\/wp-json\/wp\/v2\/types\/product"}],"replies":[{"embeddable":true,"href":"https:\/\/www.otiumhome.fi\/index.php\/wp-json\/wp\/v2\/comments?post=92799"}],"wp:featuredmedia":[{"embeddable":true,"href":"https:\/\/www.otiumhome.fi\/index.php\/wp-json\/"}],"wp:attachment":[{"href":"https:\/\/www.otiumhome.fi\/index.php\/wp-json\/wp\/v2\/media?parent=92799"}],"wp:term":[{"taxonomy":"product_brand","embeddable":true,"href":"https:\/\/www.otiumhome.fi\/index.php\/wp-json\/wp\/v2\/product_brand?post=92799"},{"taxonomy":"product_cat","embeddable":true,"href":"https:\/\/www.otiumhome.fi\/index.php\/wp-json\/wp\/v2\/product_cat?post=92799"},{"taxonomy":"product_tag","embeddable":true,"href":"https:\/\/www.otiumhome.fi\/index.php\/wp-json\/wp\/v2\/product_tag?post=92799"}],"curies":[{"name":"wp","href":"https:\/\/api.w.org\/{rel}","templated":true}]}}