{"id":92796,"date":"2024-12-15T08:23:31","date_gmt":"2024-12-15T08:23:31","guid":{"rendered":"https:\/\/www.otiumhome.fi\/?p=92796"},"modified":"2025-06-06T15:33:38","modified_gmt":"2025-06-06T15:33:38","slug":"konsolipoyta-110x34x80-cm-kierratetty-taystiikki","status":"publish","type":"product","link":"https:\/\/www.otiumhome.fi\/index.php\/tuote\/konsolipoyta-110x34x80-cm-kierratetty-taystiikki\/","title":{"rendered":"Konsolip\u00f6yt\u00e4 110x34x80 cm kierr\u00e4tetty t\u00e4ystiikki"},"content":{"rendered":"<p>T\u00e4m\u00e4 puinen konsolip\u00f6yt\u00e4 on t\u00e4ydellinen lis\u00e4 tuomaan yksinkertaista, mutta tyylik\u00e4st\u00e4 tuntua asuintilaasi. <\/p>\n<\/p>\n<ul>\n<li>Kest\u00e4v\u00e4 tiikki: T\u00e4m\u00e4 eteisen kaluste on valmistettu kierr\u00e4tetyst\u00e4 tiikist\u00e4, joten jokainen huonekalu on ainutlaatuinen ja hieman toisistaan eroava. T\u00e4ysi tiikki on kaunis luonnonmateriaali. Se on vanhennettu, uunikuivattu ja hienohiottu eritt\u00e4in sile\u00e4n ulkon\u00e4\u00f6n aikaansaamiseksi. Tiikki on tunnettu erinomaisesta vahvuudestaan ja s\u00e4\u00e4nkest\u00e4vyydest\u00e4\u00e4n.<\/li>\n<li>Tukeva ja vakaa runko: Rautarunko takaa p\u00f6yd\u00e4n tukevuuden ja vakauden.<\/li>\n<li>Tukeva p\u00f6yt\u00e4levy: Apup\u00f6yd\u00e4n puinen p\u00f6yt\u00e4levy on t\u00e4ydellinen koristeidesi, kuten valokuvakehysten ja ruukkukasvien esille asettamiseen.<\/li>\n<li>Laaja k\u00e4ytt\u00f6: T\u00e4m\u00e4 sohvap\u00f6yt\u00e4 sopii mihin tahansa kotonasi. Sit\u00e4 voidaan k\u00e4ytt\u00e4\u00e4 eteisen p\u00f6yt\u00e4n\u00e4, sohvap\u00f6yt\u00e4n\u00e4, koristep\u00f6yt\u00e4n\u00e4, TV-konsolip\u00f6yt\u00e4n\u00e4, jne.<\/li>\n<\/ul>\n<p>Varoitus:<\/p>\n<ul>\n<li>Kaatumisen est\u00e4miseksi on t\u00e4t\u00e4 tuotetta k\u00e4ytett\u00e4v\u00e4 mukana toimitettavan sein\u00e4kiinnityslaitteen kanssa.<\/li>\n<\/ul>\n<p>Hyv\u00e4 tiet\u00e4\u00e4:<\/p>\n<ul>\n<li>Jokainen kappale on ainutlaatuisen eroavilla v\u00e4reill\u00e4 ja puunsyill\u00e4. Toimitus on sattumanvarainen, t\u00e4m\u00e4 takaa tuotteesi erityisyyden ja ainutlaatuisuuden.<\/li>\n<\/ul>\n<ul>\n<li>V\u00e4ri: musta ja harmaa<\/li>\n<li>Materiaali: T\u00e4ysi kierr\u00e4tetty tiikki harmaalla viimeistelyll\u00e4, rauta<\/li>\n<li>Mitat: 110 x 34 x 80 cm (L x S x K)<\/li>\n<li>Asennus vaaditaan: Kyll\u00e4<\/li>\n<li>Legal Documents:\n<p><span>Lis\u00e4tietoja huonekalujesi kaatumisen est\u00e4misest\u00e4 voit l\u00f6yt\u00e4\u00e4 <span style=\"text-decoration: underline\"><strong><a title=\"https:\/\/bit.ly\/3bVwkQp\" href=\"https:\/\/bit.ly\/3bVwkQp\" target=\"_blank\">t\u00e4\u00e4lt\u00e4<\/a><\/strong><\/span><\/span><\/p>\n<\/li>\n<\/ul>\n","protected":false},"excerpt":{"rendered":"<ul>\n<li>V\u00e4ri: musta ja harmaa<\/li>\n<li>Materiaali: T\u00e4ysi kierr\u00e4tetty tiikki harmaalla viimeistelyll\u00e4, rauta<\/li>\n<li>Mitat: 110 x 34 x 80 cm (L x S x K)<\/li>\n<li>Asennus vaaditaan: Kyll\u00e4<\/li>\n<li>Legal Documents:\n<p><span>Lis\u00e4tietoja huonekalujesi kaatumisen est\u00e4misest\u00e4 voit l\u00f6yt\u00e4\u00e4 <span style=\"text-decoration: underline\"><strong><a title=\"https:\/\/bit.ly\/3bVwkQp\" href=\"https:\/\/bit.ly\/3bVwkQp\" target=\"_blank\">t\u00e4\u00e4lt\u00e4<\/a><\/strong><\/span><\/span><\/p>\n<\/li>\n<\/ul>\n","protected":false},"featured_media":10000092796,"comment_status":"closed","ping_status":"closed","template":"","meta":[],"product_brand":[],"product_cat":[8534,84,8533],"product_tag":[],"class_list":{"0":"post-92796","1":"product","2":"type-product","3":"status-publish","4":"has-post-thumbnail","6":"product_cat-apupoydat","7":"product_cat-huonekalut","8":"product_cat-sivupoydat","10":"first","11":"instock","12":"taxable","13":"shipping-taxable","14":"purchasable","15":"product-type-simple"},"_links":{"self":[{"href":"https:\/\/www.otiumhome.fi\/index.php\/wp-json\/wp\/v2\/product\/92796","targetHints":{"allow":["GET"]}}],"collection":[{"href":"https:\/\/www.otiumhome.fi\/index.php\/wp-json\/wp\/v2\/product"}],"about":[{"href":"https:\/\/www.otiumhome.fi\/index.php\/wp-json\/wp\/v2\/types\/product"}],"replies":[{"embeddable":true,"href":"https:\/\/www.otiumhome.fi\/index.php\/wp-json\/wp\/v2\/comments?post=92796"}],"wp:featuredmedia":[{"embeddable":true,"href":"https:\/\/www.otiumhome.fi\/index.php\/wp-json\/"}],"wp:attachment":[{"href":"https:\/\/www.otiumhome.fi\/index.php\/wp-json\/wp\/v2\/media?parent=92796"}],"wp:term":[{"taxonomy":"product_brand","embeddable":true,"href":"https:\/\/www.otiumhome.fi\/index.php\/wp-json\/wp\/v2\/product_brand?post=92796"},{"taxonomy":"product_cat","embeddable":true,"href":"https:\/\/www.otiumhome.fi\/index.php\/wp-json\/wp\/v2\/product_cat?post=92796"},{"taxonomy":"product_tag","embeddable":true,"href":"https:\/\/www.otiumhome.fi\/index.php\/wp-json\/wp\/v2\/product_tag?post=92796"}],"curies":[{"name":"wp","href":"https:\/\/api.w.org\/{rel}","templated":true}]}}