{"id":92788,"date":"2024-12-15T08:23:31","date_gmt":"2024-12-15T08:23:31","guid":{"rendered":"https:\/\/www.otiumhome.fi\/?p=92788"},"modified":"2025-06-06T15:33:38","modified_gmt":"2025-06-06T15:33:38","slug":"sarjasivupoydat-3-kpl-taysi-karkea-mangopuu","status":"publish","type":"product","link":"https:\/\/www.otiumhome.fi\/index.php\/tuote\/sarjasivupoydat-3-kpl-taysi-karkea-mangopuu\/","title":{"rendered":"Sarjasivup\u00f6yd\u00e4t 3 kpl t\u00e4ysi karkea mangopuu"},"content":{"rendered":"<p>T\u00e4m\u00e4 kolmen sivup\u00f6yd\u00e4n sarja on nokkela ratkaisu pieniin asuintiloihin tai mihin tahansa, jossa tilaa on rajoitetusti. Niiden teollinen muotoilu tekee t\u00e4st\u00e4 sivup\u00f6yt\u00e4sarjasta tyylikk\u00e4\u00e4n lis\u00e4n olohuoneeseen, makuuhuoneeseen tai toimistoon.<\/p>\n<\/p>\n<ul>\n<li>Tukeva ja vakaa materiaali: T\u00e4ysi mangopuu on vankka trooppinen lehtipuu, joka on eritt\u00e4in suosittu huonekalujen valmistuksessa sen poikkeuksellisen kest\u00e4vyyden ja lujuuden vuoksi. Sen kauniit puunsyyt tekev\u00e4t jokaisesta tuotteesta ainutlaatuisen ja seuraavasta eroavan.<\/li>\n<li>P\u00e4\u00e4llekk\u00e4inen muotoilu: T\u00e4m\u00e4 sarja sis\u00e4lt\u00e4\u00e4 erikokoisia p\u00f6yti\u00e4 erilaisiin tarpeisiisi. Pienempi p\u00f6yt\u00e4 mahtuu siististi suuremman sis\u00e4\u00e4n tilan s\u00e4\u00e4st\u00e4miseksi tarvittaessa. Voit j\u00e4rjest\u00e4\u00e4 ne my\u00f6s erikseen saatavilla olevan p\u00f6yt\u00e4tilan maksimoimiseksi.<\/li>\n<li>Monipuolinen toimivuus: Mit\u00e4 tahansa n\u00e4ist\u00e4 sarjap\u00f6ydist\u00e4 voidaan k\u00e4ytt\u00e4\u00e4 makuuhuoneessa y\u00f6p\u00f6yt\u00e4n\u00e4 sivup\u00f6yt\u00e4n\u00e4, tai sohvap\u00f6yt\u00e4n\u00e4 olohuoneessa ja toimistossa.<\/li>\n<li>Tukeva p\u00f6yt\u00e4levy: Sarjap\u00f6ytien tukeva p\u00f6yt\u00e4levy on ihanteellinen juomien tai muiden tarvitsemiesi esineiden sijoittamiseen k\u00e4den ulottuville.<\/li>\n<\/ul>\n<p>Hyv\u00e4 tiet\u00e4\u00e4:<\/p>\n<ul>\n<li>Jokainen kappale on ainutlaatuisen eroavilla v\u00e4reill\u00e4 ja puunsyill\u00e4. Toimitus on sattumanvarainen, t\u00e4m\u00e4 takaa tuotteesi erityisyyden ja ainutlaatuisuuden.<\/li>\n<\/ul>\n<ul>\n<li>Materiaali: Luonnollisesti viimeistelty karkea t\u00e4ysi mangopuu, rauta<\/li>\n<li>Mitat (L): 52 x 41 x 50 cm (P x L x K)<\/li>\n<li>Mitat (M): 36 x 31 x 40 cm (P x L x K)<\/li>\n<li>Mitat (S): 23 x 23 x 30 cm (P x L x K)<\/li>\n<li><strong>Toimitus sis\u00e4lt\u00e4\u00e4:<\/strong><\/li>\n<li>3 x sivup\u00f6yt\u00e4<\/li>\n<\/ul>\n","protected":false},"excerpt":{"rendered":"<ul>\n<li>Materiaali: Luonnollisesti viimeistelty karkea t\u00e4ysi mangopuu, rauta<\/li>\n<li>Mitat (L): 52 x 41 x 50 cm (P x L x K)<\/li>\n<li>Mitat (M): 36 x 31 x 40 cm (P x L x K)<\/li>\n<li>Mitat (S): 23 x 23 x 30 cm (P x L x K)<\/li>\n<li><strong>Toimitus sis\u00e4lt\u00e4\u00e4:<\/strong><\/li>\n<li>3 x sivup\u00f6yt\u00e4<\/li>\n<\/ul>\n","protected":false},"featured_media":10000092788,"comment_status":"closed","ping_status":"closed","template":"","meta":[],"product_brand":[],"product_cat":[8534,84,8533],"product_tag":[],"class_list":{"0":"post-92788","1":"product","2":"type-product","3":"status-publish","4":"has-post-thumbnail","6":"product_cat-apupoydat","7":"product_cat-huonekalut","8":"product_cat-sivupoydat","10":"first","11":"outofstock","12":"taxable","13":"shipping-taxable","14":"purchasable","15":"product-type-simple"},"_links":{"self":[{"href":"https:\/\/www.otiumhome.fi\/index.php\/wp-json\/wp\/v2\/product\/92788","targetHints":{"allow":["GET"]}}],"collection":[{"href":"https:\/\/www.otiumhome.fi\/index.php\/wp-json\/wp\/v2\/product"}],"about":[{"href":"https:\/\/www.otiumhome.fi\/index.php\/wp-json\/wp\/v2\/types\/product"}],"replies":[{"embeddable":true,"href":"https:\/\/www.otiumhome.fi\/index.php\/wp-json\/wp\/v2\/comments?post=92788"}],"wp:featuredmedia":[{"embeddable":true,"href":"https:\/\/www.otiumhome.fi\/index.php\/wp-json\/"}],"wp:attachment":[{"href":"https:\/\/www.otiumhome.fi\/index.php\/wp-json\/wp\/v2\/media?parent=92788"}],"wp:term":[{"taxonomy":"product_brand","embeddable":true,"href":"https:\/\/www.otiumhome.fi\/index.php\/wp-json\/wp\/v2\/product_brand?post=92788"},{"taxonomy":"product_cat","embeddable":true,"href":"https:\/\/www.otiumhome.fi\/index.php\/wp-json\/wp\/v2\/product_cat?post=92788"},{"taxonomy":"product_tag","embeddable":true,"href":"https:\/\/www.otiumhome.fi\/index.php\/wp-json\/wp\/v2\/product_tag?post=92788"}],"curies":[{"name":"wp","href":"https:\/\/api.w.org\/{rel}","templated":true}]}}