{"id":92779,"date":"2024-12-15T08:18:43","date_gmt":"2024-12-15T08:18:43","guid":{"rendered":"https:\/\/www.otiumhome.fi\/?p=92779"},"modified":"2025-06-06T15:33:40","modified_gmt":"2025-06-06T15:33:40","slug":"sivupoyta-ruskea-55x45x49-cm-polyrottinki","status":"publish","type":"product","link":"https:\/\/www.otiumhome.fi\/index.php\/tuote\/sivupoyta-ruskea-55x45x49-cm-polyrottinki\/","title":{"rendered":"Sivup\u00f6yt\u00e4 ruskea 55x45x49 cm polyrottinki"},"content":{"rendered":"<p>Etsitk\u00f6 p\u00f6yt\u00e4\u00e4, jolle asettaa t\u00e4rke\u00e4t tavarasi? T\u00e4m\u00e4 2-kerroksinen sivup\u00f6yt\u00e4 on t\u00e4ydellinen valinta, sill\u00e4 se on sek\u00e4 k\u00e4yt\u00e4nn\u00f6llinen ett\u00e4 kaunis!<\/p>\n<\/p>\n<ul>\n<li>Kest\u00e4v\u00e4 materiaali: PE-rottinki, joka tunnetaan my\u00f6s nimell\u00e4 polyrottinki, on s\u00e4\u00e4nkest\u00e4v\u00e4 ja helppo puhdistaa. Se pysyy pitk\u00e4\u00e4n kauniina ulkotiloissa. Se on muita materiaaleja ergonomisempi ja se tarjoaa erinomaisen laadun, mukavuuden ja esteettisen tyylin.<\/li>\n<li>Jauhemaalattu ter\u00e4srunko: Jauhemaalattu ter\u00e4srunko takaa sohvap\u00f6yd\u00e4n tukevuuden ja vakauden.<\/li>\n<li>Lis\u00e4\u00e4 s\u00e4ilytystilaa: Voit k\u00e4ytt\u00e4\u00e4 alla olevaa tyhj\u00e4\u00e4 tilaa s\u00e4ilytt\u00e4\u00e4ksesi mit\u00e4 tahansa ylim\u00e4\u00e4r\u00e4isist\u00e4 lautasista ja kupeista joihinkin taiteellisiin koristeisiin.<\/li>\n<li>Laajat k\u00e4ytt\u00f6tarkoitukset: Voit sijoittaa t\u00e4m\u00e4n erillisp\u00f6yd\u00e4n puutarhakalusteidesi yhteyteen tai voit k\u00e4ytt\u00e4\u00e4 sit\u00e4 my\u00f6s sis\u00e4tiloissa.<\/li>\n<\/ul>\n<p>Hyv\u00e4 tiet\u00e4\u00e4:<\/p>\n<ul>\n<li>Jotta kokoaminen olisi mahdollisimman helppoa, jokainen tuote toimitetaan ohjekirjan kanssa.<\/li>\n<\/ul>\n<p>Huomioi:<\/p>\n<ul>\n<li>Jotta ulkokalusteesi pysyisiv\u00e4t kauniina, suosittelemme peitt\u00e4m\u00e4\u00e4n ne vedenpit\u00e4v\u00e4ll\u00e4 suojalla.<\/li>\n<\/ul>\n<ul>\n<li>V\u00e4ri: ruskea<\/li>\n<li>Materiaali: PE-rottinki, jauhemaalattu ter\u00e4s<\/li>\n<li>Mitat: 55 x 45 x 49 cm (P x L x K)<\/li>\n<li>2-kerroksinen<\/li>\n<li>Sopii sek\u00e4 sis\u00e4- ett\u00e4 ulkok\u00e4ytt\u00f6\u00f6n<\/li>\n<\/ul>\n","protected":false},"excerpt":{"rendered":"<ul>\n<li>V\u00e4ri: ruskea<\/li>\n<li>Materiaali: PE-rottinki, jauhemaalattu ter\u00e4s<\/li>\n<li>Mitat: 55 x 45 x 49 cm (P x L x K)<\/li>\n<li>2-kerroksinen<\/li>\n<li>Sopii sek\u00e4 sis\u00e4- ett\u00e4 ulkok\u00e4ytt\u00f6\u00f6n<\/li>\n<\/ul>\n","protected":false},"featured_media":10000092779,"comment_status":"closed","ping_status":"closed","template":"","meta":[],"product_brand":[],"product_cat":[8534,84,8533],"product_tag":[],"class_list":{"0":"post-92779","1":"product","2":"type-product","3":"status-publish","4":"has-post-thumbnail","6":"product_cat-apupoydat","7":"product_cat-huonekalut","8":"product_cat-sivupoydat","10":"first","11":"outofstock","12":"taxable","13":"shipping-taxable","14":"purchasable","15":"product-type-simple"},"_links":{"self":[{"href":"https:\/\/www.otiumhome.fi\/index.php\/wp-json\/wp\/v2\/product\/92779","targetHints":{"allow":["GET"]}}],"collection":[{"href":"https:\/\/www.otiumhome.fi\/index.php\/wp-json\/wp\/v2\/product"}],"about":[{"href":"https:\/\/www.otiumhome.fi\/index.php\/wp-json\/wp\/v2\/types\/product"}],"replies":[{"embeddable":true,"href":"https:\/\/www.otiumhome.fi\/index.php\/wp-json\/wp\/v2\/comments?post=92779"}],"wp:featuredmedia":[{"embeddable":true,"href":"https:\/\/www.otiumhome.fi\/index.php\/wp-json\/"}],"wp:attachment":[{"href":"https:\/\/www.otiumhome.fi\/index.php\/wp-json\/wp\/v2\/media?parent=92779"}],"wp:term":[{"taxonomy":"product_brand","embeddable":true,"href":"https:\/\/www.otiumhome.fi\/index.php\/wp-json\/wp\/v2\/product_brand?post=92779"},{"taxonomy":"product_cat","embeddable":true,"href":"https:\/\/www.otiumhome.fi\/index.php\/wp-json\/wp\/v2\/product_cat?post=92779"},{"taxonomy":"product_tag","embeddable":true,"href":"https:\/\/www.otiumhome.fi\/index.php\/wp-json\/wp\/v2\/product_tag?post=92779"}],"curies":[{"name":"wp","href":"https:\/\/api.w.org\/{rel}","templated":true}]}}