{"id":92777,"date":"2024-12-15T08:18:43","date_gmt":"2024-12-15T08:18:43","guid":{"rendered":"https:\/\/www.otiumhome.fi\/?p=92777"},"modified":"2025-06-06T15:33:37","modified_gmt":"2025-06-06T15:33:37","slug":"sivupoyta-harmaa-sonoma-40x40x40-cm-tekninen-puu","status":"publish","type":"product","link":"https:\/\/www.otiumhome.fi\/index.php\/tuote\/sivupoyta-harmaa-sonoma-40x40x40-cm-tekninen-puu\/","title":{"rendered":"Sivup\u00f6yt\u00e4 harmaa Sonoma 40x40x40 cm tekninen puu"},"content":{"rendered":"<p>Lis\u00e4\u00e4 modernia tunnelmaa sisustukseesi t\u00e4ll\u00e4 trendikk\u00e4\u00e4ll\u00e4 ja k\u00e4yt\u00e4nn\u00f6llisell\u00e4 sivup\u00f6yd\u00e4ll\u00e4.<\/p>\n<\/p>\n<ul>\n<li>Kest\u00e4v\u00e4 materiaali: Tekninen puu on poikkeuksellisen laadukasta ja sile\u00e4pintaista. Se on luja, vakaa ja kosteudelle vastustuskykyinen.<\/li>\n<li>Runsaasti s\u00e4ilytystilaa: Sohvap\u00f6yt\u00e4 on varustettu avolokeroilla, joten se tarjoaa runsaasti s\u00e4ilytystilaa t\u00e4rkeiden tavaroiden s\u00e4ilytt\u00e4miseen ja k\u00e4ttesi ulottuvilla pit\u00e4miseen.<\/li>\n<li>Vakaa pinta: Yl\u00e4taso tarjoaa vakaan pinnan, johon voit sijoittaa juomat, kirjat tai koriste-esineet.<\/li>\n<li>Helposti puhdistettava pinta: T\u00e4m\u00e4 p\u00e4\u00e4typ\u00f6yt\u00e4 on helppo puhdistaa kostealla liinalla.<\/li>\n<\/ul>\n<p>Huomioi: <\/p>\n<ul>\n<li>Jokaisen tuotteen mukana on laatikossa kokoonpano-ohje helppoa asennusta varten.<\/li>\n<\/ul>\n<ul>\n<li>V\u00e4ri: harmaa Sonoma<\/li>\n<li>Materiaali: tekninen puu<\/li>\n<li>Mitat: 40 x 40 x 40 cm (P x S x K)<\/li>\n<\/ul>\n","protected":false},"excerpt":{"rendered":"<ul>\n<li>V\u00e4ri: harmaa Sonoma<\/li>\n<li>Materiaali: tekninen puu<\/li>\n<li>Mitat: 40 x 40 x 40 cm (P x S x K)<\/li>\n<\/ul>\n","protected":false},"featured_media":10000092777,"comment_status":"closed","ping_status":"closed","template":"","meta":[],"product_brand":[],"product_cat":[8534,84,8533],"product_tag":[],"class_list":{"0":"post-92777","1":"product","2":"type-product","3":"status-publish","4":"has-post-thumbnail","6":"product_cat-apupoydat","7":"product_cat-huonekalut","8":"product_cat-sivupoydat","10":"first","11":"instock","12":"taxable","13":"shipping-taxable","14":"purchasable","15":"product-type-simple"},"_links":{"self":[{"href":"https:\/\/www.otiumhome.fi\/index.php\/wp-json\/wp\/v2\/product\/92777","targetHints":{"allow":["GET"]}}],"collection":[{"href":"https:\/\/www.otiumhome.fi\/index.php\/wp-json\/wp\/v2\/product"}],"about":[{"href":"https:\/\/www.otiumhome.fi\/index.php\/wp-json\/wp\/v2\/types\/product"}],"replies":[{"embeddable":true,"href":"https:\/\/www.otiumhome.fi\/index.php\/wp-json\/wp\/v2\/comments?post=92777"}],"wp:featuredmedia":[{"embeddable":true,"href":"https:\/\/www.otiumhome.fi\/index.php\/wp-json\/"}],"wp:attachment":[{"href":"https:\/\/www.otiumhome.fi\/index.php\/wp-json\/wp\/v2\/media?parent=92777"}],"wp:term":[{"taxonomy":"product_brand","embeddable":true,"href":"https:\/\/www.otiumhome.fi\/index.php\/wp-json\/wp\/v2\/product_brand?post=92777"},{"taxonomy":"product_cat","embeddable":true,"href":"https:\/\/www.otiumhome.fi\/index.php\/wp-json\/wp\/v2\/product_cat?post=92777"},{"taxonomy":"product_tag","embeddable":true,"href":"https:\/\/www.otiumhome.fi\/index.php\/wp-json\/wp\/v2\/product_tag?post=92777"}],"curies":[{"name":"wp","href":"https:\/\/api.w.org\/{rel}","templated":true}]}}