{"id":92723,"date":"2024-12-15T08:18:41","date_gmt":"2024-12-15T08:18:41","guid":{"rendered":"https:\/\/www.otiumhome.fi\/?p=92723"},"modified":"2025-06-06T15:33:39","modified_gmt":"2025-06-06T15:33:39","slug":"sivupoyta-lasipoytalevy-ruskea-35x35x52-cm-polyrottinki","status":"publish","type":"product","link":"https:\/\/www.otiumhome.fi\/index.php\/tuote\/sivupoyta-lasipoytalevy-ruskea-35x35x52-cm-polyrottinki\/","title":{"rendered":"Sivup\u00f6yt\u00e4 lasip\u00f6yt\u00e4levy ruskea 35x35x52 cm polyrottinki"},"content":{"rendered":"<p>Sivup\u00f6yt\u00e4 on erinomainen lis\u00e4 niin sis\u00e4- kuin ulkotiloihin.<\/p>\n<\/p>\n<p>P\u00e4\u00e4typ\u00f6yt\u00e4 koostuu s\u00e4\u00e4nkest\u00e4v\u00e4st\u00e4 polyrottingista, metallirungosta ja lasisesta p\u00f6yt\u00e4levyst\u00e4, joten se on kulutusta kest\u00e4v\u00e4 ja sopii siten p\u00e4ivitt\u00e4iseen k\u00e4ytt\u00f6\u00f6n. Kevyen rakenteen ansiosta p\u00f6yt\u00e4\u00e4 on helppo siirrell\u00e4. Koristep\u00f6yt\u00e4 toimii hyvin my\u00f6s esim. sohvap\u00f6yt\u00e4n\u00e4, teep\u00f6yt\u00e4n\u00e4 tai ruokap\u00f6yt\u00e4n\u00e4. Se on helppo puhdistaa kostealla liinalla pyyhkien.<\/p>\n<ul>\n<li>V\u00e4ri: ruskea<\/li>\n<li>Materiaali: polyrottinki, lasi, metalli<\/li>\n<li>Mitat: 35 x 35 x 52 cm (P x L x K)<\/li>\n<\/ul>\n","protected":false},"excerpt":{"rendered":"<ul>\n<li>V\u00e4ri: ruskea<\/li>\n<li>Materiaali: polyrottinki, lasi, metalli<\/li>\n<li>Mitat: 35 x 35 x 52 cm (P x L x K)<\/li>\n<\/ul>\n","protected":false},"featured_media":10000092723,"comment_status":"closed","ping_status":"closed","template":"","meta":[],"product_brand":[],"product_cat":[8534,84,8533],"product_tag":[],"class_list":{"0":"post-92723","1":"product","2":"type-product","3":"status-publish","4":"has-post-thumbnail","6":"product_cat-apupoydat","7":"product_cat-huonekalut","8":"product_cat-sivupoydat","10":"first","11":"instock","12":"taxable","13":"shipping-taxable","14":"purchasable","15":"product-type-simple"},"_links":{"self":[{"href":"https:\/\/www.otiumhome.fi\/index.php\/wp-json\/wp\/v2\/product\/92723","targetHints":{"allow":["GET"]}}],"collection":[{"href":"https:\/\/www.otiumhome.fi\/index.php\/wp-json\/wp\/v2\/product"}],"about":[{"href":"https:\/\/www.otiumhome.fi\/index.php\/wp-json\/wp\/v2\/types\/product"}],"replies":[{"embeddable":true,"href":"https:\/\/www.otiumhome.fi\/index.php\/wp-json\/wp\/v2\/comments?post=92723"}],"wp:featuredmedia":[{"embeddable":true,"href":"https:\/\/www.otiumhome.fi\/index.php\/wp-json\/"}],"wp:attachment":[{"href":"https:\/\/www.otiumhome.fi\/index.php\/wp-json\/wp\/v2\/media?parent=92723"}],"wp:term":[{"taxonomy":"product_brand","embeddable":true,"href":"https:\/\/www.otiumhome.fi\/index.php\/wp-json\/wp\/v2\/product_brand?post=92723"},{"taxonomy":"product_cat","embeddable":true,"href":"https:\/\/www.otiumhome.fi\/index.php\/wp-json\/wp\/v2\/product_cat?post=92723"},{"taxonomy":"product_tag","embeddable":true,"href":"https:\/\/www.otiumhome.fi\/index.php\/wp-json\/wp\/v2\/product_tag?post=92723"}],"curies":[{"name":"wp","href":"https:\/\/api.w.org\/{rel}","templated":true}]}}