{"id":92720,"date":"2024-12-15T08:18:41","date_gmt":"2024-12-15T08:18:41","guid":{"rendered":"https:\/\/www.otiumhome.fi\/?p=92720"},"modified":"2025-06-06T15:33:36","modified_gmt":"2025-06-06T15:33:36","slug":"pyoreat-sohvapoydat-3-kpl-taysi-mangopuu","status":"publish","type":"product","link":"https:\/\/www.otiumhome.fi\/index.php\/tuote\/pyoreat-sohvapoydat-3-kpl-taysi-mangopuu\/","title":{"rendered":"Py\u00f6re\u00e4t sohvap\u00f6yd\u00e4t 3 kpl t\u00e4ysi mangopuu"},"content":{"rendered":"<p>Rentoudu ja nauti perheesi ja yst\u00e4viesi viihdytt\u00e4misest\u00e4 n\u00e4iden sohvap\u00f6ytien \u00e4\u00e4rell\u00e4!<\/p>\n<\/p>\n<ul>\n<li>T\u00e4ysi mangopuu: N\u00e4m\u00e4 sivup\u00f6yd\u00e4n on valmistettu t\u00e4ydest\u00e4 mangopuusta, tihe\u00e4syisest\u00e4 lehtipuusta. T\u00e4ysi mangopuu kest\u00e4\u00e4 sek\u00e4 painoa ett\u00e4 ajan patinaa.<\/li>\n<li>Lis\u00e4vakaus: Sohvap\u00f6yd\u00e4n ter\u00e4sjalat takaavat tukevuuden ja vakauden.<\/li>\n<li>Tukeva p\u00f6yt\u00e4levy: T\u00e4m\u00e4n olohuoneen p\u00f6yd\u00e4n tukeva p\u00f6yt\u00e4levy tarjoaa vakaan ja turvallisen pinnan maljakoille, hedelmille tai koristeille.<\/li>\n<\/ul>\n<ul>\n<li>Materiaali: Valkaistu t\u00e4ysi mangopuu, hunajanruskea t\u00e4ysi mangopuu, p\u00e4hkin\u00e4nruskea t\u00e4ysi mangopuu, ter\u00e4s<\/li>\n<li>Suuren p\u00f6yd\u00e4n mitat: \u00d850 x 35 cm (Halkaisija x K)<\/li>\n<li>Keskikokoisen p\u00f6yd\u00e4n mitat: \u00d845 x 30 cm (Halkaisija x K)<\/li>\n<li>Pienen p\u00f6yd\u00e4n mitat: \u00d835 x 25 cm (Halkaisija x K)<\/li>\n<li>Asennus vaaditaan: kyll\u00e4<\/li>\n<li><strong>Toimitus sis\u00e4lt\u00e4\u00e4:<\/strong><\/li>\n<li>1 x suuri sohvap\u00f6yt\u00e4<\/li>\n<li>1 x Keskikokoinen sohvap\u00f6yt\u00e4<\/li>\n<li>1 x Peni sohvap\u00f6yt\u00e4<\/li>\n<\/ul>\n","protected":false},"excerpt":{"rendered":"<ul>\n<li>Materiaali: Valkaistu t\u00e4ysi mangopuu, hunajanruskea t\u00e4ysi mangopuu, p\u00e4hkin\u00e4nruskea t\u00e4ysi mangopuu, ter\u00e4s<\/li>\n<li>Suuren p\u00f6yd\u00e4n mitat: \u00d850 x 35 cm (Halkaisija x K)<\/li>\n<li>Keskikokoisen p\u00f6yd\u00e4n mitat: \u00d845 x 30 cm (Halkaisija x K)<\/li>\n<li>Pienen p\u00f6yd\u00e4n mitat: \u00d835 x 25 cm (Halkaisija x K)<\/li>\n<li>Asennus vaaditaan: kyll\u00e4<\/li>\n<li><strong>Toimitus sis\u00e4lt\u00e4\u00e4:<\/strong><\/li>\n<li>1 x suuri sohvap\u00f6yt\u00e4<\/li>\n<li>1 x Keskikokoinen sohvap\u00f6yt\u00e4<\/li>\n<li>1 x Peni sohvap\u00f6yt\u00e4<\/li>\n<\/ul>\n","protected":false},"featured_media":10000092720,"comment_status":"closed","ping_status":"closed","template":"","meta":[],"product_brand":[],"product_cat":[8534,84,8533],"product_tag":[],"class_list":{"0":"post-92720","1":"product","2":"type-product","3":"status-publish","4":"has-post-thumbnail","6":"product_cat-apupoydat","7":"product_cat-huonekalut","8":"product_cat-sivupoydat","10":"first","11":"instock","12":"taxable","13":"shipping-taxable","14":"purchasable","15":"product-type-simple"},"_links":{"self":[{"href":"https:\/\/www.otiumhome.fi\/index.php\/wp-json\/wp\/v2\/product\/92720","targetHints":{"allow":["GET"]}}],"collection":[{"href":"https:\/\/www.otiumhome.fi\/index.php\/wp-json\/wp\/v2\/product"}],"about":[{"href":"https:\/\/www.otiumhome.fi\/index.php\/wp-json\/wp\/v2\/types\/product"}],"replies":[{"embeddable":true,"href":"https:\/\/www.otiumhome.fi\/index.php\/wp-json\/wp\/v2\/comments?post=92720"}],"wp:featuredmedia":[{"embeddable":true,"href":"https:\/\/www.otiumhome.fi\/index.php\/wp-json\/"}],"wp:attachment":[{"href":"https:\/\/www.otiumhome.fi\/index.php\/wp-json\/wp\/v2\/media?parent=92720"}],"wp:term":[{"taxonomy":"product_brand","embeddable":true,"href":"https:\/\/www.otiumhome.fi\/index.php\/wp-json\/wp\/v2\/product_brand?post=92720"},{"taxonomy":"product_cat","embeddable":true,"href":"https:\/\/www.otiumhome.fi\/index.php\/wp-json\/wp\/v2\/product_cat?post=92720"},{"taxonomy":"product_tag","embeddable":true,"href":"https:\/\/www.otiumhome.fi\/index.php\/wp-json\/wp\/v2\/product_tag?post=92720"}],"curies":[{"name":"wp","href":"https:\/\/api.w.org\/{rel}","templated":true}]}}