{"id":92719,"date":"2024-12-15T08:18:41","date_gmt":"2024-12-15T08:18:41","guid":{"rendered":"https:\/\/www.otiumhome.fi\/?p=92719"},"modified":"2025-06-06T15:33:39","modified_gmt":"2025-06-06T15:33:39","slug":"paatypoydat-2-kpl-27x24x37-cm-taysi-tammi","status":"publish","type":"product","link":"https:\/\/www.otiumhome.fi\/index.php\/tuote\/paatypoydat-2-kpl-27x24x37-cm-taysi-tammi\/","title":{"rendered":"P\u00e4\u00e4typ\u00f6yd\u00e4t 2 kpl 27x24x37 cm t\u00e4ysi tammi"},"content":{"rendered":"<p>N\u00e4m\u00e4 lujatekoiset, puusta valmistetut p\u00e4\u00e4typ\u00f6yd\u00e4t sopivat mihin tahansa sisustukseen ja ovat upea valinta olohuoneeseesi, mutta ne voivat toimia my\u00f6s y\u00f6p\u00f6ytin\u00e4 makuuhuoneessa.<\/p>\n<\/p>\n<p>P\u00e4\u00e4typ\u00f6yd\u00e4t on valmistettu asiantuntevasti kest\u00e4v\u00e4st\u00e4, massiivitammesta ja on eritt\u00e4in k\u00e4yt\u00e4nn\u00f6llinen. Kompaktin muotoilun ansiosta ne viev\u00e4t hyvin v\u00e4h\u00e4n tilaa ja ovat ihanteellinen vaihtoehto pienempiin huoneisiin. Tukevat p\u00f6yt\u00e4levyt ovat ihanteellinen pit\u00e4m\u00e4\u00e4n ruokia ja juomia k\u00e4den ulottuvilla tai laittamaan esille koriste-esineit\u00e4 kuten valokuvakehyksi\u00e4.<\/p>\n<\/p>\n<p>Toimitus sis\u00e4lt\u00e4\u00e4 2 p\u00e4\u00e4typ\u00f6yt\u00e4\u00e4<\/p>\n<ul>\n<li>Materiaali: t\u00e4ysi tammi, tammiviilu MDF<\/li>\n<li>Mitat 27 x 24 x 37 cm (L x S x K)<\/li>\n<li><strong>Toimitus sis\u00e4lt\u00e4\u00e4:<\/strong><\/li>\n<li>2 x p\u00e4\u00e4typ\u00f6yt\u00e4<\/li>\n<\/ul>\n","protected":false},"excerpt":{"rendered":"<ul>\n<li>Materiaali: t\u00e4ysi tammi, tammiviilu MDF<\/li>\n<li>Mitat 27 x 24 x 37 cm (L x S x K)<\/li>\n<li><strong>Toimitus sis\u00e4lt\u00e4\u00e4:<\/strong><\/li>\n<li>2 x p\u00e4\u00e4typ\u00f6yt\u00e4<\/li>\n<\/ul>\n","protected":false},"featured_media":10000092719,"comment_status":"closed","ping_status":"closed","template":"","meta":[],"product_brand":[],"product_cat":[8534,84,8533],"product_tag":[],"class_list":{"0":"post-92719","1":"product","2":"type-product","3":"status-publish","4":"has-post-thumbnail","6":"product_cat-apupoydat","7":"product_cat-huonekalut","8":"product_cat-sivupoydat","10":"first","11":"instock","12":"taxable","13":"shipping-taxable","14":"purchasable","15":"product-type-simple"},"_links":{"self":[{"href":"https:\/\/www.otiumhome.fi\/index.php\/wp-json\/wp\/v2\/product\/92719","targetHints":{"allow":["GET"]}}],"collection":[{"href":"https:\/\/www.otiumhome.fi\/index.php\/wp-json\/wp\/v2\/product"}],"about":[{"href":"https:\/\/www.otiumhome.fi\/index.php\/wp-json\/wp\/v2\/types\/product"}],"replies":[{"embeddable":true,"href":"https:\/\/www.otiumhome.fi\/index.php\/wp-json\/wp\/v2\/comments?post=92719"}],"wp:featuredmedia":[{"embeddable":true,"href":"https:\/\/www.otiumhome.fi\/index.php\/wp-json\/"}],"wp:attachment":[{"href":"https:\/\/www.otiumhome.fi\/index.php\/wp-json\/wp\/v2\/media?parent=92719"}],"wp:term":[{"taxonomy":"product_brand","embeddable":true,"href":"https:\/\/www.otiumhome.fi\/index.php\/wp-json\/wp\/v2\/product_brand?post=92719"},{"taxonomy":"product_cat","embeddable":true,"href":"https:\/\/www.otiumhome.fi\/index.php\/wp-json\/wp\/v2\/product_cat?post=92719"},{"taxonomy":"product_tag","embeddable":true,"href":"https:\/\/www.otiumhome.fi\/index.php\/wp-json\/wp\/v2\/product_tag?post=92719"}],"curies":[{"name":"wp","href":"https:\/\/api.w.org\/{rel}","templated":true}]}}