{"id":92711,"date":"2024-12-15T08:18:40","date_gmt":"2024-12-15T08:18:40","guid":{"rendered":"https:\/\/www.otiumhome.fi\/?p=92711"},"modified":"2024-12-17T09:19:12","modified_gmt":"2024-12-17T09:19:12","slug":"lamppupoyta-40x50-cm-taysi-tammi","status":"publish","type":"product","link":"https:\/\/www.otiumhome.fi\/index.php\/tuote\/lamppupoyta-40x50-cm-taysi-tammi\/","title":{"rendered":"Lamppup\u00f6yt\u00e4 40&#215;50 cm t\u00e4ysi tammi"},"content":{"rendered":"<p>Tuo taiteellinen j\u00e4rjestys lampuille, kirjoille ja muille arvokkaille tavaroille puisella lamppup\u00f6yd\u00e4ll\u00e4mme!<\/p>\n<\/p>\n<p>Sivup\u00f6yd\u00e4n p\u00f6yt\u00e4levy on valmistettu t\u00e4ydest\u00e4 tammesta ja sit\u00e4 tukevat jalat ovat t\u00e4ytt\u00e4 akaasiapuuta. Selke\u00e4t puun kuviot tekev\u00e4t jokaisesta sohvap\u00f6yd\u00e4st\u00e4 hieman toisista poikkeavan. Lis\u00e4ksi alla oleva MDF-hylly tarjoaa ylim\u00e4\u00e4r\u00e4ist\u00e4 s\u00e4ilytystilaa.<\/p>\n<\/p>\n<p>T\u00e4rke\u00e4 huomio: v\u00e4rit ja puun syyt voivat vaihdella kappaleittain, mik\u00e4 tekee jokaisesta olohuoneen p\u00f6yd\u00e4st\u00e4 ainutlaatuisen.<\/p>\n<ul>\n<li>V\u00e4ri: tammi ja valkoinen<\/li>\n<li>Materiaali: t\u00e4ysi tammi, MDF, t\u00e4ysi akaasiapuu<\/li>\n<li>Mitat : 40 x 50 cm (halkaisija x K)<\/li>\n<li>Sis\u00e4lt\u00e4\u00e4 yhden hyllyn<\/li>\n<li>Viimeistely: p\u00f6yt\u00e4levy (luonnollinen viimeistely), muut osat (valkoinen maali)<\/li>\n<li>Asennus vaaditaan: kyll\u00e4<\/li>\n<\/ul>\n","protected":false},"excerpt":{"rendered":"<ul>\n<li>V\u00e4ri: tammi ja valkoinen<\/li>\n<li>Materiaali: t\u00e4ysi tammi, MDF, t\u00e4ysi akaasiapuu<\/li>\n<li>Mitat : 40 x 50 cm (halkaisija x K)<\/li>\n<li>Sis\u00e4lt\u00e4\u00e4 yhden hyllyn<\/li>\n<li>Viimeistely: p\u00f6yt\u00e4levy (luonnollinen viimeistely), muut osat (valkoinen maali)<\/li>\n<li>Asennus vaaditaan: kyll\u00e4<\/li>\n<\/ul>\n","protected":false},"featured_media":10000092711,"comment_status":"closed","ping_status":"closed","template":"","meta":[],"product_brand":[],"product_cat":[8534,84,8533],"product_tag":[],"class_list":{"0":"post-92711","1":"product","2":"type-product","3":"status-publish","4":"has-post-thumbnail","6":"product_cat-apupoydat","7":"product_cat-huonekalut","8":"product_cat-sivupoydat","10":"first","11":"outofstock","12":"taxable","13":"shipping-taxable","14":"purchasable","15":"product-type-simple"},"_links":{"self":[{"href":"https:\/\/www.otiumhome.fi\/index.php\/wp-json\/wp\/v2\/product\/92711","targetHints":{"allow":["GET"]}}],"collection":[{"href":"https:\/\/www.otiumhome.fi\/index.php\/wp-json\/wp\/v2\/product"}],"about":[{"href":"https:\/\/www.otiumhome.fi\/index.php\/wp-json\/wp\/v2\/types\/product"}],"replies":[{"embeddable":true,"href":"https:\/\/www.otiumhome.fi\/index.php\/wp-json\/wp\/v2\/comments?post=92711"}],"wp:featuredmedia":[{"embeddable":true,"href":"https:\/\/www.otiumhome.fi\/index.php\/wp-json\/"}],"wp:attachment":[{"href":"https:\/\/www.otiumhome.fi\/index.php\/wp-json\/wp\/v2\/media?parent=92711"}],"wp:term":[{"taxonomy":"product_brand","embeddable":true,"href":"https:\/\/www.otiumhome.fi\/index.php\/wp-json\/wp\/v2\/product_brand?post=92711"},{"taxonomy":"product_cat","embeddable":true,"href":"https:\/\/www.otiumhome.fi\/index.php\/wp-json\/wp\/v2\/product_cat?post=92711"},{"taxonomy":"product_tag","embeddable":true,"href":"https:\/\/www.otiumhome.fi\/index.php\/wp-json\/wp\/v2\/product_tag?post=92711"}],"curies":[{"name":"wp","href":"https:\/\/api.w.org\/{rel}","templated":true}]}}