{"id":92708,"date":"2024-12-15T08:18:40","date_gmt":"2024-12-15T08:18:40","guid":{"rendered":"https:\/\/www.otiumhome.fi\/?p=92708"},"modified":"2025-06-06T15:33:36","modified_gmt":"2025-06-06T15:33:36","slug":"konsolipoyta-110x30x75-cm-taysi-karkea-mangopuu","status":"publish","type":"product","link":"https:\/\/www.otiumhome.fi\/index.php\/tuote\/konsolipoyta-110x30x75-cm-taysi-karkea-mangopuu\/","title":{"rendered":"Konsolip\u00f6yt\u00e4 110x30x75 cm t\u00e4ysi karkea mangopuu"},"content":{"rendered":"<p>T\u00e4m\u00e4n monipuolinen puusta valmistettu konsolip\u00f6yt\u00e4 lis\u00e4\u00e4 tyyli\u00e4 ja s\u00e4ilytystilaa eteiseesi, olohuoneeseesi tai k\u00e4yt\u00e4v\u00e4\u00e4si.<\/p>\n<p><span style=\"font-size: 13.12px\"><br \/><\/span><\/p>\n<ul>\n<li>Kest\u00e4v\u00e4 materiaali: T\u00e4ysi mangopuu on luja trooppinen lehtipuu, josta valmistetaan tukevia kalusteita. Kauniit puunsyyt tekev\u00e4t jokaisesta kalusteesta hieman erilaisen kuin seuraavasta.<\/li>\n<li>S\u00e4ilytystila: Eteisen p\u00f6yt\u00e4 on varustettu kahdella laatikolla ja hyllyll\u00e4, joissa voit s\u00e4ilytt\u00e4\u00e4 avaimesi, korttisi, lasisi tai muita usein k\u00e4ytettyj\u00e4 esineit\u00e4 oleskelusi aikana.<\/li>\n<li>Tilava p\u00f6yt\u00e4levy: T\u00e4ss\u00e4 sivup\u00f6yd\u00e4ss\u00e4 on tilava p\u00f6yt\u00e4levy, joka tarjoaa sinulle t\u00e4ydellisen m\u00e4\u00e4r\u00e4n tilaa t\u00e4rkeiden esineiden, kuten koristeiden, kukkamaljakon, kehystettyjen valokuvien ja vastaavien esittelyyn.<\/li>\n<li>Metallijalat: Metallijalat lis\u00e4\u00e4v\u00e4t modernia ja rauhallista tyyli\u00e4 sisustukseesi ja takaavat samalla vakauden.<\/li>\n<\/ul>\n<p><span style=\"font-size: 13.12px\"><br \/><\/span><\/p>\n<p>Varoitus:<\/p>\n<ul>\n<li>Kaatumisen est\u00e4miseksi on t\u00e4t\u00e4 tuotetta k\u00e4ytett\u00e4v\u00e4 mukana toimitettavan sein\u00e4kiinnityslaitteen kanssa.<\/li>\n<\/ul>\n<p><span style=\"font-size: 13.12px\">Huomioi:<\/span><\/p>\n<ul>\n<li>V\u00e4rit saattavat vaihdella kappaleesta toiseen, tehden jokaisesta kappaleesta ainutlaatuisen ja hieman erilaisen kuin muut. Toimitus on satunnainen.<\/li>\n<\/ul>\n<ul>\n<li>Rungon v\u00e4ri: musta<\/li>\n<li>Materiaali: T\u00e4ysi karkea mangopuu, metalli<\/li>\n<li>Mitat: 110 x 30 x 75 cm (L x S x K)<\/li>\n<li>Asennus vaaditaan: kyll\u00e4<\/li>\n<li>Legal Documents:\n<p><span>Lis\u00e4tietoja huonekalujesi kaatumisen est\u00e4misest\u00e4 voit l\u00f6yt\u00e4\u00e4 <span style=\"text-decoration: underline\"><strong><a title=\"https:\/\/bit.ly\/3bVwkQp\" href=\"https:\/\/bit.ly\/3bVwkQp\" target=\"_blank\">t\u00e4\u00e4lt\u00e4<\/a><\/strong><\/span><\/span><\/p>\n<\/li>\n<\/ul>\n","protected":false},"excerpt":{"rendered":"<ul>\n<li>Rungon v\u00e4ri: musta<\/li>\n<li>Materiaali: T\u00e4ysi karkea mangopuu, metalli<\/li>\n<li>Mitat: 110 x 30 x 75 cm (L x S x K)<\/li>\n<li>Asennus vaaditaan: kyll\u00e4<\/li>\n<li>Legal Documents:\n<p><span>Lis\u00e4tietoja huonekalujesi kaatumisen est\u00e4misest\u00e4 voit l\u00f6yt\u00e4\u00e4 <span style=\"text-decoration: underline\"><strong><a title=\"https:\/\/bit.ly\/3bVwkQp\" href=\"https:\/\/bit.ly\/3bVwkQp\" target=\"_blank\">t\u00e4\u00e4lt\u00e4<\/a><\/strong><\/span><\/span><\/p>\n<\/li>\n<\/ul>\n","protected":false},"featured_media":10000092708,"comment_status":"closed","ping_status":"closed","template":"","meta":[],"product_brand":[],"product_cat":[8534,84,8533],"product_tag":[],"class_list":{"0":"post-92708","1":"product","2":"type-product","3":"status-publish","4":"has-post-thumbnail","6":"product_cat-apupoydat","7":"product_cat-huonekalut","8":"product_cat-sivupoydat","10":"first","11":"instock","12":"taxable","13":"shipping-taxable","14":"purchasable","15":"product-type-simple"},"_links":{"self":[{"href":"https:\/\/www.otiumhome.fi\/index.php\/wp-json\/wp\/v2\/product\/92708","targetHints":{"allow":["GET"]}}],"collection":[{"href":"https:\/\/www.otiumhome.fi\/index.php\/wp-json\/wp\/v2\/product"}],"about":[{"href":"https:\/\/www.otiumhome.fi\/index.php\/wp-json\/wp\/v2\/types\/product"}],"replies":[{"embeddable":true,"href":"https:\/\/www.otiumhome.fi\/index.php\/wp-json\/wp\/v2\/comments?post=92708"}],"wp:featuredmedia":[{"embeddable":true,"href":"https:\/\/www.otiumhome.fi\/index.php\/wp-json\/"}],"wp:attachment":[{"href":"https:\/\/www.otiumhome.fi\/index.php\/wp-json\/wp\/v2\/media?parent=92708"}],"wp:term":[{"taxonomy":"product_brand","embeddable":true,"href":"https:\/\/www.otiumhome.fi\/index.php\/wp-json\/wp\/v2\/product_brand?post=92708"},{"taxonomy":"product_cat","embeddable":true,"href":"https:\/\/www.otiumhome.fi\/index.php\/wp-json\/wp\/v2\/product_cat?post=92708"},{"taxonomy":"product_tag","embeddable":true,"href":"https:\/\/www.otiumhome.fi\/index.php\/wp-json\/wp\/v2\/product_tag?post=92708"}],"curies":[{"name":"wp","href":"https:\/\/api.w.org\/{rel}","templated":true}]}}