{"id":92707,"date":"2024-12-15T08:18:40","date_gmt":"2024-12-15T08:18:40","guid":{"rendered":"https:\/\/www.otiumhome.fi\/?p=92707"},"modified":"2025-06-06T15:33:38","modified_gmt":"2025-06-06T15:33:38","slug":"sivupoyta-27x24x55-cm-taysi-tammi","status":"publish","type":"product","link":"https:\/\/www.otiumhome.fi\/index.php\/tuote\/sivupoyta-27x24x55-cm-taysi-tammi\/","title":{"rendered":"Sivup\u00f6yt\u00e4 27x24x55 cm t\u00e4ysi tammi"},"content":{"rendered":"<p>Vankka sivup\u00f6yt\u00e4 on yksinkertainen mutta tyylik\u00e4s ja sopii mihin tahansa sisustukseen. Se voi toimia my\u00f6s y\u00f6p\u00f6yt\u00e4n\u00e4 tai puhelinp\u00f6yt\u00e4n\u00e4.<\/p>\n<\/p>\n<p>P\u00e4\u00e4typ\u00f6yt\u00e4 hyllyll\u00e4 on valmistettu asiantuntevasti kest\u00e4v\u00e4st\u00e4 t\u00e4ydest\u00e4 tammesta ja MDF:st\u00e4 ja on eritt\u00e4in k\u00e4yt\u00e4nn\u00f6llinen. Kompaktin muotoilun ansiosta p\u00f6yt\u00e4 vie hyvin v\u00e4h\u00e4n tilaa ja on ihanteellinen pienempiin huoneisiin. P\u00f6yt\u00e4 on ihanteellinen pit\u00e4m\u00e4\u00e4n ruokia ja juomia k\u00e4den ulottuvilla tai laittamaan esille koriste-esineit\u00e4 kuten valokuvakehyksi\u00e4.<\/p>\n<ul>\n<li>Materiaali: t\u00e4ysi tammi luonnollisella viimeistelyll\u00e4, MDF<\/li>\n<li>Mitat: 27 x 24 x 55 cm (P x L x K)<\/li>\n<li>Yhdell\u00e4 hyllyll\u00e4<\/li>\n<li>Asennus vaaditaan: kyll\u00e4<\/li>\n<\/ul>\n","protected":false},"excerpt":{"rendered":"<ul>\n<li>Materiaali: t\u00e4ysi tammi luonnollisella viimeistelyll\u00e4, MDF<\/li>\n<li>Mitat: 27 x 24 x 55 cm (P x L x K)<\/li>\n<li>Yhdell\u00e4 hyllyll\u00e4<\/li>\n<li>Asennus vaaditaan: kyll\u00e4<\/li>\n<\/ul>\n","protected":false},"featured_media":10000092707,"comment_status":"closed","ping_status":"closed","template":"","meta":[],"product_brand":[],"product_cat":[8534,84,8533],"product_tag":[],"class_list":{"0":"post-92707","1":"product","2":"type-product","3":"status-publish","4":"has-post-thumbnail","6":"product_cat-apupoydat","7":"product_cat-huonekalut","8":"product_cat-sivupoydat","10":"first","11":"instock","12":"taxable","13":"shipping-taxable","14":"purchasable","15":"product-type-simple"},"_links":{"self":[{"href":"https:\/\/www.otiumhome.fi\/index.php\/wp-json\/wp\/v2\/product\/92707","targetHints":{"allow":["GET"]}}],"collection":[{"href":"https:\/\/www.otiumhome.fi\/index.php\/wp-json\/wp\/v2\/product"}],"about":[{"href":"https:\/\/www.otiumhome.fi\/index.php\/wp-json\/wp\/v2\/types\/product"}],"replies":[{"embeddable":true,"href":"https:\/\/www.otiumhome.fi\/index.php\/wp-json\/wp\/v2\/comments?post=92707"}],"wp:featuredmedia":[{"embeddable":true,"href":"https:\/\/www.otiumhome.fi\/index.php\/wp-json\/"}],"wp:attachment":[{"href":"https:\/\/www.otiumhome.fi\/index.php\/wp-json\/wp\/v2\/media?parent=92707"}],"wp:term":[{"taxonomy":"product_brand","embeddable":true,"href":"https:\/\/www.otiumhome.fi\/index.php\/wp-json\/wp\/v2\/product_brand?post=92707"},{"taxonomy":"product_cat","embeddable":true,"href":"https:\/\/www.otiumhome.fi\/index.php\/wp-json\/wp\/v2\/product_cat?post=92707"},{"taxonomy":"product_tag","embeddable":true,"href":"https:\/\/www.otiumhome.fi\/index.php\/wp-json\/wp\/v2\/product_tag?post=92707"}],"curies":[{"name":"wp","href":"https:\/\/api.w.org\/{rel}","templated":true}]}}