{"id":92705,"date":"2024-12-15T08:18:40","date_gmt":"2024-12-15T08:18:40","guid":{"rendered":"https:\/\/www.otiumhome.fi\/?p=92705"},"modified":"2025-06-06T15:33:35","modified_gmt":"2025-06-06T15:33:35","slug":"sivupoyta-harmaa-sonoma-70x35x55-cm-tekninen-puu","status":"publish","type":"product","link":"https:\/\/www.otiumhome.fi\/index.php\/tuote\/sivupoyta-harmaa-sonoma-70x35x55-cm-tekninen-puu\/","title":{"rendered":"Sivup\u00f6yt\u00e4 harmaa Sonoma 70x35x55 cm tekninen puu"},"content":{"rendered":"<p>Tuo tyylik\u00e4st\u00e4 ylellisyytt\u00e4 kotiisi t\u00e4ll\u00e4 tyylikk\u00e4\u00e4ll\u00e4 sivup\u00f6yd\u00e4ll\u00e4!<\/p>\n<\/p>\n<ul>\n<li>Runsaasti s\u00e4ilytystilaa: T\u00e4m\u00e4n p\u00f6yd\u00e4n runsas s\u00e4ilytystila helpottaa tavaroiden j\u00e4rjest\u00e4mist\u00e4.<\/li>\n<li>Py\u00f6r\u00e4t helppoon siirt\u00e4miseen: T\u00e4t\u00e4 sohvap\u00f6yt\u00e4\u00e4 on helppo siirt\u00e4\u00e4 mukana olevien py\u00f6rien ansiosta.<\/li>\n<li>Helposti puhdistettava materiaali: Tekninen puu on poikkeuksellisen laadukasta ja sile\u00e4pintaista, se on my\u00f6s luja, vakaa ja kosteudelle vastustuskykyinen. Teknisest\u00e4 puusta valmistettu p\u00e4\u00e4typ\u00f6yt\u00e4 on helppo puhdistaa.<\/li>\n<\/ul>\n<ul>\n<li>V\u00e4ri: harmaa Sonoma-tammi<\/li>\n<li>Materiaali: tekninen puu<\/li>\n<li>Mitat: 70 x 35 x 55 cm (P x L x K)<\/li>\n<li>2 tasoa ja 4 py\u00f6r\u00e4\u00e4<\/li>\n<li>Asennus vaaditaan: kyll\u00e4<\/li>\n<\/ul>\n","protected":false},"excerpt":{"rendered":"<ul>\n<li>V\u00e4ri: harmaa Sonoma-tammi<\/li>\n<li>Materiaali: tekninen puu<\/li>\n<li>Mitat: 70 x 35 x 55 cm (P x L x K)<\/li>\n<li>2 tasoa ja 4 py\u00f6r\u00e4\u00e4<\/li>\n<li>Asennus vaaditaan: kyll\u00e4<\/li>\n<\/ul>\n","protected":false},"featured_media":10000092705,"comment_status":"closed","ping_status":"closed","template":"","meta":[],"product_brand":[],"product_cat":[8534,84,8533],"product_tag":[],"class_list":{"0":"post-92705","1":"product","2":"type-product","3":"status-publish","4":"has-post-thumbnail","6":"product_cat-apupoydat","7":"product_cat-huonekalut","8":"product_cat-sivupoydat","10":"first","11":"instock","12":"taxable","13":"shipping-taxable","14":"purchasable","15":"product-type-simple"},"_links":{"self":[{"href":"https:\/\/www.otiumhome.fi\/index.php\/wp-json\/wp\/v2\/product\/92705","targetHints":{"allow":["GET"]}}],"collection":[{"href":"https:\/\/www.otiumhome.fi\/index.php\/wp-json\/wp\/v2\/product"}],"about":[{"href":"https:\/\/www.otiumhome.fi\/index.php\/wp-json\/wp\/v2\/types\/product"}],"replies":[{"embeddable":true,"href":"https:\/\/www.otiumhome.fi\/index.php\/wp-json\/wp\/v2\/comments?post=92705"}],"wp:featuredmedia":[{"embeddable":true,"href":"https:\/\/www.otiumhome.fi\/index.php\/wp-json\/"}],"wp:attachment":[{"href":"https:\/\/www.otiumhome.fi\/index.php\/wp-json\/wp\/v2\/media?parent=92705"}],"wp:term":[{"taxonomy":"product_brand","embeddable":true,"href":"https:\/\/www.otiumhome.fi\/index.php\/wp-json\/wp\/v2\/product_brand?post=92705"},{"taxonomy":"product_cat","embeddable":true,"href":"https:\/\/www.otiumhome.fi\/index.php\/wp-json\/wp\/v2\/product_cat?post=92705"},{"taxonomy":"product_tag","embeddable":true,"href":"https:\/\/www.otiumhome.fi\/index.php\/wp-json\/wp\/v2\/product_tag?post=92705"}],"curies":[{"name":"wp","href":"https:\/\/api.w.org\/{rel}","templated":true}]}}