{"id":92703,"date":"2024-12-15T08:18:40","date_gmt":"2024-12-15T08:18:40","guid":{"rendered":"https:\/\/www.otiumhome.fi\/?p=92703"},"modified":"2025-09-14T22:49:33","modified_gmt":"2025-09-14T22:49:33","slug":"paatypoyta-45x27x42-cm-taysi-tammi","status":"publish","type":"product","link":"https:\/\/www.otiumhome.fi\/index.php\/tuote\/paatypoyta-45x27x42-cm-taysi-tammi\/","title":{"rendered":"P\u00e4\u00e4typ\u00f6yt\u00e4 45x27x42 cm t\u00e4ysi tammi"},"content":{"rendered":"<p>Lehti-\/p\u00e4\u00e4typ\u00f6yd\u00e4ss\u00e4mme on yksinkertaisen tyylik\u00e4s suunnittelu ja se lis\u00e4\u00e4 hieman maalaischarmia kotisi sisustukseen.<\/p>\n<\/p>\n<p>T\u00e4m\u00e4 lehtiteline on valmistettu ammattimaisesti t\u00e4ydest\u00e4 tammesta ja MDF-levyst\u00e4, siksi se on todella kest\u00e4v\u00e4 ja k\u00e4yt\u00e4nn\u00f6llinen. Kompaktin suunnittelun ansiosta se vie vai v\u00e4h\u00e4n tilaa ja sit\u00e4 on helppo siirt\u00e4\u00e4. Tukeva p\u00f6yt\u00e4levy sopii t\u00e4ydellisesti esittelem\u00e4\u00e4n koriste-esineit\u00e4, valokuvia tai ruukkukasveja. Siin\u00e4 on my\u00f6s yksi hylly, joka on t\u00e4ydellinen paikka sanoma- ja aikakauslehdille.<\/p>\n<ul>\n<li>Materiaali: t\u00e4ysi tammi luonnollisella viimeistelyll\u00e4, MDF<\/li>\n<li>Mitat: 45 x 27 x 42 cm (P x L x K)<\/li>\n<li>Yhdell\u00e4 hyllyll\u00e4<\/li>\n<li>Ihanteellinen paikka sanoma- ja aikakauslehdille <\/li>\n<li>Kokoonpano vaaditaan: Ei<\/li>\n<\/ul>\n","protected":false},"excerpt":{"rendered":"<ul>\n<li>Materiaali: t\u00e4ysi tammi luonnollisella viimeistelyll\u00e4, MDF<\/li>\n<li>Mitat: 45 x 27 x 42 cm (P x L x K)<\/li>\n<li>Yhdell\u00e4 hyllyll\u00e4<\/li>\n<li>Ihanteellinen paikka sanoma- ja aikakauslehdille <\/li>\n<li>Kokoonpano vaaditaan: Ei<\/li>\n<\/ul>\n","protected":false},"featured_media":10000092703,"comment_status":"closed","ping_status":"closed","template":"","meta":[],"product_brand":[],"product_cat":[8534,84,8533],"product_tag":[],"class_list":{"0":"post-92703","1":"product","2":"type-product","3":"status-publish","4":"has-post-thumbnail","6":"product_cat-apupoydat","7":"product_cat-huonekalut","8":"product_cat-sivupoydat","10":"first","11":"instock","12":"taxable","13":"shipping-taxable","14":"purchasable","15":"product-type-simple"},"_links":{"self":[{"href":"https:\/\/www.otiumhome.fi\/index.php\/wp-json\/wp\/v2\/product\/92703","targetHints":{"allow":["GET"]}}],"collection":[{"href":"https:\/\/www.otiumhome.fi\/index.php\/wp-json\/wp\/v2\/product"}],"about":[{"href":"https:\/\/www.otiumhome.fi\/index.php\/wp-json\/wp\/v2\/types\/product"}],"replies":[{"embeddable":true,"href":"https:\/\/www.otiumhome.fi\/index.php\/wp-json\/wp\/v2\/comments?post=92703"}],"wp:featuredmedia":[{"embeddable":true,"href":"https:\/\/www.otiumhome.fi\/index.php\/wp-json\/"}],"wp:attachment":[{"href":"https:\/\/www.otiumhome.fi\/index.php\/wp-json\/wp\/v2\/media?parent=92703"}],"wp:term":[{"taxonomy":"product_brand","embeddable":true,"href":"https:\/\/www.otiumhome.fi\/index.php\/wp-json\/wp\/v2\/product_brand?post=92703"},{"taxonomy":"product_cat","embeddable":true,"href":"https:\/\/www.otiumhome.fi\/index.php\/wp-json\/wp\/v2\/product_cat?post=92703"},{"taxonomy":"product_tag","embeddable":true,"href":"https:\/\/www.otiumhome.fi\/index.php\/wp-json\/wp\/v2\/product_tag?post=92703"}],"curies":[{"name":"wp","href":"https:\/\/api.w.org\/{rel}","templated":true}]}}