{"id":92696,"date":"2024-12-15T08:18:40","date_gmt":"2024-12-15T08:18:40","guid":{"rendered":"https:\/\/www.otiumhome.fi\/?p=92696"},"modified":"2025-09-24T23:08:25","modified_gmt":"2025-09-24T23:08:25","slug":"yopoyta-metallijaloilla-ruskea-taysi-manty-oslo","status":"publish","type":"product","link":"https:\/\/www.otiumhome.fi\/index.php\/tuote\/yopoyta-metallijaloilla-ruskea-taysi-manty-oslo\/","title":{"rendered":"Y\u00f6p\u00f6yt\u00e4 metallijaloilla ruskea t\u00e4ysi m\u00e4nty OSLO"},"content":{"rendered":"<p>T\u00e4m\u00e4 teollistyylinen y\u00f6p\u00f6yt\u00e4 on ajaton lis\u00e4 huoneesi sisustukseen.<\/p>\n<\/p>\n<ul>\n<li>Kest\u00e4v\u00e4 materiaali: Y\u00f6p\u00f6yt\u00e4 on valmistettu t\u00e4ydest\u00e4 m\u00e4nnyst\u00e4, joka on kaunis luonnollinen materiaali. M\u00e4nnyll\u00e4 on suorat puunsyyt ja sen oksanpaikat antavat materiaalille sen ominaisen rustiikkisen ilmeen.<\/li>\n<li>Runsaasti s\u00e4ilytystilaa: Vuoteen vieruskaapissa on yksi avolokero ja yksi laatikko, joka tekee siit\u00e4 ihanteellinen paikan p\u00e4ivitt\u00e4istavaroiden s\u00e4ilytt\u00e4miseen.<\/li>\n<li>Tukeva p\u00f6yt\u00e4levy: Pienen y\u00f6p\u00f6yd\u00e4n tukeva yl\u00e4taso on ihanteellinen lamppujen, juomien, naposteltavien ja koristeiden asettamiseen.<\/li>\n<li>Metallijalat: T\u00e4m\u00e4n y\u00f6p\u00f6yd\u00e4n metallijalat takaavat tukevuuden ja vakauden.<\/li>\n<\/ul>\n<p>Huomioi:<\/p>\n<ul>\n<li>Jokaisen tuotteen mukana on laatikossa kokoonpano-ohje helppoa asennusta varten.<\/li>\n<\/ul>\n<ul>\n<li>V\u00e4ri: Ruskea<\/li>\n<li>Materiaali: massiivim\u00e4nty, metalli, puusep\u00e4nty\u00f6t, muovi<\/li>\n<li>Kokonaismitat: 50 x 50 x 45 cm (L x S x K)<\/li>\n<li>Laatikon ulkomitat: 45,5 x 13 cm (P x L)<\/li>\n<li>Laatikon sis\u00e4mitat: 41 x 35 x 11,5 cm (L x S x K)<\/li>\n<li>Lokeron mitat: 46 x 49 x 13 cm (L x S x K)<\/li>\n<li>Jalan korkeus: 14 cm<\/li>\n<li>Ominaisuudet: 1 laatikko<\/li>\n<li>Ominaisuudet: metallinen vedin<\/li>\n<li>Valikoima: &#8221;OSLO&#8221;<\/li>\n<\/ul>\n","protected":false},"excerpt":{"rendered":"<ul>\n<li>V\u00e4ri: Ruskea<\/li>\n<li>Materiaali: massiivim\u00e4nty, metalli, puusep\u00e4nty\u00f6t, muovi<\/li>\n<li>Kokonaismitat: 50 x 50 x 45 cm (L x S x K)<\/li>\n<li>Laatikon ulkomitat: 45,5 x 13 cm (P x L)<\/li>\n<li>Laatikon sis\u00e4mitat: 41 x 35 x 11,5 cm (L x S x K)<\/li>\n<li>Lokeron mitat: 46 x 49 x 13 cm (L x S x K)<\/li>\n<li>Jalan korkeus: 14 cm<\/li>\n<li>Ominaisuudet: 1 laatikko<\/li>\n<li>Ominaisuudet: metallinen vedin<\/li>\n<li>Valikoima: &#8221;OSLO&#8221;<\/li>\n<\/ul>\n","protected":false},"featured_media":10000092696,"comment_status":"closed","ping_status":"closed","template":"","meta":[],"product_brand":[],"product_cat":[8534,84,8533],"product_tag":[],"class_list":{"0":"post-92696","1":"product","2":"type-product","3":"status-publish","4":"has-post-thumbnail","6":"product_cat-apupoydat","7":"product_cat-huonekalut","8":"product_cat-sivupoydat","10":"first","11":"instock","12":"taxable","13":"shipping-taxable","14":"purchasable","15":"product-type-simple"},"_links":{"self":[{"href":"https:\/\/www.otiumhome.fi\/index.php\/wp-json\/wp\/v2\/product\/92696","targetHints":{"allow":["GET"]}}],"collection":[{"href":"https:\/\/www.otiumhome.fi\/index.php\/wp-json\/wp\/v2\/product"}],"about":[{"href":"https:\/\/www.otiumhome.fi\/index.php\/wp-json\/wp\/v2\/types\/product"}],"replies":[{"embeddable":true,"href":"https:\/\/www.otiumhome.fi\/index.php\/wp-json\/wp\/v2\/comments?post=92696"}],"wp:featuredmedia":[{"embeddable":true,"href":"https:\/\/www.otiumhome.fi\/index.php\/wp-json\/"}],"wp:attachment":[{"href":"https:\/\/www.otiumhome.fi\/index.php\/wp-json\/wp\/v2\/media?parent=92696"}],"wp:term":[{"taxonomy":"product_brand","embeddable":true,"href":"https:\/\/www.otiumhome.fi\/index.php\/wp-json\/wp\/v2\/product_brand?post=92696"},{"taxonomy":"product_cat","embeddable":true,"href":"https:\/\/www.otiumhome.fi\/index.php\/wp-json\/wp\/v2\/product_cat?post=92696"},{"taxonomy":"product_tag","embeddable":true,"href":"https:\/\/www.otiumhome.fi\/index.php\/wp-json\/wp\/v2\/product_tag?post=92696"}],"curies":[{"name":"wp","href":"https:\/\/api.w.org\/{rel}","templated":true}]}}