{"id":92684,"date":"2024-12-15T08:18:39","date_gmt":"2024-12-15T08:18:39","guid":{"rendered":"https:\/\/www.otiumhome.fi\/?p=92684"},"modified":"2025-09-24T23:08:25","modified_gmt":"2025-09-24T23:08:25","slug":"konsolikaappi-metallijaloilla-harmaa-taysi-manty-oslo","status":"publish","type":"product","link":"https:\/\/www.otiumhome.fi\/index.php\/tuote\/konsolikaappi-metallijaloilla-harmaa-taysi-manty-oslo\/","title":{"rendered":"Konsolikaappi metallijaloilla harmaa t\u00e4ysi m\u00e4nty OSLO"},"content":{"rendered":"<p>Lis\u00e4\u00e4 teollinen kosketus huoneeseesi t\u00e4ll\u00e4 klassisella puisella konsolikaapilla! Se on k\u00e4yt\u00e4nn\u00f6llinen ja koristeellinen lis\u00e4 sisustukseesi.<\/p>\n<\/p>\n<ul>\n<li> Kest\u00e4v\u00e4 materiaali: T\u00e4ysi m\u00e4nty on kaunis luonnonmateriaali. M\u00e4nnyll\u00e4 on suorat puunsyyt ja sen oksanpaikat antavat materiaalille sen ominaisen, rustiikkisen ilmeen.<\/li>\n<li>Runsaasti s\u00e4ilytystilaa: Kaapissa on yksi laatikko ja kaksi avointa lokeroa, jotka tarjoavat riitt\u00e4v\u00e4sti s\u00e4ilytystilaa p\u00e4ivitt\u00e4is-tarvikkeiden j\u00e4rjestyksess\u00e4 ja helposti saatavilla pit\u00e4miseen. <\/li>\n<li>Tukeva yl\u00e4taso: Sivukaapin yl\u00e4taso on t\u00e4ydellinen koristeiden, valokuvien ja ruukkukasvien esille laittoon. <\/li>\n<li>Metallijalat: T\u00e4m\u00e4n eteisen kaapin metallijalat takaavat tukevuuden ja vakauden.<\/li>\n<\/ul>\n<p>Varoitus:<\/p>\n<ul>\n<li>Kaatumisen est\u00e4miseksi on t\u00e4t\u00e4 tuotetta k\u00e4ytett\u00e4v\u00e4 mukana toimitetun sein\u00e4kiinnityslaitteen kanssa.<\/li>\n<\/ul>\n<p>Huomioi:<\/p>\n<ul>\n<li>Jokaisen tuotteen mukana on laatikossa kokoonpano-ohje helppoa asennusta varten.<\/li>\n<\/ul>\n<ul>\n<li>V\u00e4ri: Harmaa<\/li>\n<li>Materiaali: Massiivim\u00e4nty, metalli, puusep\u00e4nty\u00f6t, muovi<\/li>\n<li>Kokonaismitat: 50 x 35 x 70 cm (L x S x K)<\/li>\n<li>Laatikon ulkomitat: 45,5 x 13 cm (L x S)<\/li>\n<li>Laatikon sis\u00e4mitat: 41 x 30 x 11,5 cm (L x S x K)<\/li>\n<li>Lokeron mitat: 45,5 x 34 x 20 cm (L x S x K)<\/li>\n<li>Jalan korkeus: 14 cm<\/li>\n<li>Ominaisuudet: 1 laatikko<\/li>\n<li>Ominaisuudet: 1 metallinen vedin<\/li>\n<li>Valikoima: &#8221;OSLO&#8221;<\/li>\n<li>Legal Documents:\n<p><span>Lis\u00e4tietoja huonekalujesi kaatumisen est\u00e4misest\u00e4 voit l\u00f6yt\u00e4\u00e4 <span style=\"text-decoration: underline\"><strong><a title=\"https:\/\/bit.ly\/3bVwkQp\" href=\"https:\/\/bit.ly\/3bVwkQp\" target=\"_blank\">t\u00e4\u00e4lt\u00e4<\/a><\/strong><\/span><\/span><\/p>\n<\/li>\n<\/ul>\n","protected":false},"excerpt":{"rendered":"<ul>\n<li>V\u00e4ri: Harmaa<\/li>\n<li>Materiaali: Massiivim\u00e4nty, metalli, puusep\u00e4nty\u00f6t, muovi<\/li>\n<li>Kokonaismitat: 50 x 35 x 70 cm (L x S x K)<\/li>\n<li>Laatikon ulkomitat: 45,5 x 13 cm (L x S)<\/li>\n<li>Laatikon sis\u00e4mitat: 41 x 30 x 11,5 cm (L x S x K)<\/li>\n<li>Lokeron mitat: 45,5 x 34 x 20 cm (L x S x K)<\/li>\n<li>Jalan korkeus: 14 cm<\/li>\n<li>Ominaisuudet: 1 laatikko<\/li>\n<li>Ominaisuudet: 1 metallinen vedin<\/li>\n<li>Valikoima: &#8221;OSLO&#8221;<\/li>\n<li>Legal Documents:\n<p><span>Lis\u00e4tietoja huonekalujesi kaatumisen est\u00e4misest\u00e4 voit l\u00f6yt\u00e4\u00e4 <span style=\"text-decoration: underline\"><strong><a title=\"https:\/\/bit.ly\/3bVwkQp\" href=\"https:\/\/bit.ly\/3bVwkQp\" target=\"_blank\">t\u00e4\u00e4lt\u00e4<\/a><\/strong><\/span><\/span><\/p>\n<\/li>\n<\/ul>\n","protected":false},"featured_media":10000092684,"comment_status":"closed","ping_status":"closed","template":"","meta":[],"product_brand":[],"product_cat":[8534,84,8533],"product_tag":[],"class_list":{"0":"post-92684","1":"product","2":"type-product","3":"status-publish","4":"has-post-thumbnail","6":"product_cat-apupoydat","7":"product_cat-huonekalut","8":"product_cat-sivupoydat","10":"first","11":"instock","12":"taxable","13":"shipping-taxable","14":"purchasable","15":"product-type-simple"},"_links":{"self":[{"href":"https:\/\/www.otiumhome.fi\/index.php\/wp-json\/wp\/v2\/product\/92684","targetHints":{"allow":["GET"]}}],"collection":[{"href":"https:\/\/www.otiumhome.fi\/index.php\/wp-json\/wp\/v2\/product"}],"about":[{"href":"https:\/\/www.otiumhome.fi\/index.php\/wp-json\/wp\/v2\/types\/product"}],"replies":[{"embeddable":true,"href":"https:\/\/www.otiumhome.fi\/index.php\/wp-json\/wp\/v2\/comments?post=92684"}],"wp:featuredmedia":[{"embeddable":true,"href":"https:\/\/www.otiumhome.fi\/index.php\/wp-json\/"}],"wp:attachment":[{"href":"https:\/\/www.otiumhome.fi\/index.php\/wp-json\/wp\/v2\/media?parent=92684"}],"wp:term":[{"taxonomy":"product_brand","embeddable":true,"href":"https:\/\/www.otiumhome.fi\/index.php\/wp-json\/wp\/v2\/product_brand?post=92684"},{"taxonomy":"product_cat","embeddable":true,"href":"https:\/\/www.otiumhome.fi\/index.php\/wp-json\/wp\/v2\/product_cat?post=92684"},{"taxonomy":"product_tag","embeddable":true,"href":"https:\/\/www.otiumhome.fi\/index.php\/wp-json\/wp\/v2\/product_tag?post=92684"}],"curies":[{"name":"wp","href":"https:\/\/api.w.org\/{rel}","templated":true}]}}