{"id":92683,"date":"2024-12-15T08:18:39","date_gmt":"2024-12-15T08:18:39","guid":{"rendered":"https:\/\/www.otiumhome.fi\/?p=92683"},"modified":"2025-06-06T15:33:38","modified_gmt":"2025-06-06T15:33:38","slug":"u-muotoinen-sivupoyta-45x30x61cm-taysi-akaasiapuu","status":"publish","type":"product","link":"https:\/\/www.otiumhome.fi\/index.php\/tuote\/u-muotoinen-sivupoyta-45x30x61cm-taysi-akaasiapuu\/","title":{"rendered":"U-muotoinen sivup\u00f6yt\u00e4 45x30x61cm t\u00e4ysi akaasiapuu"},"content":{"rendered":"<p>T\u00e4m\u00e4 t\u00e4ytt\u00e4 akaasiapuuta oleva U-muotoinen sivup\u00f6yt\u00e4 on samalla tyylik\u00e4s ett\u00e4 k\u00e4yt\u00e4nn\u00f6llinen.<\/p>\n<\/p>\n<p>T\u00e4ysi akaasiapuu on trooppinen kovapuu kauniilla puun pintakuvioilla, joka kest\u00e4\u00e4 monia vuosia. T\u00e4m\u00e4 p\u00f6yt\u00e4 on tuettu jauhemaalatulla ter\u00e4ksell\u00e4, joka tekee siit\u00e4 vakaan ja kest\u00e4v\u00e4n. 1 vetolaatikko tarjoaa lis\u00e4\u00e4 s\u00e4ilytystilaa esineillesi.<\/p>\n<\/p>\n<p>T\u00e4rke\u00e4 huomio: V\u00e4rit ja pintakuviot saattavat vaihdella kappaleesta toiseen, mik\u00e4 tekee jokaisesta puisesta p\u00f6yd\u00e4st\u00e4 ainutlaatuisen ja hieman erilaisen kuin muut; toimitus on satunnainen.<\/p>\n<ul>\n<li>Materiaali: t\u00e4ysi akaasiapuu luonnollisella viimeistelyll\u00e4, jauhemaalattu ter\u00e4s<\/li>\n<li>Mitat: 45 x 30 x 61 cm (L x S x K)<\/li>\n<li>Asennus vaaditaan: kyll\u00e4<\/li>\n<li><strong>VAROITUS: <\/strong>Kaatumisen est\u00e4miseksi t\u00e4t\u00e4 tuotetta on k\u00e4ytett\u00e4v\u00e4 mukana toimitetun sein\u00e4kiinnityslaitteen kanssa.<\/li>\n<li>Legal Documents:\n<p><span>Lis\u00e4tietoja huonekalujesi kaatumisen est\u00e4misest\u00e4 voit l\u00f6yt\u00e4\u00e4 <span style=\"text-decoration: underline\"><strong><a title=\"https:\/\/bit.ly\/3bVwkQp\" href=\"https:\/\/bit.ly\/3bVwkQp\" target=\"_blank\">t\u00e4\u00e4lt\u00e4<\/a><\/strong><\/span><\/span><\/p>\n<\/li>\n<\/ul>\n","protected":false},"excerpt":{"rendered":"<ul>\n<li>Materiaali: t\u00e4ysi akaasiapuu luonnollisella viimeistelyll\u00e4, jauhemaalattu ter\u00e4s<\/li>\n<li>Mitat: 45 x 30 x 61 cm (L x S x K)<\/li>\n<li>Asennus vaaditaan: kyll\u00e4<\/li>\n<li><strong>VAROITUS: <\/strong>Kaatumisen est\u00e4miseksi t\u00e4t\u00e4 tuotetta on k\u00e4ytett\u00e4v\u00e4 mukana toimitetun sein\u00e4kiinnityslaitteen kanssa.<\/li>\n<li>Legal Documents:\n<p><span>Lis\u00e4tietoja huonekalujesi kaatumisen est\u00e4misest\u00e4 voit l\u00f6yt\u00e4\u00e4 <span style=\"text-decoration: underline\"><strong><a title=\"https:\/\/bit.ly\/3bVwkQp\" href=\"https:\/\/bit.ly\/3bVwkQp\" target=\"_blank\">t\u00e4\u00e4lt\u00e4<\/a><\/strong><\/span><\/span><\/p>\n<\/li>\n<\/ul>\n","protected":false},"featured_media":10000092683,"comment_status":"closed","ping_status":"closed","template":"","meta":[],"product_brand":[],"product_cat":[8534,84,8533],"product_tag":[],"class_list":{"0":"post-92683","1":"product","2":"type-product","3":"status-publish","4":"has-post-thumbnail","6":"product_cat-apupoydat","7":"product_cat-huonekalut","8":"product_cat-sivupoydat","10":"first","11":"instock","12":"taxable","13":"shipping-taxable","14":"purchasable","15":"product-type-simple"},"_links":{"self":[{"href":"https:\/\/www.otiumhome.fi\/index.php\/wp-json\/wp\/v2\/product\/92683","targetHints":{"allow":["GET"]}}],"collection":[{"href":"https:\/\/www.otiumhome.fi\/index.php\/wp-json\/wp\/v2\/product"}],"about":[{"href":"https:\/\/www.otiumhome.fi\/index.php\/wp-json\/wp\/v2\/types\/product"}],"replies":[{"embeddable":true,"href":"https:\/\/www.otiumhome.fi\/index.php\/wp-json\/wp\/v2\/comments?post=92683"}],"wp:featuredmedia":[{"embeddable":true,"href":"https:\/\/www.otiumhome.fi\/index.php\/wp-json\/"}],"wp:attachment":[{"href":"https:\/\/www.otiumhome.fi\/index.php\/wp-json\/wp\/v2\/media?parent=92683"}],"wp:term":[{"taxonomy":"product_brand","embeddable":true,"href":"https:\/\/www.otiumhome.fi\/index.php\/wp-json\/wp\/v2\/product_brand?post=92683"},{"taxonomy":"product_cat","embeddable":true,"href":"https:\/\/www.otiumhome.fi\/index.php\/wp-json\/wp\/v2\/product_cat?post=92683"},{"taxonomy":"product_tag","embeddable":true,"href":"https:\/\/www.otiumhome.fi\/index.php\/wp-json\/wp\/v2\/product_tag?post=92683"}],"curies":[{"name":"wp","href":"https:\/\/api.w.org\/{rel}","templated":true}]}}