{"id":92668,"date":"2024-12-15T08:18:38","date_gmt":"2024-12-15T08:18:38","guid":{"rendered":"https:\/\/www.otiumhome.fi\/?p=92668"},"modified":"2025-06-06T15:33:35","modified_gmt":"2025-06-06T15:33:35","slug":"baaripoyta-112x55x108-cm-taysi-mangopuu","status":"publish","type":"product","link":"https:\/\/www.otiumhome.fi\/index.php\/tuote\/baaripoyta-112x55x108-cm-taysi-mangopuu\/","title":{"rendered":"Baarip\u00f6yt\u00e4 112x55x108 cm t\u00e4ysi mangopuu"},"content":{"rendered":"<p>T\u00e4m\u00e4 puinen baarip\u00f6yt\u00e4 lis\u00e4\u00e4 hitusen maalaischarmia ruokasaliisi tai keitti\u00f6\u00f6si.<\/p>\n<\/p>\n<ul>\n<li>T\u00e4ysi mangopuu: T\u00e4m\u00e4 pubip\u00f6yt\u00e4 on valmistettu t\u00e4ydest\u00e4 mangopuusta, joka on tihe\u00e4syinen lehtipuu. T\u00e4ydell\u00e4 mangopuulla ei ole vain voimaa kantaa painoa, se my\u00f6s kest\u00e4\u00e4 ajan tuomaa kulumista.<\/li>\n<li>Tukeva runko: Juhlap\u00f6yd\u00e4n puurunko takaa sen tukevuuden ja vakauden.<\/li>\n<li>Vakaa p\u00f6yt\u00e4levy: Bistrop\u00f6yd\u00e4n tukeva p\u00f6yt\u00e4levy on t\u00e4ydellinen juomien ja ruokien sijoittamiseen.<\/li>\n<\/ul>\n<p>Huomioi:<\/p>\n<ul>\n<li>Jokaisen tuotteen mukana on laatikossa kokoonpano-ohje helppoa asennusta varten.<\/li>\n<li>V\u00e4rit saattavat vaihdella kappaleesta toiseen, tehden jokaisesta kappaleesta ainutlaatuisen ja hieman erilaisen kuin muut. Toimitus on satunnainen, joka takaa tuotteesi ainutlaatuisuuden ja yksil\u00f6llisyyden.<\/li>\n<\/ul>\n<ul>\n<li>Materiaali: T\u00e4ysi mangopuu luonnollisella viimeistelyll\u00e4, rauta<\/li>\n<li>Mitat: 112 x 55 x 108 cm (P x L x K)<\/li>\n<\/ul>\n","protected":false},"excerpt":{"rendered":"<ul>\n<li>Materiaali: T\u00e4ysi mangopuu luonnollisella viimeistelyll\u00e4, rauta<\/li>\n<li>Mitat: 112 x 55 x 108 cm (P x L x K)<\/li>\n<\/ul>\n","protected":false},"featured_media":10000092668,"comment_status":"closed","ping_status":"closed","template":"","meta":[],"product_brand":[],"product_cat":[8534,84,8533],"product_tag":[],"class_list":{"0":"post-92668","1":"product","2":"type-product","3":"status-publish","4":"has-post-thumbnail","6":"product_cat-apupoydat","7":"product_cat-huonekalut","8":"product_cat-sivupoydat","10":"first","11":"instock","12":"taxable","13":"shipping-taxable","14":"purchasable","15":"product-type-simple"},"_links":{"self":[{"href":"https:\/\/www.otiumhome.fi\/index.php\/wp-json\/wp\/v2\/product\/92668","targetHints":{"allow":["GET"]}}],"collection":[{"href":"https:\/\/www.otiumhome.fi\/index.php\/wp-json\/wp\/v2\/product"}],"about":[{"href":"https:\/\/www.otiumhome.fi\/index.php\/wp-json\/wp\/v2\/types\/product"}],"replies":[{"embeddable":true,"href":"https:\/\/www.otiumhome.fi\/index.php\/wp-json\/wp\/v2\/comments?post=92668"}],"wp:featuredmedia":[{"embeddable":true,"href":"https:\/\/www.otiumhome.fi\/index.php\/wp-json\/"}],"wp:attachment":[{"href":"https:\/\/www.otiumhome.fi\/index.php\/wp-json\/wp\/v2\/media?parent=92668"}],"wp:term":[{"taxonomy":"product_brand","embeddable":true,"href":"https:\/\/www.otiumhome.fi\/index.php\/wp-json\/wp\/v2\/product_brand?post=92668"},{"taxonomy":"product_cat","embeddable":true,"href":"https:\/\/www.otiumhome.fi\/index.php\/wp-json\/wp\/v2\/product_cat?post=92668"},{"taxonomy":"product_tag","embeddable":true,"href":"https:\/\/www.otiumhome.fi\/index.php\/wp-json\/wp\/v2\/product_tag?post=92668"}],"curies":[{"name":"wp","href":"https:\/\/api.w.org\/{rel}","templated":true}]}}