{"id":92651,"date":"2024-12-15T08:18:38","date_gmt":"2024-12-15T08:18:38","guid":{"rendered":"https:\/\/www.otiumhome.fi\/?p=92651"},"modified":"2025-06-06T15:33:38","modified_gmt":"2025-06-06T15:33:38","slug":"konsolipoyta-120x35x75-cm-taysi-tiikki","status":"publish","type":"product","link":"https:\/\/www.otiumhome.fi\/index.php\/tuote\/konsolipoyta-120x35x75-cm-taysi-tiikki\/","title":{"rendered":"Konsolip\u00f6yt\u00e4 120x35x75 cm t\u00e4ysi tiikki"},"content":{"rendered":"<p>T\u00e4m\u00e4 siirtomaatyylinen p\u00f6yt\u00e4 on tehty t\u00e4ydest\u00e4 tiikist\u00e4, ja sen maalaismaisuutta huokuva tyyli tekee siit\u00e4 erinomaisen lis\u00e4n olemassa olevaan sisustukseesi. Sit\u00e4 voidaan k\u00e4ytt\u00e4\u00e4 joko konsolip\u00f6yt\u00e4n\u00e4 tai senkkin\u00e4.<\/p>\n<\/p>\n<p>Luonnollisen v\u00e4rinen eteisaulan p\u00f6yt\u00e4 on valmistettu t\u00e4ydest\u00e4 tiikist\u00e4, joka tekee siit\u00e4 hyvin kest\u00e4v\u00e4n. Tukeva kovapuinen p\u00f6yt\u00e4levy on oiva paikka asettaa esille hedelm\u00e4korit, valokuvakehykset tai muut sisustusesineet. P\u00f6yd\u00e4ss\u00e4 on 3 avointa hylly\u00e4, joiden ansiosta t\u00e4m\u00e4 puinen p\u00f6yt\u00e4 tarjoaa runsaasti tilaa mink\u00e4 tahansa pikkuesineen s\u00e4ilytt\u00e4miseen k\u00e4tesi ulottuville.<\/p>\n<\/p>\n<p>T\u00e4rke\u00e4 huomio: V\u00e4rit ja puunsyyt voivat vaihdella kappaleittain, mik\u00e4 tekee jokaisesta p\u00f6yd\u00e4st\u00e4 ainutlaatuisen. Toimitus on sattumanvarainen.<\/p>\n<ul>\n<li>Materiaali: luonnollisesti viimeistelty tiikki<\/li>\n<li>Mitat: 120 x 35 x 75 cm (P x L x K)<\/li>\n<li>3 avointa hylly\u00e4<\/li>\n<li>Asennus vaaditaan: kyll\u00e4<\/li>\n<li><strong>VAROITUS:<\/strong> Kaatumisen est\u00e4miseksi t\u00e4t\u00e4 tuotetta on k\u00e4ytett\u00e4v\u00e4 mukana toimitetun sein\u00e4kiinnityslaitteen kanssa<\/li>\n<li>Legal Documents:\n<p><span>Lis\u00e4tietoja huonekalujesi kaatumisen est\u00e4misest\u00e4 voit l\u00f6yt\u00e4\u00e4 <span style=\"text-decoration: underline\"><strong><a title=\"https:\/\/bit.ly\/3bVwkQp\" href=\"https:\/\/bit.ly\/3bVwkQp\" target=\"_blank\">t\u00e4\u00e4lt\u00e4<\/a><\/strong><\/span><\/span><\/p>\n<\/li>\n<\/ul>\n","protected":false},"excerpt":{"rendered":"<ul>\n<li>Materiaali: luonnollisesti viimeistelty tiikki<\/li>\n<li>Mitat: 120 x 35 x 75 cm (P x L x K)<\/li>\n<li>3 avointa hylly\u00e4<\/li>\n<li>Asennus vaaditaan: kyll\u00e4<\/li>\n<li><strong>VAROITUS:<\/strong> Kaatumisen est\u00e4miseksi t\u00e4t\u00e4 tuotetta on k\u00e4ytett\u00e4v\u00e4 mukana toimitetun sein\u00e4kiinnityslaitteen kanssa<\/li>\n<li>Legal Documents:\n<p><span>Lis\u00e4tietoja huonekalujesi kaatumisen est\u00e4misest\u00e4 voit l\u00f6yt\u00e4\u00e4 <span style=\"text-decoration: underline\"><strong><a title=\"https:\/\/bit.ly\/3bVwkQp\" href=\"https:\/\/bit.ly\/3bVwkQp\" target=\"_blank\">t\u00e4\u00e4lt\u00e4<\/a><\/strong><\/span><\/span><\/p>\n<\/li>\n<\/ul>\n","protected":false},"featured_media":10000092651,"comment_status":"closed","ping_status":"closed","template":"","meta":[],"product_brand":[],"product_cat":[8534,84,8533],"product_tag":[],"class_list":{"0":"post-92651","1":"product","2":"type-product","3":"status-publish","4":"has-post-thumbnail","6":"product_cat-apupoydat","7":"product_cat-huonekalut","8":"product_cat-sivupoydat","10":"first","11":"outofstock","12":"taxable","13":"shipping-taxable","14":"purchasable","15":"product-type-simple"},"_links":{"self":[{"href":"https:\/\/www.otiumhome.fi\/index.php\/wp-json\/wp\/v2\/product\/92651","targetHints":{"allow":["GET"]}}],"collection":[{"href":"https:\/\/www.otiumhome.fi\/index.php\/wp-json\/wp\/v2\/product"}],"about":[{"href":"https:\/\/www.otiumhome.fi\/index.php\/wp-json\/wp\/v2\/types\/product"}],"replies":[{"embeddable":true,"href":"https:\/\/www.otiumhome.fi\/index.php\/wp-json\/wp\/v2\/comments?post=92651"}],"wp:featuredmedia":[{"embeddable":true,"href":"https:\/\/www.otiumhome.fi\/index.php\/wp-json\/"}],"wp:attachment":[{"href":"https:\/\/www.otiumhome.fi\/index.php\/wp-json\/wp\/v2\/media?parent=92651"}],"wp:term":[{"taxonomy":"product_brand","embeddable":true,"href":"https:\/\/www.otiumhome.fi\/index.php\/wp-json\/wp\/v2\/product_brand?post=92651"},{"taxonomy":"product_cat","embeddable":true,"href":"https:\/\/www.otiumhome.fi\/index.php\/wp-json\/wp\/v2\/product_cat?post=92651"},{"taxonomy":"product_tag","embeddable":true,"href":"https:\/\/www.otiumhome.fi\/index.php\/wp-json\/wp\/v2\/product_tag?post=92651"}],"curies":[{"name":"wp","href":"https:\/\/api.w.org\/{rel}","templated":true}]}}