{"id":92648,"date":"2024-12-15T08:18:38","date_gmt":"2024-12-15T08:18:38","guid":{"rendered":"https:\/\/www.otiumhome.fi\/?p=92648"},"modified":"2025-06-06T15:33:35","modified_gmt":"2025-06-06T15:33:35","slug":"konsolipoyta-kulta-70x30x70-cm-ruostumaton-teras-ja-lasi","status":"publish","type":"product","link":"https:\/\/www.otiumhome.fi\/index.php\/tuote\/konsolipoyta-kulta-70x30x70-cm-ruostumaton-teras-ja-lasi\/","title":{"rendered":"Konsolip\u00f6yt\u00e4 kulta 70x30x70 cm ruostumaton ter\u00e4s ja lasi"},"content":{"rendered":"<p>Toiminnallisuuden ja kauneuden yhdist\u00e4v\u00e4 konsolip\u00f6yt\u00e4 on huoneesi keskipiste.<\/p>\n<\/p>\n<ul>\n<li>Tukeva ja vakaa runko: T\u00e4ss\u00e4 sohvap\u00f6yd\u00e4ss\u00e4 on ruostumattomasta ter\u00e4ksest\u00e4 valmistettu runko, joka on tukeva, vakaa ja korroosion- ja ruosteenkest\u00e4v\u00e4.<\/li>\n<li>Lasip\u00f6yt\u00e4levy: T\u00e4ss\u00e4 eteisen p\u00f6yd\u00e4ss\u00e4 on karkaistu lasip\u00f6yt\u00e4levy marmoriviimeistelyll\u00e4, joka lis\u00e4\u00e4 kauneutta t\u00e4h\u00e4n p\u00f6yt\u00e4\u00e4n.<\/li>\n<li>Moderni muotoilu: Eteisen p\u00f6yd\u00e4ss\u00e4 on yksinkertainen ja moderni muotoilu, joka t\u00e4ydent\u00e4\u00e4 mink\u00e4 tahansa huoneen sisustusta.<\/li>\n<li>Monipuolinen ja k\u00e4yt\u00e4nn\u00f6llinen: T\u00e4m\u00e4 kapea p\u00f6yt\u00e4 toimii erinomaisesti konsoli-, p\u00e4\u00e4ty-, lamppu- tai eteisp\u00f6yt\u00e4n\u00e4. Sopiva koko tekee siit\u00e4 t\u00e4ydellisen olohuoneeseen, makuuhuoneeseen, ty\u00f6huoneeseen, parvekkeelle, toimistoon, k\u00e4yt\u00e4v\u00e4lle, jne.<\/li>\n<li>Helppo hoitaa: Tahroja hylkivill\u00e4 pinnoilla varustettu lasip\u00f6yt\u00e4 on helppo pyyhki\u00e4 puhtaaksi ja voit vaivattomasti pit\u00e4\u00e4 p\u00f6yd\u00e4n upean n\u00e4k\u00f6isen\u00e4.<\/li>\n<\/ul>\n<p>Varoitus:<\/p>\n<ul>\n<li>Kaatumisen est\u00e4miseksi on t\u00e4t\u00e4 tuotetta k\u00e4ytett\u00e4v\u00e4 mukana toimitettavan sein\u00e4kiinnityslaitteen kanssa.<\/li>\n<\/ul>\n<ul>\n<li>Rungon v\u00e4ri: kulta<\/li>\n<li>Materiaali: Ruostumaton ter\u00e4s, karkaistu lasi mustalla marmorikuviolla<\/li>\n<li>Mitat: 70 x 30 x 70 cm (L x S x K)<\/li>\n<li>Lasin paksuus: 4 mm<\/li>\n<li>Asennus vaaditaan: kyll\u00e4<\/li>\n<li>Legal Documents:\n<p><span>Lis\u00e4tietoja huonekalujesi kaatumisen est\u00e4misest\u00e4 voit l\u00f6yt\u00e4\u00e4 <span style=\"text-decoration: underline\"><strong><a title=\"https:\/\/bit.ly\/3bVwkQp\" href=\"https:\/\/bit.ly\/3bVwkQp\" target=\"_blank\">t\u00e4\u00e4lt\u00e4<\/a><\/strong><\/span><\/span><\/p>\n<\/li>\n<\/ul>\n","protected":false},"excerpt":{"rendered":"<ul>\n<li>Rungon v\u00e4ri: kulta<\/li>\n<li>Materiaali: Ruostumaton ter\u00e4s, karkaistu lasi mustalla marmorikuviolla<\/li>\n<li>Mitat: 70 x 30 x 70 cm (L x S x K)<\/li>\n<li>Lasin paksuus: 4 mm<\/li>\n<li>Asennus vaaditaan: kyll\u00e4<\/li>\n<li>Legal Documents:\n<p><span>Lis\u00e4tietoja huonekalujesi kaatumisen est\u00e4misest\u00e4 voit l\u00f6yt\u00e4\u00e4 <span style=\"text-decoration: underline\"><strong><a title=\"https:\/\/bit.ly\/3bVwkQp\" href=\"https:\/\/bit.ly\/3bVwkQp\" target=\"_blank\">t\u00e4\u00e4lt\u00e4<\/a><\/strong><\/span><\/span><\/p>\n<\/li>\n<\/ul>\n","protected":false},"featured_media":10000092648,"comment_status":"closed","ping_status":"closed","template":"","meta":[],"product_brand":[],"product_cat":[8534,84,8533],"product_tag":[],"class_list":{"0":"post-92648","1":"product","2":"type-product","3":"status-publish","4":"has-post-thumbnail","6":"product_cat-apupoydat","7":"product_cat-huonekalut","8":"product_cat-sivupoydat","10":"first","11":"instock","12":"taxable","13":"shipping-taxable","14":"purchasable","15":"product-type-simple"},"_links":{"self":[{"href":"https:\/\/www.otiumhome.fi\/index.php\/wp-json\/wp\/v2\/product\/92648","targetHints":{"allow":["GET"]}}],"collection":[{"href":"https:\/\/www.otiumhome.fi\/index.php\/wp-json\/wp\/v2\/product"}],"about":[{"href":"https:\/\/www.otiumhome.fi\/index.php\/wp-json\/wp\/v2\/types\/product"}],"replies":[{"embeddable":true,"href":"https:\/\/www.otiumhome.fi\/index.php\/wp-json\/wp\/v2\/comments?post=92648"}],"wp:featuredmedia":[{"embeddable":true,"href":"https:\/\/www.otiumhome.fi\/index.php\/wp-json\/"}],"wp:attachment":[{"href":"https:\/\/www.otiumhome.fi\/index.php\/wp-json\/wp\/v2\/media?parent=92648"}],"wp:term":[{"taxonomy":"product_brand","embeddable":true,"href":"https:\/\/www.otiumhome.fi\/index.php\/wp-json\/wp\/v2\/product_brand?post=92648"},{"taxonomy":"product_cat","embeddable":true,"href":"https:\/\/www.otiumhome.fi\/index.php\/wp-json\/wp\/v2\/product_cat?post=92648"},{"taxonomy":"product_tag","embeddable":true,"href":"https:\/\/www.otiumhome.fi\/index.php\/wp-json\/wp\/v2\/product_tag?post=92648"}],"curies":[{"name":"wp","href":"https:\/\/api.w.org\/{rel}","templated":true}]}}