{"id":92647,"date":"2024-12-15T08:18:38","date_gmt":"2024-12-15T08:18:38","guid":{"rendered":"https:\/\/www.otiumhome.fi\/?p=92647"},"modified":"2025-10-09T23:44:31","modified_gmt":"2025-10-09T23:44:31","slug":"sivupoyta-30x30x80-cm-taysi-tiikki","status":"publish","type":"product","link":"https:\/\/www.otiumhome.fi\/index.php\/tuote\/sivupoyta-30x30x80-cm-taysi-tiikki\/","title":{"rendered":"Sivup\u00f6yt\u00e4 30x30x80 cm t\u00e4ysi tiikki"},"content":{"rendered":"<p>Puinen sivup\u00f6yt\u00e4 tuo vintagetyyli\u00e4 olohuoneeseen tai mihin tahansa huoneeseen.<\/p>\n<\/p>\n<p>Sivup\u00f6yt\u00e4 on k\u00e4sin tehty t\u00e4ydest\u00e4 tiikkipuusta, joten se on vakaa ja kest\u00e4v\u00e4. K\u00e4sity\u00f6n j\u00e4lki ja kauniit puun kuviot tekev\u00e4t jokaisesta huonekalusta ainutlaatuisen ja hieman toisista poikkeavan. Puup\u00f6yt\u00e4\u00e4 voi k\u00e4ytt\u00e4\u00e4 my\u00f6s esim. sivup\u00f6yt\u00e4n\u00e4, kulmap\u00f6yt\u00e4n\u00e4 tai kasvip\u00f6yt\u00e4n\u00e4.<\/p>\n<\/p>\n<p>T\u00e4rke\u00e4 huomio: V\u00e4rit ja puunsyyt vaihtelevat kappaleittain, mik\u00e4 tekee jokaisesta huonekalusta ainutlaatuisen. Toimitus on sattumanvarainen, t\u00e4m\u00e4 takaa tuotteesi ainutlaatuisuuden.<\/p>\n<ul>\n<li>Materiaali: t\u00e4ysi tiikkipuu<\/li>\n<li>Kokonaismitat: 30 x 30 x 80 cm (P x L x K)<\/li>\n<li>Paino: 24,7 kg<\/li>\n<li>Ainutlaatuinen kulunut tiikkipuutyyli<\/li>\n<li>T\u00e4ysin k\u00e4sintehty<\/li>\n<li>Kokoonpano vaaditaan: Ei<\/li>\n<\/ul>\n","protected":false},"excerpt":{"rendered":"<ul>\n<li>Materiaali: t\u00e4ysi tiikkipuu<\/li>\n<li>Kokonaismitat: 30 x 30 x 80 cm (P x L x K)<\/li>\n<li>Paino: 24,7 kg<\/li>\n<li>Ainutlaatuinen kulunut tiikkipuutyyli<\/li>\n<li>T\u00e4ysin k\u00e4sintehty<\/li>\n<li>Kokoonpano vaaditaan: Ei<\/li>\n<\/ul>\n","protected":false},"featured_media":10000092647,"comment_status":"closed","ping_status":"closed","template":"","meta":[],"product_brand":[],"product_cat":[8534,84,8533],"product_tag":[],"class_list":{"0":"post-92647","1":"product","2":"type-product","3":"status-publish","4":"has-post-thumbnail","6":"product_cat-apupoydat","7":"product_cat-huonekalut","8":"product_cat-sivupoydat","10":"first","11":"instock","12":"taxable","13":"shipping-taxable","14":"purchasable","15":"product-type-simple"},"_links":{"self":[{"href":"https:\/\/www.otiumhome.fi\/index.php\/wp-json\/wp\/v2\/product\/92647","targetHints":{"allow":["GET"]}}],"collection":[{"href":"https:\/\/www.otiumhome.fi\/index.php\/wp-json\/wp\/v2\/product"}],"about":[{"href":"https:\/\/www.otiumhome.fi\/index.php\/wp-json\/wp\/v2\/types\/product"}],"replies":[{"embeddable":true,"href":"https:\/\/www.otiumhome.fi\/index.php\/wp-json\/wp\/v2\/comments?post=92647"}],"wp:featuredmedia":[{"embeddable":true,"href":"https:\/\/www.otiumhome.fi\/index.php\/wp-json\/"}],"wp:attachment":[{"href":"https:\/\/www.otiumhome.fi\/index.php\/wp-json\/wp\/v2\/media?parent=92647"}],"wp:term":[{"taxonomy":"product_brand","embeddable":true,"href":"https:\/\/www.otiumhome.fi\/index.php\/wp-json\/wp\/v2\/product_brand?post=92647"},{"taxonomy":"product_cat","embeddable":true,"href":"https:\/\/www.otiumhome.fi\/index.php\/wp-json\/wp\/v2\/product_cat?post=92647"},{"taxonomy":"product_tag","embeddable":true,"href":"https:\/\/www.otiumhome.fi\/index.php\/wp-json\/wp\/v2\/product_tag?post=92647"}],"curies":[{"name":"wp","href":"https:\/\/api.w.org\/{rel}","templated":true}]}}