{"id":442,"date":"2024-10-04T08:30:15","date_gmt":"2024-10-04T08:30:15","guid":{"rendered":"https:\/\/www.otiumhome.fi\/?post_type=product&#038;p=442"},"modified":"2024-10-04T08:32:39","modified_gmt":"2024-10-04T08:32:39","slug":"ylapaatyhyllykko-704-323","status":"publish","type":"product","link":"https:\/\/www.otiumhome.fi\/index.php\/tuote\/ylapaatyhyllykko-704-323\/","title":{"rendered":"Yl\u00e4p\u00e4\u00e4tyhyllykk\u00f6 704\/323"},"content":{"rendered":"<p>Yl\u00e4p\u00e4\u00e4tyhyllyk\u00f6n runko. Kaapin korkeus 704 mm. Rungot on saatavilla my\u00f6s P3 kosteudenkest\u00e4v\u00e4st\u00e4 valkeasta levyst\u00e4 tai P3 kosteudenkest\u00e4vist\u00e4 v\u00e4rillisest\u00e4 levyst\u00e4. V\u00e4rein\u00e4 tammi, musta ja kolme eri harmaan s\u00e4vy\u00e4. Pyyd\u00e4 n\u00e4ist\u00e4 tarjous l\u00e4hett\u00e4m\u00e4ll\u00e4 s\u00e4hk\u00f6postia myynti@otiumhome.fi. Mik\u00e4li haluat kaapit kasattuna niin pyyd\u00e4 siit\u00e4 tarjous !<\/p>\n","protected":false},"excerpt":{"rendered":"<p>Yl\u00e4p\u00e4\u00e4tyhyllyk\u00f6n runko, korkeus 704mm ja syvyys 323 mm. Kaappiin sis\u00e4ltyy 2 hylly\u00e4<\/p>\n<p class=\"yagendoo_vm_fly1_desc\"><strong>Tekniset tiedot:<\/strong><\/p>\n<div class=\"yagendoo_vm_fly1_desc\">\u2022 Kaapin rungot ovat valmistettu 16 mm valkoisella melamiinilla pinnoitetusta lastulevyst\u00e4. Levyn laatuluokitus on E1.<\/div>\n<p class=\"yagendoo_vm_fly1_desc\">\u2022 Taustalevyn pintas\u00e4vy on valkoinen.<\/p>\n<div class=\"yagendoo_vm_fly1_desc\">\u2022 Kaapin rungon kaikki n\u00e4kyv\u00e4t reunat ovat ymp\u00e4riins\u00e4 nauhoitettu reunanauhalla.<\/div>\n<p class=\"yagendoo_vm_fly1_desc\">\u2022 Kaapin rungon kasaus tapahtuu poratapeilla ja kasausruuveilla. Kasaus ei vaadi liiman k\u00e4ytt\u00f6\u00e4.<\/p>\n<p class=\"yagendoo_vm_fly1_desc\">\u2022 Kaapin sivuporauksissa l\u00f6ytyy reij\u00e4t saranan aluslevyille<\/p>\n<div class=\"yagendoo_vm_fly1_desc\">\u2022 Kaapin rungot ovat paketoitu kaappikohtaisesti muovipakkaukseen. Pakkauksessa mukana tarkat kasausohjeet.<\/div>\n<p>&nbsp;<\/p>\n<p>&nbsp;<\/p>\n","protected":false},"featured_media":427,"comment_status":"open","ping_status":"closed","template":"","meta":[],"product_brand":[],"product_cat":[51],"product_tag":[72,70],"class_list":{"0":"post-442","1":"product","2":"type-product","3":"status-publish","4":"has-post-thumbnail","6":"product_cat-keskikorkeat-seinakaapit","7":"product_tag-ylaavohyllykko","8":"product_tag-ylakulmakaappi","10":"first","11":"instock","12":"taxable","13":"shipping-taxable","14":"purchasable","15":"product-type-simple"},"_links":{"self":[{"href":"https:\/\/www.otiumhome.fi\/index.php\/wp-json\/wp\/v2\/product\/442","targetHints":{"allow":["GET"]}}],"collection":[{"href":"https:\/\/www.otiumhome.fi\/index.php\/wp-json\/wp\/v2\/product"}],"about":[{"href":"https:\/\/www.otiumhome.fi\/index.php\/wp-json\/wp\/v2\/types\/product"}],"replies":[{"embeddable":true,"href":"https:\/\/www.otiumhome.fi\/index.php\/wp-json\/wp\/v2\/comments?post=442"}],"wp:featuredmedia":[{"embeddable":true,"href":"https:\/\/www.otiumhome.fi\/index.php\/wp-json\/wp\/v2\/media\/427"}],"wp:attachment":[{"href":"https:\/\/www.otiumhome.fi\/index.php\/wp-json\/wp\/v2\/media?parent=442"}],"wp:term":[{"taxonomy":"product_brand","embeddable":true,"href":"https:\/\/www.otiumhome.fi\/index.php\/wp-json\/wp\/v2\/product_brand?post=442"},{"taxonomy":"product_cat","embeddable":true,"href":"https:\/\/www.otiumhome.fi\/index.php\/wp-json\/wp\/v2\/product_cat?post=442"},{"taxonomy":"product_tag","embeddable":true,"href":"https:\/\/www.otiumhome.fi\/index.php\/wp-json\/wp\/v2\/product_tag?post=442"}],"curies":[{"name":"wp","href":"https:\/\/api.w.org\/{rel}","templated":true}]}}