{"id":44167,"date":"2024-12-06T21:17:53","date_gmt":"2024-12-06T21:17:53","guid":{"rendered":"https:\/\/www.otiumhome.fi\/?p=44167"},"modified":"2024-12-08T08:50:17","modified_gmt":"2024-12-08T08:50:17","slug":"vidaxl-matto-huarte-lyhytnukkainen-ja-pestava-metsanvihrea-200x200-cm","status":"publish","type":"product","link":"https:\/\/www.otiumhome.fi\/index.php\/tuote\/vidaxl-matto-huarte-lyhytnukkainen-ja-pestava-metsanvihrea-200x200-cm\/","title":{"rendered":"vidaXL Matto HUARTE lyhytnukkainen ja pest\u00e4v\u00e4 mets\u00e4nvihre\u00e4 200&#215;200 cm"},"content":{"rendered":"<p>T\u00e4m\u00e4 pehme\u00e4 matto on t\u00e4ydellinen l\u00e4mm\u00f6n ja tekstuurin lis\u00e4\u00e4miseksi sis\u00e4tiloihisi.<\/p>\n<\/p>\n<ul>\n<li>Kest\u00e4v\u00e4 ja turvallinen: T\u00e4m\u00e4 lattiamatto on valmistettu 100 % polyesterist\u00e4. Se on testattu OEKO-TEX 100 STANDARDIN mukaan haitallisten aineiden varalta.<\/li>\n<li>Katseet vangitseva ulkon\u00e4k\u00f6: T\u00e4ss\u00e4 lattiamatossa on pehme\u00e4n p\u00f6rr\u00f6inen lyhyt nukka, joka antaa sille modernin turkkityylisen ulkon\u00e4\u00f6n ja kodikkaan, l\u00e4mpim\u00e4n tuntuman.<\/li>\n<li>Liukumaton tausta: P\u00f6rr\u00f6isess\u00e4 matossa on liukumaton tausta, joka takaa sen pysyv\u00e4n turvallisesti paikallaan tarjoamallaan lujalla otteella.<\/li>\n<li>Helppo puhdistaa ja s\u00e4ilytt\u00e4\u00e4: Moderni matto on konepest\u00e4v\u00e4 enint\u00e4\u00e4n 30 asteessa, joten se on helppo puhdistaa ja hoitaa. Se voidaan my\u00f6s taittaa ja rullata helppoa s\u00e4ilytyst\u00e4 ja kuljetusta varten.<\/li>\n<li>Useita k\u00e4ytt\u00f6tarkoituksia: T\u00e4m\u00e4 liukumaton matto sopii moniin eri sis\u00e4tiloihin, joissa on lattial\u00e4mmitys, mukaan lukien olo- ja makuuhuoneet, eteiset sek\u00e4 toimistot.<\/li>\n<\/ul>\n<ul>\n<li>V\u00e4ri: mets\u00e4nvihre\u00e4<\/li>\n<li>Materiaali: 100 % polyesteri<\/li>\n<li>Koko: 200 x 200 cm (L x P)<\/li>\n<li>Nukan korkeus: 18 mm<\/li>\n<li>Kokonaispaino: 1 250 g\/m\u00b2<\/li>\n<li>Eritt\u00e4in pehme\u00e4 ja p\u00f6rr\u00f6inen lyhyt nukka<\/li>\n<li>Luistamaton tausta<\/li>\n<li>Voidaan konepest\u00e4 30 \u00b0C l\u00e4mp\u00f6tilassa<\/li>\n<li>Sopii lattial\u00e4mmityksen kanssa k\u00e4ytett\u00e4v\u00e4ksi<\/li>\n<li>Testattu OEKO-TEX 100 STANDARDIN mukaan haitallisten aineiden varalta<\/li>\n<li>Malliston nimi: HUARTE<\/li>\n<\/ul>\n","protected":false},"excerpt":{"rendered":"<ul>\n<li>V\u00e4ri: mets\u00e4nvihre\u00e4<\/li>\n<li>Materiaali: 100 % polyesteri<\/li>\n<li>Koko: 200 x 200 cm (L x P)<\/li>\n<li>Nukan korkeus: 18 mm<\/li>\n<li>Kokonaispaino: 1 250 g\/m\u00b2<\/li>\n<li>Eritt\u00e4in pehme\u00e4 ja p\u00f6rr\u00f6inen lyhyt nukka<\/li>\n<li>Luistamaton tausta<\/li>\n<li>Voidaan konepest\u00e4 30 \u00b0C l\u00e4mp\u00f6tilassa<\/li>\n<li>Sopii lattial\u00e4mmityksen kanssa k\u00e4ytett\u00e4v\u00e4ksi<\/li>\n<li>Testattu OEKO-TEX 100 STANDARDIN mukaan haitallisten aineiden varalta<\/li>\n<li>Malliston nimi: HUARTE<\/li>\n<\/ul>\n","protected":false},"featured_media":0,"comment_status":"closed","ping_status":"closed","template":"","meta":[],"product_brand":[],"product_cat":[42],"product_tag":[],"class_list":{"0":"post-44167","1":"product","2":"type-product","3":"status-publish","5":"product_cat-keittiokalusteet","7":"first","8":"instock","9":"taxable","10":"shipping-taxable","11":"product-type-simple"},"_links":{"self":[{"href":"https:\/\/www.otiumhome.fi\/index.php\/wp-json\/wp\/v2\/product\/44167","targetHints":{"allow":["GET"]}}],"collection":[{"href":"https:\/\/www.otiumhome.fi\/index.php\/wp-json\/wp\/v2\/product"}],"about":[{"href":"https:\/\/www.otiumhome.fi\/index.php\/wp-json\/wp\/v2\/types\/product"}],"replies":[{"embeddable":true,"href":"https:\/\/www.otiumhome.fi\/index.php\/wp-json\/wp\/v2\/comments?post=44167"}],"wp:attachment":[{"href":"https:\/\/www.otiumhome.fi\/index.php\/wp-json\/wp\/v2\/media?parent=44167"}],"wp:term":[{"taxonomy":"product_brand","embeddable":true,"href":"https:\/\/www.otiumhome.fi\/index.php\/wp-json\/wp\/v2\/product_brand?post=44167"},{"taxonomy":"product_cat","embeddable":true,"href":"https:\/\/www.otiumhome.fi\/index.php\/wp-json\/wp\/v2\/product_cat?post=44167"},{"taxonomy":"product_tag","embeddable":true,"href":"https:\/\/www.otiumhome.fi\/index.php\/wp-json\/wp\/v2\/product_tag?post=44167"}],"curies":[{"name":"wp","href":"https:\/\/api.w.org\/{rel}","templated":true}]}}