{"id":43688,"date":"2024-12-06T20:58:56","date_gmt":"2024-12-06T20:58:56","guid":{"rendered":"https:\/\/www.otiumhome.fi\/?p=43688"},"modified":"2024-12-08T12:37:29","modified_gmt":"2024-12-08T12:37:29","slug":"vidaxl-porromatto-pamplona-korkeanukka-moderni-kerma-240x240-cm","status":"publish","type":"product","link":"https:\/\/www.otiumhome.fi\/index.php\/tuote\/vidaxl-porromatto-pamplona-korkeanukka-moderni-kerma-240x240-cm\/","title":{"rendered":"vidaXL P\u00f6rr\u00f6matto PAMPLONA korkeanukka moderni kerma 240&#215;240 cm"},"content":{"rendered":"<p>T\u00e4m\u00e4 pehme\u00e4 p\u00f6rr\u00f6matto on t\u00e4ydellinen l\u00e4mm\u00f6n ja tekstuurin lis\u00e4\u00e4miseksi sis\u00e4tiloihisi.<\/p>\n<\/p>\n<ul>\n<li>Kest\u00e4v\u00e4 ja turvallinen: T\u00e4m\u00e4 lattiamatto on valmistettu 100 % polypropeenista. Se on testattu OEKO-TEX 100 STANDARDIN mukaan haitallisten aineiden varalta.<\/li>\n<li>Pehme\u00e4 ja p\u00f6rr\u00f6inen: T\u00e4ss\u00e4 lattiamatossa on pehme\u00e4n p\u00f6rr\u00f6inen nukka, joka tekee siit\u00e4 mukavan ja l\u00e4mpim\u00e4n.<\/li>\n<li>Helppo puhdistaa ja s\u00e4ilytt\u00e4\u00e4: Korkeanukkainen matto on helppo puhdistaa kostealla liinalla tai p\u00f6lynimurilla. Se on my\u00f6s taitettavissa ja se voidaan rullata s\u00e4ilytyst\u00e4 ja kuljetusta varten.<\/li>\n<li>Useita k\u00e4ytt\u00f6tarkoituksia: T\u00e4m\u00e4 p\u00f6rr\u00f6inen matto sopii moniin eri sis\u00e4tiloihin, joissa on lattial\u00e4mmitys, mukaan lukien olo- ja makuuhuoneet, eteiset sek\u00e4 toimistot.<\/li>\n<\/ul>\n<ul>\n<li>V\u00e4ri: Kerma<\/li>\n<li>Materiaali: 100 % polypropeeni<\/li>\n<li>Koko: 240 x 240 cm (L x P)<\/li>\n<li>Nukan korkeus: 30 mm<\/li>\n<li>Kokonaispaino: 1500 g\/m\u00b2<\/li>\n<li>Sopii lattial\u00e4mmityksen kanssa k\u00e4ytett\u00e4v\u00e4ksi<\/li>\n<li>Testattu OEKO-TEX 100 STANDARDIN mukaan haitallisten aineiden varalta<\/li>\n<li>Malliston nimi: PAMPLONA<\/li>\n<\/ul>\n","protected":false},"excerpt":{"rendered":"<ul>\n<li>V\u00e4ri: Kerma<\/li>\n<li>Materiaali: 100 % polypropeeni<\/li>\n<li>Koko: 240 x 240 cm (L x P)<\/li>\n<li>Nukan korkeus: 30 mm<\/li>\n<li>Kokonaispaino: 1500 g\/m\u00b2<\/li>\n<li>Sopii lattial\u00e4mmityksen kanssa k\u00e4ytett\u00e4v\u00e4ksi<\/li>\n<li>Testattu OEKO-TEX 100 STANDARDIN mukaan haitallisten aineiden varalta<\/li>\n<li>Malliston nimi: PAMPLONA<\/li>\n<\/ul>\n","protected":false},"featured_media":0,"comment_status":"closed","ping_status":"closed","template":"","meta":[],"product_brand":[],"product_cat":[42],"product_tag":[],"class_list":{"0":"post-43688","1":"product","2":"type-product","3":"status-publish","5":"product_cat-keittiokalusteet","7":"first","8":"instock","9":"taxable","10":"shipping-taxable","11":"product-type-simple"},"_links":{"self":[{"href":"https:\/\/www.otiumhome.fi\/index.php\/wp-json\/wp\/v2\/product\/43688","targetHints":{"allow":["GET"]}}],"collection":[{"href":"https:\/\/www.otiumhome.fi\/index.php\/wp-json\/wp\/v2\/product"}],"about":[{"href":"https:\/\/www.otiumhome.fi\/index.php\/wp-json\/wp\/v2\/types\/product"}],"replies":[{"embeddable":true,"href":"https:\/\/www.otiumhome.fi\/index.php\/wp-json\/wp\/v2\/comments?post=43688"}],"wp:attachment":[{"href":"https:\/\/www.otiumhome.fi\/index.php\/wp-json\/wp\/v2\/media?parent=43688"}],"wp:term":[{"taxonomy":"product_brand","embeddable":true,"href":"https:\/\/www.otiumhome.fi\/index.php\/wp-json\/wp\/v2\/product_brand?post=43688"},{"taxonomy":"product_cat","embeddable":true,"href":"https:\/\/www.otiumhome.fi\/index.php\/wp-json\/wp\/v2\/product_cat?post=43688"},{"taxonomy":"product_tag","embeddable":true,"href":"https:\/\/www.otiumhome.fi\/index.php\/wp-json\/wp\/v2\/product_tag?post=43688"}],"curies":[{"name":"wp","href":"https:\/\/api.w.org\/{rel}","templated":true}]}}