{"id":379,"date":"2024-09-30T11:33:47","date_gmt":"2024-09-30T11:33:47","guid":{"rendered":"https:\/\/www.otiumhome.fi\/?post_type=product&#038;p=379"},"modified":"2024-10-04T06:21:04","modified_gmt":"2024-10-04T06:21:04","slug":"mikrokaapit-988-323","status":"publish","type":"product","link":"https:\/\/www.otiumhome.fi\/index.php\/tuote\/mikrokaapit-988-323\/","title":{"rendered":"Mikrokaapit 988\/323"},"content":{"rendered":"<p>Mikrokaapin runko , korkeus 988 mm ja syvyys 323 mm.<\/p>\n<p class=\"yagendoo_vm_fly1_desc\"><strong>Tekniset tiedot:<\/strong><\/p>\n<div class=\"yagendoo_vm_fly1_desc\">\u2022 Kaapin rungot ovat valmistettu 16 mm valkoisella melamiinilla pinnoitetusta lastulevyst\u00e4. Levyn laatuluokitus on E1.<\/div>\n<p class=\"yagendoo_vm_fly1_desc\">\u2022 Taustalevyn pintas\u00e4vy on valkoinen.<\/p>\n<div class=\"yagendoo_vm_fly1_desc\">\u2022 Kaapin rungon kaikki n\u00e4kyv\u00e4t reunat ovat ymp\u00e4riins\u00e4 nauhoitettu reunanauhalla.<\/div>\n<p class=\"yagendoo_vm_fly1_desc\">\u2022 Kaapin rungon kasaus tapahtuu poratapeilla ja kasausruuveilla. Kasaus ei vaadi liiman k\u00e4ytt\u00f6\u00e4.<\/p>\n","protected":false},"excerpt":{"rendered":"<p>Mikrokaapin runko, korkeus 988 mm ja syvyys 323 mm.<\/p>\n<p class=\"yagendoo_vm_fly1_desc\"><strong>Tekniset tiedot:<\/strong><\/p>\n<div class=\"yagendoo_vm_fly1_desc\">\u2022 Kaapin rungot ovat valmistettu 16 mm valkoisella melamiinilla pinnoitetusta lastulevyst\u00e4. Levyn laatuluokitus on E1.<\/div>\n<p class=\"yagendoo_vm_fly1_desc\">\u2022 Taustalevyn pintas\u00e4vy on valkoinen.<\/p>\n<div class=\"yagendoo_vm_fly1_desc\">\u2022 Kaapin rungon kaikki n\u00e4kyv\u00e4t reunat ovat ymp\u00e4riins\u00e4 nauhoitettu reunanauhalla.<\/div>\n<p class=\"yagendoo_vm_fly1_desc\">\u2022 Kaapin rungon kasaus tapahtuu poratapeilla ja kasausruuveilla. Kasaus ei vaadi liiman k\u00e4ytt\u00f6\u00e4.<\/p>\n<p class=\"yagendoo_vm_fly1_desc\">\u2022 Kaapin sivuporauksissa l\u00f6ytyy reij\u00e4t saranan aluslevyille<\/p>\n<div class=\"yagendoo_vm_fly1_desc\">\u2022 Kaapin rungot ovat paketoitu kaappikohtaisesti aaltopahvipakkaukseen. Pakkauksessa mukana tarkat kasausohjeet.<\/div>\n<p>&nbsp;<\/p>\n<p><strong>Hinta ei sis\u00e4ll\u00e4:<\/strong><\/p>\n<p>\u2013 ovia&amp;saranoita<\/p>\n<p>\u2013 hyllyj\u00e4<\/p>\n","protected":false},"featured_media":362,"comment_status":"open","ping_status":"closed","template":"","meta":[],"product_brand":[],"product_cat":[59],"product_tag":[64],"class_list":{"0":"post-379","1":"product","2":"type-product","3":"status-publish","4":"has-post-thumbnail","6":"product_cat-mikrokaapit","7":"product_tag-mikrokaapit","9":"first","10":"instock","11":"taxable","12":"shipping-taxable","13":"purchasable","14":"product-type-variable"},"_links":{"self":[{"href":"https:\/\/www.otiumhome.fi\/index.php\/wp-json\/wp\/v2\/product\/379","targetHints":{"allow":["GET"]}}],"collection":[{"href":"https:\/\/www.otiumhome.fi\/index.php\/wp-json\/wp\/v2\/product"}],"about":[{"href":"https:\/\/www.otiumhome.fi\/index.php\/wp-json\/wp\/v2\/types\/product"}],"replies":[{"embeddable":true,"href":"https:\/\/www.otiumhome.fi\/index.php\/wp-json\/wp\/v2\/comments?post=379"}],"wp:featuredmedia":[{"embeddable":true,"href":"https:\/\/www.otiumhome.fi\/index.php\/wp-json\/wp\/v2\/media\/362"}],"wp:attachment":[{"href":"https:\/\/www.otiumhome.fi\/index.php\/wp-json\/wp\/v2\/media?parent=379"}],"wp:term":[{"taxonomy":"product_brand","embeddable":true,"href":"https:\/\/www.otiumhome.fi\/index.php\/wp-json\/wp\/v2\/product_brand?post=379"},{"taxonomy":"product_cat","embeddable":true,"href":"https:\/\/www.otiumhome.fi\/index.php\/wp-json\/wp\/v2\/product_cat?post=379"},{"taxonomy":"product_tag","embeddable":true,"href":"https:\/\/www.otiumhome.fi\/index.php\/wp-json\/wp\/v2\/product_tag?post=379"}],"curies":[{"name":"wp","href":"https:\/\/api.w.org\/{rel}","templated":true}]}}