{"id":37820,"date":"2024-12-06T16:11:42","date_gmt":"2024-12-06T16:11:42","guid":{"rendered":"https:\/\/www.otiumhome.fi\/?p=37820"},"modified":"2024-12-08T13:15:32","modified_gmt":"2024-12-08T13:15:32","slug":"vidaxl-kaarevat-kivikorit-12-kpl-200x50x60-80-cm-galvanoitu-rauta-2","status":"publish","type":"product","link":"https:\/\/www.otiumhome.fi\/index.php\/tuote\/vidaxl-kaarevat-kivikorit-12-kpl-200x50x60-80-cm-galvanoitu-rauta-2\/","title":{"rendered":"vidaXL Kaarevat kivikorit 12 kpl 200x50x60\/80 cm galvanoitu rauta"},"content":{"rendered":"<p>N\u00e4m\u00e4 k\u00e4tev\u00e4t kivikorit on suunniteltu erityisesti koristeelliseksi sek\u00e4 \u00e4\u00e4nt\u00e4 erist\u00e4v\u00e4ksi puutarhan muuriksi.<\/p>\n<\/p>\n<ul>\n<li> Kest\u00e4v\u00e4 materiaali: Se on valmistettu korroosionkest\u00e4v\u00e4st\u00e4 galvanoidusta raudasta vakauden ja kest\u00e4vyyden takaamiseksi. Kivikori, jonka lankojen halkaisija on 3,5 mm, koristaa varmasti pihaasi kaikkina vuodenaikoina. <\/li>\n<li>Vakaa rakenne: Kaareva kivikorih\u00e4kki on suunniteltu kivill\u00e4 tai soralla t\u00e4ytett\u00e4v\u00e4ksi vakaata rakennetta varten. <\/li>\n<li>Laaja k\u00e4ytt\u00f6: Voit asettaa t\u00e4m\u00e4n kivikori sein\u00e4m\u00e4n mihin tahansa paikkaan, jossa tarvitset sateen- ja tuulensuojaa. Voit sijoittaa sen my\u00f6s taka- tai etupihalle, tai terassille koristeellisen lis\u00e4n tuomiseksi ulkotiloihisi. <\/li>\n<li>Vahvistetut gabion-koukut: Mukana tulevat vahvistetut gabion-koukut yhdist\u00e4v\u00e4t vastakkaiset lankapaneelit tiukasti yhteen, jotta kivih\u00e4kin tukisein\u00e4 voi s\u00e4ilytt\u00e4\u00e4 muotonsa my\u00f6s kivell\u00e4 tai muilla materiaaleilla t\u00e4ytettyn\u00e4. <\/li>\n<li>K\u00e4tev\u00e4 k\u00e4ytt\u00f6: Kun kokoonpano on valmis, sinun tarvitsee vain t\u00e4ytt\u00e4\u00e4 kori kivill\u00e4 v\u00e4lit\u00f6nt\u00e4 k\u00e4ytt\u00f6\u00e4 varten. Se voidaan t\u00e4ytt\u00e4\u00e4 luonnonmateriaaleilla, kuten betonilla, hiekkakivell\u00e4 ja v\u00e4rillisill\u00e4 kivill\u00e4.<\/li>\n<\/ul>\n<p>Hyv\u00e4 tiet\u00e4\u00e4:<\/p>\n<ul>\n<li>Jotta kokoaminen olisi mahdollisimman helppoa, jokainen tuote toimitetaan ohjekirjan kanssa. <\/li>\n<li>Kivet eiv\u00e4t sis\u00e4lly toimitukseen.<\/li>\n<\/ul>\n<ul>\n<li>V\u00e4ri: hopea<\/li>\n<li>Materiaali: galvanoitu rauta<\/li>\n<li>Mitat: 200 x 50 x 60\/80 cm (P x L x K)<\/li>\n<li>Silm\u00e4koko: 5 x 10 cm (P x L)<\/li>\n<li>Vaijerin halkaisija: 3,5 mm<\/li>\n<li><strong>Toimitus sis\u00e4lt\u00e4\u00e4:<\/strong><\/li>\n<li>12 x kivikori<\/li>\n<\/ul>\n<p> Huomio! Metallivaijerit voivat olla ter\u00e4vi\u00e4 ja ter\u00e4v\u00e4reunaisia! K\u00e4yt\u00e4 asennuksen aikana turvakenki\u00e4 ja suojahanskoja!<\/p>\n","protected":false},"excerpt":{"rendered":"<ul>\n<li>V\u00e4ri: hopea<\/li>\n<li>Materiaali: galvanoitu rauta<\/li>\n<li>Mitat: 200 x 50 x 60\/80 cm (P x L x K)<\/li>\n<li>Silm\u00e4koko: 5 x 10 cm (P x L)<\/li>\n<li>Vaijerin halkaisija: 3,5 mm<\/li>\n<li><strong>Toimitus sis\u00e4lt\u00e4\u00e4:<\/strong><\/li>\n<li>12 x kivikori<\/li>\n<\/ul>\n","protected":false},"featured_media":0,"comment_status":"closed","ping_status":"closed","template":"","meta":[],"product_brand":[],"product_cat":[42],"product_tag":[],"class_list":{"0":"post-37820","1":"product","2":"type-product","3":"status-publish","5":"product_cat-keittiokalusteet","7":"first","8":"instock","9":"taxable","10":"shipping-taxable","11":"product-type-simple"},"_links":{"self":[{"href":"https:\/\/www.otiumhome.fi\/index.php\/wp-json\/wp\/v2\/product\/37820","targetHints":{"allow":["GET"]}}],"collection":[{"href":"https:\/\/www.otiumhome.fi\/index.php\/wp-json\/wp\/v2\/product"}],"about":[{"href":"https:\/\/www.otiumhome.fi\/index.php\/wp-json\/wp\/v2\/types\/product"}],"replies":[{"embeddable":true,"href":"https:\/\/www.otiumhome.fi\/index.php\/wp-json\/wp\/v2\/comments?post=37820"}],"wp:attachment":[{"href":"https:\/\/www.otiumhome.fi\/index.php\/wp-json\/wp\/v2\/media?parent=37820"}],"wp:term":[{"taxonomy":"product_brand","embeddable":true,"href":"https:\/\/www.otiumhome.fi\/index.php\/wp-json\/wp\/v2\/product_brand?post=37820"},{"taxonomy":"product_cat","embeddable":true,"href":"https:\/\/www.otiumhome.fi\/index.php\/wp-json\/wp\/v2\/product_cat?post=37820"},{"taxonomy":"product_tag","embeddable":true,"href":"https:\/\/www.otiumhome.fi\/index.php\/wp-json\/wp\/v2\/product_tag?post=37820"}],"curies":[{"name":"wp","href":"https:\/\/api.w.org\/{rel}","templated":true}]}}