{"id":355,"date":"2024-09-30T10:57:14","date_gmt":"2024-09-30T10:57:14","guid":{"rendered":"https:\/\/www.otiumhome.fi\/?post_type=product&#038;p=355"},"modified":"2024-10-04T06:22:07","modified_gmt":"2024-10-04T06:22:07","slug":"keskikorkeat-kuivauskaapit","status":"publish","type":"product","link":"https:\/\/www.otiumhome.fi\/index.php\/tuote\/keskikorkeat-kuivauskaapit\/","title":{"rendered":"Keskikorkeat kuivauskaapit"},"content":{"rendered":"<p>Kuivauskaapin runko hyllyill\u00e4. Kaapin korkeus 704 mm. Rungot on saatavilla my\u00f6s P3 kosteudenkest\u00e4v\u00e4st\u00e4 valkeasta levyst\u00e4 tai P3 kosteudenkest\u00e4vist\u00e4 v\u00e4rillisest\u00e4 levyst\u00e4. V\u00e4rein\u00e4 tammi, musta ja kolme eri harmaan s\u00e4vy\u00e4. Pyyd\u00e4 n\u00e4ist\u00e4 tarjous l\u00e4hett\u00e4m\u00e4ll\u00e4 s\u00e4hk\u00f6postia myynti@otiumhome.fi. Mik\u00e4li haluat kaapit kasattuna niin pyyd\u00e4 siit\u00e4 tarjous !<\/p>\n","protected":false},"excerpt":{"rendered":"<p>Kuivauskaapin runko hyllyill\u00e4. Kaapin korkeus 704 mm. Rungot on saatavilla my\u00f6s P3 kosteudenkest\u00e4v\u00e4st\u00e4 valkeasta levyst\u00e4 tai P3 kosteudenkest\u00e4vist\u00e4 v\u00e4rillisest\u00e4 levyst\u00e4. V\u00e4rein\u00e4 tammi, musta ja kolme eri harmaan s\u00e4vy\u00e4. Pyyd\u00e4 n\u00e4ist\u00e4 tarjous l\u00e4hett\u00e4m\u00e4ll\u00e4 s\u00e4hk\u00f6postia myynti@otiumhome.fi. Mik\u00e4li haluat kaapit kasattuna niin pyyd\u00e4 siit\u00e4 tarjous !<\/p>\n","protected":false},"featured_media":356,"comment_status":"open","ping_status":"closed","template":"","meta":[],"product_brand":[],"product_cat":[42],"product_tag":[65],"class_list":{"0":"post-355","1":"product","2":"type-product","3":"status-publish","4":"has-post-thumbnail","6":"product_cat-keittiokalusteet","7":"product_tag-kuivauskaappi","9":"first","10":"instock","11":"taxable","12":"shipping-taxable","13":"product-type-variable"},"_links":{"self":[{"href":"https:\/\/www.otiumhome.fi\/index.php\/wp-json\/wp\/v2\/product\/355","targetHints":{"allow":["GET"]}}],"collection":[{"href":"https:\/\/www.otiumhome.fi\/index.php\/wp-json\/wp\/v2\/product"}],"about":[{"href":"https:\/\/www.otiumhome.fi\/index.php\/wp-json\/wp\/v2\/types\/product"}],"replies":[{"embeddable":true,"href":"https:\/\/www.otiumhome.fi\/index.php\/wp-json\/wp\/v2\/comments?post=355"}],"wp:featuredmedia":[{"embeddable":true,"href":"https:\/\/www.otiumhome.fi\/index.php\/wp-json\/wp\/v2\/media\/356"}],"wp:attachment":[{"href":"https:\/\/www.otiumhome.fi\/index.php\/wp-json\/wp\/v2\/media?parent=355"}],"wp:term":[{"taxonomy":"product_brand","embeddable":true,"href":"https:\/\/www.otiumhome.fi\/index.php\/wp-json\/wp\/v2\/product_brand?post=355"},{"taxonomy":"product_cat","embeddable":true,"href":"https:\/\/www.otiumhome.fi\/index.php\/wp-json\/wp\/v2\/product_cat?post=355"},{"taxonomy":"product_tag","embeddable":true,"href":"https:\/\/www.otiumhome.fi\/index.php\/wp-json\/wp\/v2\/product_tag?post=355"}],"curies":[{"name":"wp","href":"https:\/\/api.w.org\/{rel}","templated":true}]}}