{"id":32680,"date":"2024-12-06T13:45:14","date_gmt":"2024-12-06T13:45:14","guid":{"rendered":"https:\/\/www.otiumhome.fi\/?p=32680"},"modified":"2024-12-09T03:33:41","modified_gmt":"2024-12-09T03:33:41","slug":"vidaxl-keittion-roiskesuojat-2-kpl-lapinakyva-70x50-cm-karkaistu-lasi","status":"publish","type":"product","link":"https:\/\/www.otiumhome.fi\/index.php\/tuote\/vidaxl-keittion-roiskesuojat-2-kpl-lapinakyva-70x50-cm-karkaistu-lasi\/","title":{"rendered":"vidaXL Keitti\u00f6n roiskesuojat 2 kpl l\u00e4pin\u00e4kyv\u00e4 70&#215;50 cm karkaistu lasi"},"content":{"rendered":"<p>Karkaistusta lasista valmistetut keitti\u00f6n roiskesuojat toimivat luotettavana roiskesuojana ja ovat k\u00e4yt\u00e4nn\u00f6llinen ja koristeellinen lis\u00e4 keitti\u00f6n sisustukseen.<\/p>\n<\/p>\n<ul>\n<li>Luja ja turvallinen materiaali: Keitti\u00f6n roiskesuoja on valmistettu lujasta ja kest\u00e4v\u00e4st\u00e4 karkaistusta lasista, joka on iskunkest\u00e4v\u00e4 ja se kest\u00e4\u00e4 korkeita l\u00e4mp\u00f6tiloja jopa 240 \u2103 asti.<\/li>\n<li>Helppo puhdistaa: Roiskesuojan pinnalla oleva p\u00f6ly ja rasvainen lika voidaan poistaa helposti kostealla liinalla.<\/li>\n<li>Helppo asentaa: Mukana tulevien asennusmateriaalien avulla, voit asentaa ja kiinnitt\u00e4\u00e4 keitti\u00f6n roiskesuojan helposti ja turvallisesti.<\/li>\n<\/ul>\n<p>Hyv\u00e4 tiet\u00e4\u00e4:<\/p>\n<ul>\n<li>Lasi on testattu 240 asteessa. Emme suosittele k\u00e4ytett\u00e4v\u00e4n avoimen kaasulieden kanssa.<\/li>\n<\/ul>\n<ul>\n<li>V\u00e4ri: L\u00e4pin\u00e4kyv\u00e4<\/li>\n<li>Materiaali: karkaistu lasi<\/li>\n<li>Mitat: 70 x 50 cm (P x L)<\/li>\n<li>Paksuus: 6 mm<\/li>\n<li>Helppo puhdistaa<\/li>\n<li>Suojaa rasvaroiskeilta<\/li>\n<li>Asennusmateriaalit sis\u00e4ltyv\u00e4t toimitukseen<\/li>\n<li><strong>Toimitus sis\u00e4lt\u00e4\u00e4:<\/strong><\/li>\n<li>2 x Keitti\u00f6n roiskesuoja<\/li>\n<\/ul>\n","protected":false},"excerpt":{"rendered":"<ul>\n<li>V\u00e4ri: L\u00e4pin\u00e4kyv\u00e4<\/li>\n<li>Materiaali: karkaistu lasi<\/li>\n<li>Mitat: 70 x 50 cm (P x L)<\/li>\n<li>Paksuus: 6 mm<\/li>\n<li>Helppo puhdistaa<\/li>\n<li>Suojaa rasvaroiskeilta<\/li>\n<li>Asennusmateriaalit sis\u00e4ltyv\u00e4t toimitukseen<\/li>\n<li><strong>Toimitus sis\u00e4lt\u00e4\u00e4:<\/strong><\/li>\n<li>2 x Keitti\u00f6n roiskesuoja<\/li>\n<\/ul>\n","protected":false},"featured_media":0,"comment_status":"closed","ping_status":"closed","template":"","meta":[],"product_brand":[],"product_cat":[42],"product_tag":[],"class_list":{"0":"post-32680","1":"product","2":"type-product","3":"status-publish","5":"product_cat-keittiokalusteet","7":"first","8":"instock","9":"taxable","10":"shipping-taxable","11":"purchasable","12":"product-type-simple"},"_links":{"self":[{"href":"https:\/\/www.otiumhome.fi\/index.php\/wp-json\/wp\/v2\/product\/32680","targetHints":{"allow":["GET"]}}],"collection":[{"href":"https:\/\/www.otiumhome.fi\/index.php\/wp-json\/wp\/v2\/product"}],"about":[{"href":"https:\/\/www.otiumhome.fi\/index.php\/wp-json\/wp\/v2\/types\/product"}],"replies":[{"embeddable":true,"href":"https:\/\/www.otiumhome.fi\/index.php\/wp-json\/wp\/v2\/comments?post=32680"}],"wp:attachment":[{"href":"https:\/\/www.otiumhome.fi\/index.php\/wp-json\/wp\/v2\/media?parent=32680"}],"wp:term":[{"taxonomy":"product_brand","embeddable":true,"href":"https:\/\/www.otiumhome.fi\/index.php\/wp-json\/wp\/v2\/product_brand?post=32680"},{"taxonomy":"product_cat","embeddable":true,"href":"https:\/\/www.otiumhome.fi\/index.php\/wp-json\/wp\/v2\/product_cat?post=32680"},{"taxonomy":"product_tag","embeddable":true,"href":"https:\/\/www.otiumhome.fi\/index.php\/wp-json\/wp\/v2\/product_tag?post=32680"}],"curies":[{"name":"wp","href":"https:\/\/api.w.org\/{rel}","templated":true}]}}