{"id":213,"date":"2024-09-27T08:40:23","date_gmt":"2024-09-27T08:40:23","guid":{"rendered":"https:\/\/www.otiumhome.fi\/?post_type=product&#038;p=213"},"modified":"2024-09-27T09:07:26","modified_gmt":"2024-09-27T09:07:26","slug":"uunikaappi-710","status":"publish","type":"product","link":"https:\/\/www.otiumhome.fi\/index.php\/tuote\/uunikaappi-710\/","title":{"rendered":"Uunikaappi 710"},"content":{"rendered":"<p>Uunikaapin runko, korkeus 710 mm ilman sokkelia. Alumiininen etusidelista<\/p>\n<p class=\"yagendoo_vm_fly1_desc\"><strong>Tekniset tiedot:<\/strong><\/p>\n<div class=\"yagendoo_vm_fly1_desc\">\u2022 Kaapin rungot ovat valmistettu 16 mm valkoisella melamiinilla pinnoitetusta lastulevyst\u00e4. Levyn laatuluokitus on E1.<\/div>\n<p class=\"yagendoo_vm_fly1_desc\">\u2022 Taustalevyn pintas\u00e4vy on valkoinen.<\/p>\n<div class=\"yagendoo_vm_fly1_desc\">\u2022 Kaapin rungon kaikki n\u00e4kyv\u00e4t reunat ovat ymp\u00e4riins\u00e4 nauhoitettu reunanauhalla.<\/div>\n<p class=\"yagendoo_vm_fly1_desc\">\u2022 Kaapin rungon kasaus tapahtuu poratapeilla ja kasausruuveilla. Kasaus ei vaadi liiman k\u00e4ytt\u00f6\u00e4.<\/p>\n<div class=\"yagendoo_vm_fly1_desc\">\u2022 Sokkelijalkojen kiinnityst\u00e4 varten on pohjissa reij\u00e4t.<\/div>\n<p class=\"yagendoo_vm_fly1_desc\">\u2022 Sokkelijalka: kierr\u00e4tett\u00e4v\u00e4\u00e4 muovia<\/p>\n<p class=\"yagendoo_vm_fly1_desc\">\u00a0&#8211; s\u00e4\u00e4t\u00f6varat: 100 mm -&gt; 95 &#8211; 115 mm<\/p>\n<p class=\"yagendoo_vm_fly1_desc\">\u00a0 \u00a0 \u00a0 \u00a0 \u00a0 \u00a0 \u00a0 \u00a0 \u00a0 \u00a0 \u00a0 \u00a0 \u00a0 \u00a0 150 mm -&gt; 145 &#8211; 165 mm<\/p>\n<p class=\"yagendoo_vm_fly1_desc\">\u2022 Kaapin sivuporauksissa l\u00f6ytyy reij\u00e4t saranan aluslevyille, eri toimittajien metallilaatikoille ja profiililaatikoille.<\/p>\n<div class=\"yagendoo_vm_fly1_desc\">\u2022 Kaapin rungot ovat paketoitu kaappikohtaisesti aaltopahvipakkaukseen. Pakkauksessa mukana tarkat kasausohjeet.<\/div>\n<p>&nbsp;<\/p>\n<p><strong>Hinta ei sis\u00e4ll\u00e4:<\/strong><\/p>\n<p>&#8211; sokkelijalkoja, sokkelilevy\u00e4, hyllyj\u00e4, ovia&amp;saranoita<\/p>\n<p>&nbsp;<\/p>\n","protected":false},"excerpt":{"rendered":"<p>Uunikaapin runko ilman sokkelia. Kaapin korkeus 710 mm. Rungot on saatavilla my\u00f6s P3 kosteudenkest\u00e4v\u00e4st\u00e4 valkeasta levyst\u00e4 tai P3 kosteudenkest\u00e4vist\u00e4 v\u00e4rillisest\u00e4 levyst\u00e4. V\u00e4rein\u00e4 tammi, musta ja kolme eri harmaan s\u00e4vy\u00e4. Pyyd\u00e4 n\u00e4ist\u00e4 tarjous l\u00e4hett\u00e4m\u00e4ll\u00e4 s\u00e4hk\u00f6postia myynti@otiumhome.fi. Mik\u00e4li haluat kaapit kasattuna niin pyyd\u00e4 siit\u00e4 tarjous !<\/p>\n","protected":false},"featured_media":225,"comment_status":"closed","ping_status":"closed","template":"","meta":[],"product_brand":[],"product_cat":[43],"product_tag":[44],"class_list":{"0":"post-213","1":"product","2":"type-product","3":"status-publish","4":"has-post-thumbnail","6":"product_cat-alakaapit-ilman-sokkelia","7":"product_tag-alakaappi","9":"first","10":"instock","11":"taxable","12":"shipping-taxable","13":"purchasable","14":"product-type-simple"},"_links":{"self":[{"href":"https:\/\/www.otiumhome.fi\/index.php\/wp-json\/wp\/v2\/product\/213","targetHints":{"allow":["GET"]}}],"collection":[{"href":"https:\/\/www.otiumhome.fi\/index.php\/wp-json\/wp\/v2\/product"}],"about":[{"href":"https:\/\/www.otiumhome.fi\/index.php\/wp-json\/wp\/v2\/types\/product"}],"replies":[{"embeddable":true,"href":"https:\/\/www.otiumhome.fi\/index.php\/wp-json\/wp\/v2\/comments?post=213"}],"wp:featuredmedia":[{"embeddable":true,"href":"https:\/\/www.otiumhome.fi\/index.php\/wp-json\/wp\/v2\/media\/225"}],"wp:attachment":[{"href":"https:\/\/www.otiumhome.fi\/index.php\/wp-json\/wp\/v2\/media?parent=213"}],"wp:term":[{"taxonomy":"product_brand","embeddable":true,"href":"https:\/\/www.otiumhome.fi\/index.php\/wp-json\/wp\/v2\/product_brand?post=213"},{"taxonomy":"product_cat","embeddable":true,"href":"https:\/\/www.otiumhome.fi\/index.php\/wp-json\/wp\/v2\/product_cat?post=213"},{"taxonomy":"product_tag","embeddable":true,"href":"https:\/\/www.otiumhome.fi\/index.php\/wp-json\/wp\/v2\/product_tag?post=213"}],"curies":[{"name":"wp","href":"https:\/\/api.w.org\/{rel}","templated":true}]}}