{"id":204899,"date":"2026-01-16T10:28:38","date_gmt":"2026-01-16T10:28:38","guid":{"rendered":"https:\/\/www.otiumhome.fi\/?p=204899"},"modified":"2026-01-16T10:34:46","modified_gmt":"2026-01-16T10:34:46","slug":"ruokatuolit-2-pcs-vaaleanruskea-46-x-37-x-63-cm","status":"vdl_in_progress","type":"product","link":"https:\/\/www.otiumhome.fi\/index.php\/tuote\/ruokatuolit-2-pcs-vaaleanruskea-46-x-37-x-63-cm\/","title":{"rendered":"Ruokatuolit 2 pcs Vaaleanruskea 46 x 37 x 63 cm"},"content":{"rendered":"<p>N\u00e4m\u00e4 keitti\u00f6n tuolit ovat sek\u00e4 toimivia ett\u00e4 tyylikk\u00e4it\u00e4, ja ne tuovat modernin designin, jossa yhdistyy yksinkertaisuus ja k\u00e4yt\u00e4nn\u00f6llisyys. Ihanteellinen valinta mihin tahansa ruokasaliin, ne tarjoavat mukavan istumapaikan. Yksinkertainen ja minimalistinen tyyli yhdistettyn\u00e4 tukevuuteen luo kutsuvan ymp\u00e4rist\u00f6n aterioille ja keskusteluille perheen ja yst\u00e4vien kanssa.<\/p>\n<ul>\n<li><b>Massiivipuinen kumipuu:<\/b> N\u00e4m\u00e4 tuolit on valmistettu laadukkaasta massiivikumipuusta, joka takaa kest\u00e4vyytt\u00e4 ja mukavuutta. Materiaali varmistaa, ett\u00e4 tuolit ovat sek\u00e4 vankkoja ett\u00e4 kauniita, luoden luonnollisen ilmeen, joka sopii erilaisiin keitti\u00f6ihin ja ruokasaleihin.<\/li>\n<li><b>Kapeat jalat:<\/b> Tuolien tyylikk\u00e4\u00e4t jalat tarjoavat hienostuneen ilmeen. Puhtaat linjat korostavat modernin muotoilun vaikutusta ja tekev\u00e4t niist\u00e4 ajattoman lis\u00e4n ruokailutilaasi.<\/li>\n<li><b>Talvik\u00e4ytt\u00f6:<\/b> N\u00e4m\u00e4 tuolit lis\u00e4\u00e4v\u00e4t mukavuutta ja l\u00e4mp\u00f6\u00e4 sis\u00e4tiloihin talvella, luoden kutsuvan tunnelman kylmiin kuukausiin.<\/li>\n<li><b>Kaksinkertainen toimitus:<\/b> Tuolit toimitetaan kahden setiss\u00e4, joka t\u00e4ydent\u00e4\u00e4 hienosti ruokailutilasi. Ne ovat yhteensopivia niin muotoilultaan kuin rakenteeltaan, mik\u00e4 tekee niiden sijoittamisesta helppoa.<\/li>\n<li><b>Helppohoitoinen:<\/b> Tuolien hoito on vaivatonta. Pyyhi ne s\u00e4\u00e4nn\u00f6llisesti kostealla liinalla, jotta ne pysyv\u00e4t siistein\u00e4 ja n\u00e4ttin\u00e4. Laadukas rakentaminen takaa pitk\u00e4n k\u00e4ytt\u00f6i\u00e4n.<\/li>\n<\/ul>\n<p><strong>T\u00e4rke\u00e4\u00e4 tiet\u00e4\u00e4:<\/strong><\/p>\n<ul>\n<li>Enimm\u00e4ispaino 110 kg per paikka.<\/li>\n<\/ul>\n<ul>\n<li>V\u00e4ri: Vaaleanruskea<\/li>\n<li>Materiaali: Kest\u00e4v\u00e4 kumipuinen<\/li>\n<li>Kehysmateriaali: T\u00e4ysi kumipuu<\/li>\n<li>Jalat materiaali: T\u00e4ysi kumipuu<\/li>\n<li>Yleiset mitat: 46 x 37 x 63 cm (P x L x K)<\/li>\n<li>Istuimen korkeus maasta: 60 cm<\/li>\n<li>Enimm\u00e4ispaino: 110 kg per istuin<\/li>\n<li>Kest\u00e4v\u00e4<\/li>\n<li>Kokoonpano vaaditaan: Kyll\u00e4<\/li>\n<li>Toimitus-:<\/li>\n<li>2 x Ruokailutuolia<\/li>\n<\/ul>\n","protected":false},"excerpt":{"rendered":"<ul>\n<li>V\u00e4ri: Vaaleanruskea<\/li>\n<li>Materiaali: Kest\u00e4v\u00e4 kumipuinen<\/li>\n<li>Kehysmateriaali: T\u00e4ysi kumipuu<\/li>\n<li>Jalat materiaali: T\u00e4ysi kumipuu<\/li>\n<li>Yleiset mitat: 46 x 37 x 63 cm (P x L x K)<\/li>\n<li>Istuimen korkeus maasta: 60 cm<\/li>\n<li>Enimm\u00e4ispaino: 110 kg per istuin<\/li>\n<li>Kest\u00e4v\u00e4<\/li>\n<li>Kokoonpano vaaditaan: Kyll\u00e4<\/li>\n<li>Toimitus-:<\/li>\n<li>2 x Ruokailutuolia<\/li>\n<\/ul>\n","protected":false},"featured_media":100000204899,"comment_status":"closed","ping_status":"closed","template":"","meta":[],"product_brand":[],"product_cat":[84,8542],"product_tag":[],"class_list":{"0":"post-204899","1":"product","2":"type-product","3":"status-vdl_in_progress","4":"has-post-thumbnail","6":"product_cat-huonekalut","7":"product_cat-keittion-ruokapoydan-tuolit","9":"first","10":"instock","11":"taxable","12":"shipping-taxable","13":"product-type-simple"},"_links":{"self":[{"href":"https:\/\/www.otiumhome.fi\/index.php\/wp-json\/wp\/v2\/product\/204899","targetHints":{"allow":["GET"]}}],"collection":[{"href":"https:\/\/www.otiumhome.fi\/index.php\/wp-json\/wp\/v2\/product"}],"about":[{"href":"https:\/\/www.otiumhome.fi\/index.php\/wp-json\/wp\/v2\/types\/product"}],"replies":[{"embeddable":true,"href":"https:\/\/www.otiumhome.fi\/index.php\/wp-json\/wp\/v2\/comments?post=204899"}],"wp:featuredmedia":[{"embeddable":true,"href":"https:\/\/www.otiumhome.fi\/index.php\/wp-json\/"}],"wp:attachment":[{"href":"https:\/\/www.otiumhome.fi\/index.php\/wp-json\/wp\/v2\/media?parent=204899"}],"wp:term":[{"taxonomy":"product_brand","embeddable":true,"href":"https:\/\/www.otiumhome.fi\/index.php\/wp-json\/wp\/v2\/product_brand?post=204899"},{"taxonomy":"product_cat","embeddable":true,"href":"https:\/\/www.otiumhome.fi\/index.php\/wp-json\/wp\/v2\/product_cat?post=204899"},{"taxonomy":"product_tag","embeddable":true,"href":"https:\/\/www.otiumhome.fi\/index.php\/wp-json\/wp\/v2\/product_tag?post=204899"}],"curies":[{"name":"wp","href":"https:\/\/api.w.org\/{rel}","templated":true}]}}