{"id":204897,"date":"2026-01-16T10:23:38","date_gmt":"2026-01-16T10:23:38","guid":{"rendered":"https:\/\/www.otiumhome.fi\/?p=204897"},"modified":"2026-01-16T10:28:34","modified_gmt":"2026-01-16T10:28:34","slug":"ruokatuolit-2-pcs-valkoinen-43-x-54-x-89-cm-kestava-kumipuinen","status":"vdl_in_progress","type":"product","link":"https:\/\/www.otiumhome.fi\/index.php\/tuote\/ruokatuolit-2-pcs-valkoinen-43-x-54-x-89-cm-kestava-kumipuinen\/","title":{"rendered":"Ruokatuolit 2 pcs Valkoinen 43 x 54 x 89 cm Kest\u00e4v\u00e4 Kumipuinen"},"content":{"rendered":"<p>T\u00e4m\u00e4 ruokatuolisarja tuo esiin modernin ja kansallisromanttisen tyylin, joka sopii minimalismiin. Ne sopivat hyvin monenlaisten ruokap\u00f6ytien kaveriksi, ja niiden selke\u00e4t linjat tuovat esiin k\u00e4yt\u00e4nn\u00f6llisyyden yhdistettyn\u00e4 tyylikkyyteen. Jos etsii hienostunutta tunnelmaa ruokasalissa, t\u00e4m\u00e4 sarja on houkutteleva sen hienon muotoilun ja vakaan rakenteen ansiosta. Olipa sitten perheillallinen tai vieraan vastaanotto, tuolit tarjoavat mukavaa tukea ja kauniin ilmeen.<\/p>\n<ul>\n<li><b>Moderni kumipuukehys<\/b> N\u00e4m\u00e4 tuolit ovat t\u00e4ysin kumipuusta, joten ne ovat kest\u00e4vi\u00e4 ja kauniita. Puun l\u00e4mpim\u00e4t s\u00e4vyt t\u00e4ydent\u00e4v\u00e4t monia ruokasaliteemoja ja lis\u00e4\u00e4v\u00e4t tyyli\u00e4, joka kest\u00e4\u00e4 p\u00e4ivitt\u00e4isess\u00e4 k\u00e4yt\u00f6ss\u00e4.<\/li>\n<li><b>Ergonominen selk\u00e4noja<\/b> Selk\u00e4nojat ovat hienostuneesti viimeisteltyj\u00e4, parantaen ruokailuel\u00e4myst\u00e4. Hyv\u00e4 muotoilu takaa mukavantuntuisen istuimen siksi ne on hyvi\u00e4 pitkille illallisille ja sosiaalisille tilaisuuksille.<\/li>\n<li><b>Yksinkertaiset neli\u00f6jalat<\/b> N\u00e4m\u00e4 jalkat yhdist\u00e4v\u00e4t modernin muotoilun minimalistisiin piirteisiin. Puhdas muotoilu ja vakaa rakenne tekev\u00e4t niist\u00e4 luotettavat istuimet samalla kun ne n\u00e4ytt\u00e4v\u00e4t hyv\u00e4lt\u00e4.<\/li>\n<li><b>Monipuolisuus<\/b> N\u00e4m\u00e4 tuolit sopivat ruokasaleihin, mutta voivat my\u00f6s toimia lis\u00e4istumapaikkoina muissa kodin osissa. Niiden yksinkertainen muotoilu onnistuu sulautumaan erilaisiin ymp\u00e4rist\u00f6ihin, olipa kyseess\u00e4 keitti\u00f6 tai olohuone.<\/li>\n<li><b>Helppo huolto<\/b> Puhdistus on helppoa: riitt\u00e4\u00e4, ett\u00e4 pyyhk\u00e4iset ne kostealla liinalla. T\u00e4m\u00e4 tekee niist\u00e4 k\u00e4yt\u00e4nn\u00f6llisi\u00e4 ja pitk\u00e4ik\u00e4isi\u00e4 valintoja, jotka eiv\u00e4t vie liikaa aikaa huoltoon.<\/li>\n<\/ul>\n<p><strong>T\u00e4rke\u00e4\u00e4 tiet\u00e4\u00e4:<\/strong><\/p>\n<ul>\n<li>Enimm\u00e4ispaino 110 kg per paikka.<\/li>\n<\/ul>\n<ul>\n<li>V\u00e4ri: Valkoinen<\/li>\n<li>Materiaali: Kest\u00e4v\u00e4 kumipuinen<\/li>\n<li>Kehysmateriaali: T\u00e4ysi kumipuu<\/li>\n<li>Jalat materiaali: T\u00e4ysi kumipuu<\/li>\n<li>Yleiset mitat: 43 x 54 x 89 cm (P x L x K)<\/li>\n<li>Enimm\u00e4ispaino: 110 kg per istuin<\/li>\n<li>Kest\u00e4v\u00e4<\/li>\n<li>Kokoonpano vaaditaan: Kyll\u00e4<\/li>\n<li>Toimitus-:<\/li>\n<li>2 x Ruokailutuolia<\/li>\n<\/ul>\n","protected":false},"excerpt":{"rendered":"<ul>\n<li>V\u00e4ri: Valkoinen<\/li>\n<li>Materiaali: Kest\u00e4v\u00e4 kumipuinen<\/li>\n<li>Kehysmateriaali: T\u00e4ysi kumipuu<\/li>\n<li>Jalat materiaali: T\u00e4ysi kumipuu<\/li>\n<li>Yleiset mitat: 43 x 54 x 89 cm (P x L x K)<\/li>\n<li>Enimm\u00e4ispaino: 110 kg per istuin<\/li>\n<li>Kest\u00e4v\u00e4<\/li>\n<li>Kokoonpano vaaditaan: Kyll\u00e4<\/li>\n<li>Toimitus-:<\/li>\n<li>2 x Ruokailutuolia<\/li>\n<\/ul>\n","protected":false},"featured_media":100000204897,"comment_status":"closed","ping_status":"closed","template":"","meta":[],"product_brand":[],"product_cat":[84,8542],"product_tag":[],"class_list":{"0":"post-204897","1":"product","2":"type-product","3":"status-vdl_in_progress","4":"has-post-thumbnail","6":"product_cat-huonekalut","7":"product_cat-keittion-ruokapoydan-tuolit","9":"first","10":"instock","11":"taxable","12":"shipping-taxable","13":"product-type-simple"},"_links":{"self":[{"href":"https:\/\/www.otiumhome.fi\/index.php\/wp-json\/wp\/v2\/product\/204897","targetHints":{"allow":["GET"]}}],"collection":[{"href":"https:\/\/www.otiumhome.fi\/index.php\/wp-json\/wp\/v2\/product"}],"about":[{"href":"https:\/\/www.otiumhome.fi\/index.php\/wp-json\/wp\/v2\/types\/product"}],"replies":[{"embeddable":true,"href":"https:\/\/www.otiumhome.fi\/index.php\/wp-json\/wp\/v2\/comments?post=204897"}],"wp:featuredmedia":[{"embeddable":true,"href":"https:\/\/www.otiumhome.fi\/index.php\/wp-json\/"}],"wp:attachment":[{"href":"https:\/\/www.otiumhome.fi\/index.php\/wp-json\/wp\/v2\/media?parent=204897"}],"wp:term":[{"taxonomy":"product_brand","embeddable":true,"href":"https:\/\/www.otiumhome.fi\/index.php\/wp-json\/wp\/v2\/product_brand?post=204897"},{"taxonomy":"product_cat","embeddable":true,"href":"https:\/\/www.otiumhome.fi\/index.php\/wp-json\/wp\/v2\/product_cat?post=204897"},{"taxonomy":"product_tag","embeddable":true,"href":"https:\/\/www.otiumhome.fi\/index.php\/wp-json\/wp\/v2\/product_tag?post=204897"}],"curies":[{"name":"wp","href":"https:\/\/api.w.org\/{rel}","templated":true}]}}