{"id":204889,"date":"2026-01-16T08:46:51","date_gmt":"2026-01-16T08:46:51","guid":{"rendered":"https:\/\/www.otiumhome.fi\/?p=204889"},"modified":"2026-01-17T10:49:42","modified_gmt":"2026-01-17T10:49:42","slug":"vaatekaappi-ovella-vanha-puu-825-x-515-x-180-cm-tekninen-puu","status":"publish","type":"product","link":"https:\/\/www.otiumhome.fi\/index.php\/tuote\/vaatekaappi-ovella-vanha-puu-825-x-515-x-180-cm-tekninen-puu\/","title":{"rendered":"Vaatekaappi ovella Vanha puu 82,5 x 51,5 x 180 cm Tekninen puu"},"content":{"rendered":"<p>T\u00e4m\u00e4 tyylik\u00e4s vaatekaappi tuo tyyli\u00e4 ja k\u00e4yt\u00e4nn\u00f6llisyytt\u00e4 mihin tahansa makuuhuoneeseen. Se on valmistettu teknisest\u00e4 puusta, joka antaa sille kauniin ilmeen ja tukevan tunteen. Kaapin viimeistelty takaisinosa varmistaa, ett\u00e4 se n\u00e4ytt\u00e4\u00e4 hyv\u00e4lt\u00e4 joka puolelta, mik\u00e4 tekee siit\u00e4 t\u00e4ydellisen lis\u00e4n tilaan.<\/p>\n<ul>\n<li><b>Teknisen puun materiaali:<\/b> T\u00e4m\u00e4 kaappi on valmistettu teknisest\u00e4 puusta, joka takaa kest\u00e4vyytt\u00e4 ja luonnollista kauneutta. Sen kaunis rakenne sulautuu muihin materiaaleihin ja tekee makuuhuoneestasi houkuttelevamman. Vankka rakenne takaa pitk\u00e4n k\u00e4ytt\u00f6i\u00e4n.<\/li>\n<li><b>Toiminnalliset osat:<\/b> Kaappi on varustettu levyhyllyill\u00e4 ja saranadoilla, jotka tekev\u00e4t tavaroihisi p\u00e4\u00e4semisest\u00e4 helppoa. Mattapintaiset metallikahvat antavat modernin ilmeen, yhdist\u00e4en k\u00e4yt\u00e4nn\u00f6llisyyden ja muotoilun. Jokainen osa maksimoituu j\u00e4rjestelyyn ilman tilan menett\u00e4mist\u00e4.<\/li>\n<li><b>Runsas s\u00e4ilytystila:<\/b> Se on t\u00e4ydellinen vaatteille, kengille ja asusteille. Runsaat hyllyt ja osastot mahdollistavat j\u00e4rjestyksen yll\u00e4pit\u00e4misen. T\u00e4m\u00e4 kaappi takaa, ett\u00e4 kaikelle on oma paikkansa, mik\u00e4 v\u00e4hent\u00e4\u00e4 sekasortoista tilaa.<\/li>\n<li><b>Monipuolinen rustiikkinen tyyli:<\/b> Rustiikkinen vieh\u00e4tys sopii eri sisustustyyleihin, mukautuen sek\u00e4 perinteiseen ett\u00e4 moderniin tyyliin. Kaapin sopiva eleganssi tekee siit\u00e4 erinomaisen huonekalun l\u00e4hes mihin tahansa huoneeseen.<\/li>\n<li><b>Kokoaminen ja huolto:<\/b> Kaappi toimitetaan selkeiden kokoamisohjeiden kera, ja se vaatii kaksi henkil\u00f6\u00e4. Jos seuraat ohjeita huolellisesti, kokoaminen sujuu helposti.<\/li>\n<\/ul>\n<ul>\n<li>V\u00e4ri: Vanha puu<\/li>\n<li>Materiaali: Tekninen puu<\/li>\n<li>Yleiset mitat: 82,5 x 51,5 x 180 cm (P x L x K)<\/li>\n<li>Paino: 51,8 kg<\/li>\n<li>Runsaasti s\u00e4ilytystilaa<\/li>\n<li>Mukana 2 levyhyllyt<\/li>\n<li>Kehysmateriaali: Tekninen puu<\/li>\n<li>Mukana 2 saranoidut ovet<\/li>\n<li>Vain sis\u00e4k\u00e4ytt\u00f6\u00f6n<\/li>\n<li>Toimitus-:<\/li>\n<li>1 x vaatekaappi<\/li>\n<li>Kokoonpano vaaditaan: Kyll\u00e4<\/li>\n<\/ul>\n","protected":false},"excerpt":{"rendered":"<ul>\n<li>V\u00e4ri: Vanha puu<\/li>\n<li>Materiaali: Tekninen puu<\/li>\n<li>Yleiset mitat: 82,5 x 51,5 x 180 cm (P x L x K)<\/li>\n<li>Paino: 51,8 kg<\/li>\n<li>Runsaasti s\u00e4ilytystilaa<\/li>\n<li>Mukana 2 levyhyllyt<\/li>\n<li>Kehysmateriaali: Tekninen puu<\/li>\n<li>Mukana 2 saranoidut ovet<\/li>\n<li>Vain sis\u00e4k\u00e4ytt\u00f6\u00f6n<\/li>\n<li>Toimitus-:<\/li>\n<li>1 x vaatekaappi<\/li>\n<li>Kokoonpano vaaditaan: Kyll\u00e4<\/li>\n<\/ul>\n","protected":false},"featured_media":100000204889,"comment_status":"closed","ping_status":"closed","template":"","meta":[],"product_brand":[],"product_cat":[84,8539],"product_tag":[],"class_list":{"0":"post-204889","1":"product","2":"type-product","3":"status-publish","4":"has-post-thumbnail","6":"product_cat-huonekalut","7":"product_cat-kaapit-vaatekaapit","9":"first","10":"instock","11":"taxable","12":"shipping-taxable","13":"purchasable","14":"product-type-simple"},"_links":{"self":[{"href":"https:\/\/www.otiumhome.fi\/index.php\/wp-json\/wp\/v2\/product\/204889","targetHints":{"allow":["GET"]}}],"collection":[{"href":"https:\/\/www.otiumhome.fi\/index.php\/wp-json\/wp\/v2\/product"}],"about":[{"href":"https:\/\/www.otiumhome.fi\/index.php\/wp-json\/wp\/v2\/types\/product"}],"replies":[{"embeddable":true,"href":"https:\/\/www.otiumhome.fi\/index.php\/wp-json\/wp\/v2\/comments?post=204889"}],"wp:featuredmedia":[{"embeddable":true,"href":"https:\/\/www.otiumhome.fi\/index.php\/wp-json\/"}],"wp:attachment":[{"href":"https:\/\/www.otiumhome.fi\/index.php\/wp-json\/wp\/v2\/media?parent=204889"}],"wp:term":[{"taxonomy":"product_brand","embeddable":true,"href":"https:\/\/www.otiumhome.fi\/index.php\/wp-json\/wp\/v2\/product_brand?post=204889"},{"taxonomy":"product_cat","embeddable":true,"href":"https:\/\/www.otiumhome.fi\/index.php\/wp-json\/wp\/v2\/product_cat?post=204889"},{"taxonomy":"product_tag","embeddable":true,"href":"https:\/\/www.otiumhome.fi\/index.php\/wp-json\/wp\/v2\/product_tag?post=204889"}],"curies":[{"name":"wp","href":"https:\/\/api.w.org\/{rel}","templated":true}]}}